{"id":2246,"date":"2025-10-13T14:37:47","date_gmt":"2025-10-13T14:37:47","guid":{"rendered":"https:\/\/www.npackpm.com\/?page_id=2246"},"modified":"2025-12-03T12:39:31","modified_gmt":"2025-12-03T12:39:31","slug":"npack-kunde","status":"publish","type":"page","link":"https:\/\/www.npackpm.com\/de\/about-us\/npack-customer","title":{"rendered":"Npack Kunden"},"content":{"rendered":"<div data-elementor-type=\"wp-page\" data-elementor-id=\"2246\" class=\"elementor elementor-2246\" data-elementor-post-type=\"page\">\n\t\t\t\t<div class=\"elementor-element elementor-element-4b9d536 e-flex e-con-boxed e-con e-parent\" data-id=\"4b9d536\" data-element_type=\"container\" data-e-type=\"container\" data-settings=\"{&quot;background_background&quot;:&quot;classic&quot;}\">\n\t\t\t\t\t<div class=\"e-con-inner\">\n\t\t\t\t<div class=\"elementor-element elementor-element-acaf631 elementor-widget elementor-widget-text-editor\" data-id=\"acaf631\" data-element_type=\"widget\" data-e-type=\"widget\" data-widget_type=\"text-editor.default\">\n\t\t\t\t\t\t\t\t\t<p>Shanghai Npack ist global aufgestellt, exportiert in \u00fcber 100 L\u00e4nder und betreut weltweit mehr als 1.000 Kunden. Ob Startup, Kleinbetrieb oder Gro\u00dfkonzern \u2013 wir finden die passende L\u00f6sung f\u00fcr Ihre Produkte.<\/p>\t\t\t\t\t\t\t\t<\/div>\n\t\t\t\t<div class=\"elementor-element elementor-element-20b5fe3 elementor-widget elementor-widget-shortcode\" data-id=\"20b5fe3\" data-element_type=\"widget\" data-e-type=\"widget\" data-widget_type=\"shortcode.default\">\n\t\t\t\t\t\t\t<div class=\"elementor-shortcode\"><\/div>\n\t\t\t\t\t\t<\/div>\n\t\t\t\t\t<\/div>\n\t\t\t\t<\/div>\n\t\t<div class=\"elementor-element elementor-element-8b7b3ed e-flex e-con-boxed e-con e-parent\" data-id=\"8b7b3ed\" data-element_type=\"container\" data-e-type=\"container\">\n\t\t\t\t\t<div class=\"e-con-inner\">\n\t\t<div class=\"elementor-element elementor-element-4052e27 e-con-full e-flex e-con e-child\" data-id=\"4052e27\" data-element_type=\"container\" data-e-type=\"container\">\n\t\t\t\t<div class=\"elementor-element elementor-element-d6e7de0 elementor-widget elementor-widget-heading\" data-id=\"d6e7de0\" data-element_type=\"widget\" data-e-type=\"widget\" data-widget_type=\"heading.default\">\n\t\t\t\t\t<h2 class=\"elementor-heading-title elementor-size-default\">Wer arbeitet mit Shanghai Npack zusammen?\n<\/h2>\t\t\t\t<\/div>\n\t\t\t\t<div class=\"elementor-element elementor-element-2052fe8 elementor-widget-divider--view-line elementor-widget elementor-widget-divider\" data-id=\"2052fe8\" data-element_type=\"widget\" data-e-type=\"widget\" data-widget_type=\"divider.default\">\n\t\t\t\t\t\t\t<div class=\"elementor-divider\">\n\t\t\t<span class=\"elementor-divider-separator\">\n\t\t\t\t\t\t<\/span>\n\t\t<\/div>\n\t\t\t\t\t\t<\/div>\n\t\t\t\t<div class=\"elementor-element elementor-element-01f4660 elementor-widget elementor-widget-text-editor\" data-id=\"01f4660\" data-element_type=\"widget\" data-e-type=\"widget\" data-widget_type=\"text-editor.default\">\n\t\t\t\t\t\t\t\t\t<p>Shanghai Npack mit 13+ Jahren Welthandelserfahrung exportiert Verpackungsanlagen in \u00fcber 100 L\u00e4nder f\u00fcr 1.000+ Kunden. Phase 2012-2015: Fokus auf Afrika, Naher Osten und S\u00fcdasien. Phase 2016-2025: Expansion nach Europa, Nordamerika und Ozeanien f\u00fcr Chemie-, Kosmetik-, Lebensmittel- und Pharmaindustrie. Internationale Marken und chinesische Branchenf\u00fchrer vertrauen unserer Zuverl\u00e4ssigkeit. Arrangieren Vor-Ort-Besuche bei Kunden mit unseren Anlagen f\u00fcr praktische Leistungsdemonstration. Npack ist Ihr verl\u00e4sslicher Partner f\u00fcr Abf\u00fclll\u00f6sungen.<\/p>\t\t\t\t\t\t\t\t<\/div>\n\t\t\t\t<\/div>\n\t\t<div class=\"elementor-element elementor-element-f276830 e-con-full e-flex e-con e-child\" data-id=\"f276830\" data-element_type=\"container\" data-e-type=\"container\">\n\t\t\t\t<div class=\"elementor-element elementor-element-89ab7f3 elementor-widget elementor-widget-html\" data-id=\"89ab7f3\" data-element_type=\"widget\" data-e-type=\"widget\" data-widget_type=\"html.default\">\n\t\t\t\t\t<iframe src=\"https:\/\/www.google.com\/maps\/embed?pb=!1m14!1m8!1m3!1d108930.42572254973!2d121.28581000000001!3d31.439579999999996!3m2!1i1024!2i768!4f13.1!3m3!1m2!1s0x35b215387ed9300b%3A0x60c6104595daff9d!2s2009%20Xupan%20Rd%2C%20Jia%20Ding%20Qu%2C%20Shang%20Hai%20Shi%2C%20China%2C%20201808!5e0!3m2!1sen!2sus!4v1760366960901!5m2!1sen!2sus\" width=\"100%\" height=\"370\" style=\"border:0;\" allowfullscreen=\"\" loading=\"lazy\" referrerpolicy=\"no-referrer-when-downgrade\"><\/iframe>\t\t\t\t<\/div>\n\t\t\t\t<\/div>\n\t\t<div class=\"elementor-element elementor-element-734ca80 e-con-full e-flex e-con e-child\" data-id=\"734ca80\" data-element_type=\"container\" data-e-type=\"container\">\n\t\t\t\t<div class=\"elementor-element elementor-element-8d52782 elementor-widget elementor-widget-gallery\" data-id=\"8d52782\" data-element_type=\"widget\" data-e-type=\"widget\" data-settings=\"{&quot;gallery_layout&quot;:&quot;justified&quot;,&quot;gap&quot;:{&quot;unit&quot;:&quot;px&quot;,&quot;size&quot;:20,&quot;sizes&quot;:[]},&quot;ideal_row_height&quot;:{&quot;unit&quot;:&quot;px&quot;,&quot;size&quot;:280,&quot;sizes&quot;:[]},&quot;lazyload&quot;:&quot;yes&quot;,&quot;ideal_row_height_tablet&quot;:{&quot;unit&quot;:&quot;px&quot;,&quot;size&quot;:150,&quot;sizes&quot;:[]},&quot;ideal_row_height_mobile&quot;:{&quot;unit&quot;:&quot;px&quot;,&quot;size&quot;:150,&quot;sizes&quot;:[]},&quot;gap_tablet&quot;:{&quot;unit&quot;:&quot;px&quot;,&quot;size&quot;:10,&quot;sizes&quot;:[]},&quot;gap_mobile&quot;:{&quot;unit&quot;:&quot;px&quot;,&quot;size&quot;:10,&quot;sizes&quot;:[]},&quot;link_to&quot;:&quot;file&quot;,&quot;overlay_background&quot;:&quot;yes&quot;,&quot;content_hover_animation&quot;:&quot;fade-in&quot;}\" data-widget_type=\"gallery.default\">\n\t\t\t\t\t\t\t<div class=\"elementor-gallery__container\">\n\t\t\t\t\t\t\t<a class=\"e-gallery-item elementor-gallery-item elementor-animated-content\" href=\"https:\/\/www.npackpm.com\/wp-content\/uploads\/2025\/10\/2025101314570469.webp\" data-elementor-open-lightbox=\"yes\" data-elementor-lightbox-slideshow=\"8d52782\" data-elementor-lightbox-title=\"2025101314570469\" data-e-action-hash=\"#elementor-action%3Aaction%3Dlightbox%26settings%3DeyJpZCI6MjI4OCwidXJsIjoiaHR0cHM6XC9cL3d3dy5ucGFja3BtLmNvbVwvd3AtY29udGVudFwvdXBsb2Fkc1wvMjAyNVwvMTBcLzIwMjUxMDEzMTQ1NzA0Njkud2VicCIsInNsaWRlc2hvdyI6IjhkNTI3ODIifQ%3D%3D\">\n\t\t\t\t\t<div class=\"e-gallery-image elementor-gallery-item__image\" data-thumbnail=\"https:\/\/www.npackpm.com\/wp-content\/uploads\/2025\/10\/2025101314570469.webp\" data-width=\"928\" data-height=\"1024\" aria-label=\"\" role=\"img\" ><\/div>\n\t\t\t\t\t\t\t\t\t\t\t<div class=\"elementor-gallery-item__overlay\"><\/div>\n\t\t\t\t\t\t\t\t\t\t\t\t\t\t<\/a>\n\t\t\t\t\t\t\t<a class=\"e-gallery-item elementor-gallery-item elementor-animated-content\" href=\"https:\/\/www.npackpm.com\/wp-content\/uploads\/2025\/10\/2025101314570537.webp\" data-elementor-open-lightbox=\"yes\" data-elementor-lightbox-slideshow=\"8d52782\" data-elementor-lightbox-title=\"2025101314570537\" data-e-action-hash=\"#elementor-action%3Aaction%3Dlightbox%26settings%3DeyJpZCI6MjI4OSwidXJsIjoiaHR0cHM6XC9cL3d3dy5ucGFja3BtLmNvbVwvd3AtY29udGVudFwvdXBsb2Fkc1wvMjAyNVwvMTBcLzIwMjUxMDEzMTQ1NzA1Mzcud2VicCIsInNsaWRlc2hvdyI6IjhkNTI3ODIifQ%3D%3D\">\n\t\t\t\t\t<div class=\"e-gallery-image elementor-gallery-item__image\" data-thumbnail=\"https:\/\/www.npackpm.com\/wp-content\/uploads\/2025\/10\/2025101314570537.webp\" data-width=\"1024\" data-height=\"768\" aria-label=\"\" role=\"img\" ><\/div>\n\t\t\t\t\t\t\t\t\t\t\t<div class=\"elementor-gallery-item__overlay\"><\/div>\n\t\t\t\t\t\t\t\t\t\t\t\t\t\t<\/a>\n\t\t\t\t\t\t\t<a class=\"e-gallery-item elementor-gallery-item elementor-animated-content\" href=\"https:\/\/www.npackpm.com\/wp-content\/uploads\/2025\/10\/2025101314570654.webp\" data-elementor-open-lightbox=\"yes\" data-elementor-lightbox-slideshow=\"8d52782\" data-elementor-lightbox-title=\"2025101314570654\" data-e-action-hash=\"#elementor-action%3Aaction%3Dlightbox%26settings%3DeyJpZCI6MjI5MCwidXJsIjoiaHR0cHM6XC9cL3d3dy5ucGFja3BtLmNvbVwvd3AtY29udGVudFwvdXBsb2Fkc1wvMjAyNVwvMTBcLzIwMjUxMDEzMTQ1NzA2NTQud2VicCIsInNsaWRlc2hvdyI6IjhkNTI3ODIifQ%3D%3D\">\n\t\t\t\t\t<div class=\"e-gallery-image elementor-gallery-item__image\" data-thumbnail=\"https:\/\/www.npackpm.com\/wp-content\/uploads\/2025\/10\/2025101314570654.webp\" data-width=\"1024\" data-height=\"683\" aria-label=\"\" role=\"img\" ><\/div>\n\t\t\t\t\t\t\t\t\t\t\t<div class=\"elementor-gallery-item__overlay\"><\/div>\n\t\t\t\t\t\t\t\t\t\t\t\t\t\t<\/a>\n\t\t\t\t\t\t\t<a class=\"e-gallery-item elementor-gallery-item elementor-animated-content\" href=\"https:\/\/www.npackpm.com\/wp-content\/uploads\/2025\/10\/2025101314570749.webp\" data-elementor-open-lightbox=\"yes\" data-elementor-lightbox-slideshow=\"8d52782\" data-elementor-lightbox-title=\"2025101314570749\" data-e-action-hash=\"#elementor-action%3Aaction%3Dlightbox%26settings%3DeyJpZCI6MjI5MSwidXJsIjoiaHR0cHM6XC9cL3d3dy5ucGFja3BtLmNvbVwvd3AtY29udGVudFwvdXBsb2Fkc1wvMjAyNVwvMTBcLzIwMjUxMDEzMTQ1NzA3NDkud2VicCIsInNsaWRlc2hvdyI6IjhkNTI3ODIifQ%3D%3D\">\n\t\t\t\t\t<div class=\"e-gallery-image elementor-gallery-item__image\" data-thumbnail=\"https:\/\/www.npackpm.com\/wp-content\/uploads\/2025\/10\/2025101314570749.webp\" data-width=\"1024\" data-height=\"768\" aria-label=\"\" role=\"img\" ><\/div>\n\t\t\t\t\t\t\t\t\t\t\t<div class=\"elementor-gallery-item__overlay\"><\/div>\n\t\t\t\t\t\t\t\t\t\t\t\t\t\t<\/a>\n\t\t\t\t\t\t\t<a class=\"e-gallery-item elementor-gallery-item elementor-animated-content\" href=\"https:\/\/www.npackpm.com\/wp-content\/uploads\/2025\/10\/2025101314570833.webp\" data-elementor-open-lightbox=\"yes\" data-elementor-lightbox-slideshow=\"8d52782\" data-elementor-lightbox-title=\"2025101314570833\" data-e-action-hash=\"#elementor-action%3Aaction%3Dlightbox%26settings%3DeyJpZCI6MjI5MiwidXJsIjoiaHR0cHM6XC9cL3d3dy5ucGFja3BtLmNvbVwvd3AtY29udGVudFwvdXBsb2Fkc1wvMjAyNVwvMTBcLzIwMjUxMDEzMTQ1NzA4MzMud2VicCIsInNsaWRlc2hvdyI6IjhkNTI3ODIifQ%3D%3D\">\n\t\t\t\t\t<div class=\"e-gallery-image elementor-gallery-item__image\" data-thumbnail=\"https:\/\/www.npackpm.com\/wp-content\/uploads\/2025\/10\/2025101314570833.webp\" data-width=\"1024\" data-height=\"768\" aria-label=\"\" role=\"img\" ><\/div>\n\t\t\t\t\t\t\t\t\t\t\t<div class=\"elementor-gallery-item__overlay\"><\/div>\n\t\t\t\t\t\t\t\t\t\t\t\t\t\t<\/a>\n\t\t\t\t\t\t\t<a class=\"e-gallery-item elementor-gallery-item elementor-animated-content\" href=\"https:\/\/www.npackpm.com\/wp-content\/uploads\/2025\/10\/2025101314571084.webp\" data-elementor-open-lightbox=\"yes\" data-elementor-lightbox-slideshow=\"8d52782\" data-elementor-lightbox-title=\"2025101314571084\" data-e-action-hash=\"#elementor-action%3Aaction%3Dlightbox%26settings%3DeyJpZCI6MjI5MywidXJsIjoiaHR0cHM6XC9cL3d3dy5ucGFja3BtLmNvbVwvd3AtY29udGVudFwvdXBsb2Fkc1wvMjAyNVwvMTBcLzIwMjUxMDEzMTQ1NzEwODQud2VicCIsInNsaWRlc2hvdyI6IjhkNTI3ODIifQ%3D%3D\">\n\t\t\t\t\t<div class=\"e-gallery-image elementor-gallery-item__image\" data-thumbnail=\"https:\/\/www.npackpm.com\/wp-content\/uploads\/2025\/10\/2025101314571084.webp\" data-width=\"1024\" data-height=\"768\" aria-label=\"\" role=\"img\" ><\/div>\n\t\t\t\t\t\t\t\t\t\t\t<div class=\"elementor-gallery-item__overlay\"><\/div>\n\t\t\t\t\t\t\t\t\t\t\t\t\t\t<\/a>\n\t\t\t\t\t\t\t<a class=\"e-gallery-item elementor-gallery-item elementor-animated-content\" href=\"https:\/\/www.npackpm.com\/wp-content\/uploads\/2025\/10\/2025101314571073.webp\" data-elementor-open-lightbox=\"yes\" data-elementor-lightbox-slideshow=\"8d52782\" data-elementor-lightbox-title=\"2025101314571073\" data-e-action-hash=\"#elementor-action%3Aaction%3Dlightbox%26settings%3DeyJpZCI6MjI5NCwidXJsIjoiaHR0cHM6XC9cL3d3dy5ucGFja3BtLmNvbVwvd3AtY29udGVudFwvdXBsb2Fkc1wvMjAyNVwvMTBcLzIwMjUxMDEzMTQ1NzEwNzMud2VicCIsInNsaWRlc2hvdyI6IjhkNTI3ODIifQ%3D%3D\">\n\t\t\t\t\t<div class=\"e-gallery-image elementor-gallery-item__image\" data-thumbnail=\"https:\/\/www.npackpm.com\/wp-content\/uploads\/2025\/10\/2025101314571073.webp\" data-width=\"1024\" data-height=\"472\" aria-label=\"\" role=\"img\" ><\/div>\n\t\t\t\t\t\t\t\t\t\t\t<div class=\"elementor-gallery-item__overlay\"><\/div>\n\t\t\t\t\t\t\t\t\t\t\t\t\t\t<\/a>\n\t\t\t\t\t<\/div>\n\t\t\t\t\t<\/div>\n\t\t\t\t<\/div>\n\t\t\t\t\t<\/div>\n\t\t\t\t<\/div>\n\t\t\t\t<\/div>","protected":false},"excerpt":{"rendered":"<p>Shanghai Npack has established a significant global presence, exporting to over 100 countries and serving more than 1,000 users around the world. No matter you are just starting business, small factories and big brand company, npack have a suitable solution for your porducts. Who Works With Shanghai Npack Shanghai Npack with over 13 years of [&hellip;]<\/p>\n","protected":false},"author":1,"featured_media":0,"parent":1231,"menu_order":0,"comment_status":"closed","ping_status":"closed","template":"","meta":{"footnotes":""},"categories":[],"tags":[],"class_list":["post-2246","page","type-page","status-publish","hentry"],"blocksy_meta":{"page_title_panel":"","has_hero_section":"disabled","f085eb16c0e9105cad21860354a04500":"","hero_section":"type-1","hero_elements":[{"id":"custom_title","enabled":true,"heading_tag":"h1","title":"ZU HAUSE"},{"id":"custom_description","enabled":true,"description_visibility":{"desktop":true,"tablet":true,"mobile":false}},{"id":"custom_meta","enabled":false,"meta_elements":[{"id":"author","enabled":true,"label":"By","has_author_avatar":"yes","avatar_size":25},{"id":"post_date","enabled":true,"label":"On","date_format_source":"default","date_format":"M j, Y"},{"id":"updated_date","enabled":false,"label":"On","date_format_source":"default","date_format":"M j, Y"},{"id":"categories","enabled":false,"label":"In","style":"simple"},{"id":"comments","enabled":true}],"page_meta_elements":{"joined":true,"articles_count":true,"comments":true}},{"id":"breadcrumbs","enabled":false}],"80a6f281ffc752406fd97962cb73de8c":"","hero_alignment1":"CT_CSS_SKIP_RULE","hero_margin":40,"hero_alignment2":"center","hero_vertical_alignment":"center","9d64e7f7b679fdbdbfe7dd16ad608df2":"","hero_structure":"narrow","15f16c7eaf5830e9a495f6af7c62e10b":"","page_title_bg_type":"featured_image","custom_hero_background":{"attachment_id":null},"parallax":{"desktop":false,"tablet":false,"mobile":false},"55b3f37122ff81df03bceb3b8aae88f1":"","hero_height":"250px","pageTitleFont":{"family":"Default","variation":"Default","size":"30px","line-height":"CT_CSS_SKIP_RULE","letter-spacing":"CT_CSS_SKIP_RULE","text-transform":"CT_CSS_SKIP_RULE","text-decoration":"CT_CSS_SKIP_RULE"},"pageTitleFontColor":{"default":{"color":"CT_CSS_SKIP_RULEDEFAULT"}},"pageMetaFont":{"family":"Default","variation":"n6","size":"12px","line-height":"1.3","letter-spacing":"CT_CSS_SKIP_RULE","text-transform":"uppercase","text-decoration":"CT_CSS_SKIP_RULE"},"pageMetaFontColor":{"default":{"color":"CT_CSS_SKIP_RULEDEFAULT"},"hover":{"color":"CT_CSS_SKIP_RULEDEFAULT"}},"page_meta_button_type_font_colors":{"default":{"color":"CT_CSS_SKIP_RULEDEFAULT"},"hover":{"color":"CT_CSS_SKIP_RULEDEFAULT"}},"page_meta_button_type_background_colors":{"default":{"color":"CT_CSS_SKIP_RULEDEFAULT"},"hover":{"color":"CT_CSS_SKIP_RULEDEFAULT"}},"pageExcerptFont":{"family":"Default","variation":"Default","size":"CT_CSS_SKIP_RULE","line-height":"CT_CSS_SKIP_RULE","letter-spacing":"CT_CSS_SKIP_RULE","text-transform":"CT_CSS_SKIP_RULE","text-decoration":"CT_CSS_SKIP_RULE"},"pageExcerptColor":{"default":{"color":"CT_CSS_SKIP_RULEDEFAULT"}},"breadcrumbsFont":{"family":"Default","variation":"Default","size":"CT_CSS_SKIP_RULE","line-height":"CT_CSS_SKIP_RULE","letter-spacing":"CT_CSS_SKIP_RULE","text-transform":"CT_CSS_SKIP_RULE","text-decoration":"CT_CSS_SKIP_RULE"},"breadcrumbsFontColor":{"default":{"color":"CT_CSS_SKIP_RULEDEFAULT"},"initial":{"color":"CT_CSS_SKIP_RULEDEFAULT"},"hover":{"color":"CT_CSS_SKIP_RULEDEFAULT"}},"pageTitleOverlay":{"background_type":"color","background_pattern":"type-1","background_image":{"attachment_id":null,"x":0,"y":0},"gradient":"linear-gradient(135deg,rgba(6,147,227,1) 0%,rgb(155,81,224) 100%)","background_repeat":"repeat","background_size":"auto","background_attachment":"scroll","patternColor":{"default":{"color":"#e5e7ea"}},"overlayColor":{"default":{"color":"CT_CSS_SKIP_RULE"}},"backgroundColor":{"default":{"color":"CT_CSS_SKIP_RULE"}}},"pageTitleBackground":{"background_type":"color","background_pattern":"type-1","background_image":{"attachment_id":null,"x":0,"y":0},"gradient":"linear-gradient(135deg,rgba(6,147,227,1) 0%,rgb(155,81,224) 100%)","background_repeat":"repeat","background_size":"auto","background_attachment":"scroll","patternColor":{"default":{"color":"#e5e7ea"}},"overlayColor":{"default":{"color":"CT_CSS_SKIP_RULE"}},"backgroundColor":{"default":{"color":"var(--theme-palette-color-6)"}}},"pageTitlePadding":{"top":"50px","bottom":"50px","left":"auto","right":"auto","linked":true},"9103bedb4e5715c387bfde8d7e5e7a18":"","page_structure_type":"default","b9cc905f0ea5815e087db41718adbc3e":"","content_style_source":"inherit","content_style":"wide","vertical_spacing_source":"custom","content_area_spacing":"none","background":{"background_type":"color","background_pattern":"type-1","background_image":{"attachment_id":null,"x":0,"y":0},"gradient":"linear-gradient(135deg,rgba(6,147,227,1) 0%,rgb(155,81,224) 100%)","background_repeat":"repeat","background_size":"auto","background_attachment":"scroll","patternColor":{"default":{"color":"#e5e7ea"}},"overlayColor":{"default":{"color":"CT_CSS_SKIP_RULE"}},"backgroundColor":{"default":{"color":"CT_CSS_SKIP_RULE"}}},"content_background":{"background_type":"color","background_pattern":"type-1","background_image":{"attachment_id":null,"x":0,"y":0},"gradient":"linear-gradient(135deg,rgba(6,147,227,1) 0%,rgb(155,81,224) 100%)","background_repeat":"repeat","background_size":"auto","background_attachment":"scroll","patternColor":{"default":{"color":"#e5e7ea"}},"overlayColor":{"default":{"color":"CT_CSS_SKIP_RULE"}},"backgroundColor":{"default":{"color":"var(--theme-palette-color-8)"}}},"content_boxed_shadow":{"inherit":false,"blur":18,"spread":-6,"v_offset":12,"h_offset":0,"inset":false,"enable":true,"color":{"color":"rgba(34, 56, 101, 0.04)"}},"boxed_content_spacing":{"desktop":{"top":"40px","bottom":"40px","left":"40px","right":"40px","linked":true},"tablet":{"top":"35px","bottom":"35px","left":"35px","right":"35px","linked":true},"mobile":{"top":"20px","bottom":"20px","left":"20px","right":"20px","linked":true}},"content_boxed_radius":{"top":"3px","bottom":"3px","left":"3px","right":"3px","linked":true},"89628c653bb5c228b1669e0e1d9c4f9d":"","disable_featured_image":"no","disable_share_box":"no","disable_header":"no","disable_footer":"no","styles_descriptor":{"styles":{"desktop":"","tablet":"","mobile":""},"google_fonts":[],"version":6}},"aioseo_notices":[],"_links":{"self":[{"href":"https:\/\/www.npackpm.com\/de\/wp-json\/wp\/v2\/pages\/2246","targetHints":{"allow":["GET"]}}],"collection":[{"href":"https:\/\/www.npackpm.com\/de\/wp-json\/wp\/v2\/pages"}],"about":[{"href":"https:\/\/www.npackpm.com\/de\/wp-json\/wp\/v2\/types\/page"}],"author":[{"embeddable":true,"href":"https:\/\/www.npackpm.com\/de\/wp-json\/wp\/v2\/users\/1"}],"replies":[{"embeddable":true,"href":"https:\/\/www.npackpm.com\/de\/wp-json\/wp\/v2\/comments?post=2246"}],"version-history":[{"count":28,"href":"https:\/\/www.npackpm.com\/de\/wp-json\/wp\/v2\/pages\/2246\/revisions"}],"predecessor-version":[{"id":4328,"href":"https:\/\/www.npackpm.com\/de\/wp-json\/wp\/v2\/pages\/2246\/revisions\/4328"}],"up":[{"embeddable":true,"href":"https:\/\/www.npackpm.com\/de\/wp-json\/wp\/v2\/pages\/1231"}],"wp:attachment":[{"href":"https:\/\/www.npackpm.com\/de\/wp-json\/wp\/v2\/media?parent=2246"}],"wp:term":[{"taxonomy":"category","embeddable":true,"href":"https:\/\/www.npackpm.com\/de\/wp-json\/wp\/v2\/categories?post=2246"},{"taxonomy":"post_tag","embeddable":true,"href":"https:\/\/www.npackpm.com\/de\/wp-json\/wp\/v2\/tags?post=2246"}],"curies":[{"name":"wp","href":"https:\/\/api.w.org\/{rel}","templated":true}]}}