{"id":5408,"date":"2026-01-30T03:54:45","date_gmt":"2026-01-30T03:54:45","guid":{"rendered":"https:\/\/www.npackpm.com\/?page_id=5408"},"modified":"2026-01-30T04:04:23","modified_gmt":"2026-01-30T04:04:23","slug":"monoblock-flaschchenfull-und-verschliesmaschine-mit-innenstopfen","status":"publish","type":"page","link":"https:\/\/www.npackpm.com\/de\/monoblock-filling-machine\/monoblock-vial-filling-inner-plugging-and-capping-machine","title":{"rendered":"Monoblock-Abf\u00fcll-, Stopfen- und Verschlie\u00dfmaschine f\u00fcr Fl\u00e4schchen"},"content":{"rendered":"<div data-elementor-type=\"wp-page\" data-elementor-id=\"5408\" class=\"elementor elementor-5408\" data-elementor-post-type=\"page\">\n\t\t\t\t<div class=\"elementor-element elementor-element-5e766aea e-flex e-con-boxed e-con e-parent\" data-id=\"5e766aea\" data-element_type=\"container\" data-e-type=\"container\" data-settings=\"{&quot;background_background&quot;:&quot;classic&quot;}\">\n\t\t\t\t\t<div class=\"e-con-inner\">\n\t\t\t\t\t<\/div>\n\t\t\t\t<\/div>\n\t\t<div class=\"elementor-element elementor-element-1ac4a152 e-flex e-con-boxed e-con e-parent\" data-id=\"1ac4a152\" data-element_type=\"container\" data-e-type=\"container\">\n\t\t\t\t\t<div class=\"e-con-inner\">\n\t\t<div class=\"elementor-element elementor-element-6bd0c520 e-con-full e-flex e-con e-child\" data-id=\"6bd0c520\" data-element_type=\"container\" data-e-type=\"container\">\n\t\t\t\t<div class=\"elementor-element elementor-element-c62fbfe elementor-widget elementor-widget-heading\" data-id=\"c62fbfe\" data-element_type=\"widget\" data-e-type=\"widget\" data-widget_type=\"heading.default\">\n\t\t\t\t\t<h2 class=\"elementor-heading-title elementor-size-default\">NP-MFC Monoblock-Abf\u00fcll-, Stopfen- und Verschlie\u00dfmaschine f\u00fcr Fl\u00e4schchen<\/h2>\t\t\t\t<\/div>\n\t\t\t\t<div class=\"elementor-element elementor-element-2e19e645 elementor-widget-divider--view-line elementor-widget elementor-widget-divider\" data-id=\"2e19e645\" data-element_type=\"widget\" data-e-type=\"widget\" data-widget_type=\"divider.default\">\n\t\t\t\t\t\t\t<div class=\"elementor-divider\">\n\t\t\t<span class=\"elementor-divider-separator\">\n\t\t\t\t\t\t<\/span>\n\t\t<\/div>\n\t\t\t\t\t\t<\/div>\n\t\t\t\t<div class=\"elementor-element elementor-element-34707433 elementor-widget elementor-widget-text-editor\" data-id=\"34707433\" data-element_type=\"widget\" data-e-type=\"widget\" data-widget_type=\"text-editor.default\">\n\t\t\t\t\t\t\t\t\t<p>Die NP-MFC-Monoblock-Abf\u00fcll-, Stopfen- und Verschlie\u00dfmaschine f\u00fcr Fl\u00e4schchen ist eine kompakte Abf\u00fclll\u00f6sung, die Bef\u00fcllen, Stopfeneinsetzen und Verschlie\u00dfen\/Siegeln in einer Maschine vereint. Nach jahrelanger Entwicklung in der Verpackungsbranche und der Anpassung der Verpackungsnormen haben wir bei diesem Monoblock optional eine Sp\u00fcl-\/Reinigungsfunktion integriert, weshalb sie auch als 4-in-1-Maschine bezeichnet werden kann.<br \/>Monoblock-Abf\u00fcllmaschinen f\u00fcr Fl\u00e4schchen helfen Herstellern dabei, die Bodenfl\u00e4che zu optimieren, den manuellen Arbeitsaufwand zu reduzieren und eine gleichbleibende Produktqualit\u00e4t zu gew\u00e4hrleisten. Diese Maschine wird haupts\u00e4chlich in der Pharmazie, Kosmetik, Lebensmittel- oder Chemieindustrie eingesetzt.<\/p>\t\t\t\t\t\t\t\t<\/div>\n\t\t\t\t<\/div>\n\t\t<div class=\"elementor-element elementor-element-1bef78f e-con-full e-flex e-con e-child\" data-id=\"1bef78f\" data-element_type=\"container\" data-e-type=\"container\">\n\t\t\t\t<div class=\"elementor-element elementor-element-6a37da6e elementor-widget elementor-widget-video\" data-id=\"6a37da6e\" data-element_type=\"widget\" data-e-type=\"widget\" data-settings=\"{&quot;youtube_url&quot;:&quot;https:\\\/\\\/youtu.be\\\/5ejVOUh_CQ0?list=PL3rEPhyyma23HgqnYKkiJBNxXIJJCrkdH&quot;,&quot;show_image_overlay&quot;:&quot;yes&quot;,&quot;image_overlay&quot;:{&quot;url&quot;:&quot;https:\\\/\\\/www.npackpm.com\\\/wp-content\\\/uploads\\\/2026\\\/01\\\/2026012903392484.webp&quot;,&quot;id&quot;:5409,&quot;size&quot;:&quot;&quot;,&quot;alt&quot;:&quot;Monoblock Vial Filling, Inner Plugging, and Capping Machine&quot;,&quot;source&quot;:&quot;library&quot;},&quot;video_type&quot;:&quot;youtube&quot;,&quot;controls&quot;:&quot;yes&quot;}\" data-widget_type=\"video.default\">\n\t\t\t\t\t\t\t<div class=\"elementor-wrapper elementor-open-inline\">\n\t\t\t<div class=\"elementor-video\"><\/div>\t\t\t\t<div class=\"elementor-custom-embed-image-overlay\" style=\"background-image: url(https:\/\/www.npackpm.com\/wp-content\/uploads\/2026\/01\/2026012903392484.webp);\">\n\t\t\t\t\t\t\t\t\t\t\t\t\t\t\t\t<div class=\"elementor-custom-embed-play\" role=\"button\" aria-label=\"\u64ad\u653e\u6709\u5173\u7684\u89c6\u9891 Monoblock Vial Filling, Inner Plugging, and Capping Machine\" tabindex=\"0\" data-no-translation-aria-label=\"\">\n\t\t\t\t\t\t\t<svg aria-hidden=\"true\" class=\"e-font-icon-svg e-eicon-play\" viewbox=\"0 0 1000 1000\" xmlns=\"http:\/\/www.w3.org\/2000\/svg\"><path d=\"M838 162C746 71 633 25 500 25 371 25 258 71 163 162 71 254 25 367 25 500 25 633 71 746 163 837 254 929 367 979 500 979 633 979 746 933 838 837 929 746 975 633 975 500 975 367 929 254 838 162M808 192C892 279 933 379 933 500 933 621 892 725 808 808 725 892 621 938 500 938 379 938 279 896 196 808 113 725 67 621 67 500 67 379 108 279 196 192 279 108 383 62 500 62 621 62 721 108 808 192M438 392V642L642 517 438 392Z\"><\/path><\/svg>\t\t\t\t\t\t<\/div>\n\t\t\t\t\t\t\t\t\t<\/div>\n\t\t\t\t\t<\/div>\n\t\t\t\t\t\t<\/div>\n\t\t\t\t<\/div>\n\t\t\t\t\t<\/div>\n\t\t\t\t<\/div>\n\t\t<div class=\"elementor-element elementor-element-1d6736c9 e-flex e-con-boxed e-con e-parent\" data-id=\"1d6736c9\" data-element_type=\"container\" data-e-type=\"container\" data-settings=\"{&quot;background_background&quot;:&quot;classic&quot;}\">\n\t\t\t\t\t<div class=\"e-con-inner\">\n\t\t<div class=\"elementor-element elementor-element-3bfc667 e-con-full e-flex e-con e-child\" data-id=\"3bfc667\" data-element_type=\"container\" data-e-type=\"container\">\n\t\t\t\t<div class=\"elementor-element elementor-element-5164167d elementor-widget elementor-widget-heading\" data-id=\"5164167d\" data-element_type=\"widget\" data-e-type=\"widget\" data-widget_type=\"heading.default\">\n\t\t\t\t\t<h2 class=\"elementor-heading-title elementor-size-default\">Hauptmerkmale der Monoblock-Abf\u00fcll-, Stopfen- und Verschlie\u00dfmaschine f\u00fcr Fl\u00e4schchen<\/h2>\t\t\t\t<\/div>\n\t\t\t\t<div class=\"elementor-element elementor-element-238385ac elementor-widget-divider--view-line elementor-widget elementor-widget-divider\" data-id=\"238385ac\" data-element_type=\"widget\" data-e-type=\"widget\" data-widget_type=\"divider.default\">\n\t\t\t\t\t\t\t<div class=\"elementor-divider\">\n\t\t\t<span class=\"elementor-divider-separator\">\n\t\t\t\t\t\t<\/span>\n\t\t<\/div>\n\t\t\t\t\t\t<\/div>\n\t\t\t\t<div class=\"elementor-element elementor-element-6af38864 elementor-widget elementor-widget-text-editor\" data-id=\"6af38864\" data-element_type=\"widget\" data-e-type=\"widget\" data-widget_type=\"text-editor.default\">\n\t\t\t\t\t\t\t\t\t<p>Npack nimmt individuelle Maschinenanfertigungen f\u00fcr Ihre Automatisierungsbed\u00fcrfnisse in der Verpackung an. Falls Sie ein Upgrade Ihrer Verpackungsproduktionslinie in Betracht ziehen, ist es hilfreich zu verstehen, was automatische Monoblockmaschinen auszeichnet. Wir haben diesen Monoblock-F\u00fcller basierend auf den folgenden Hauptmerkmalen entwickelt.<\/p>\t\t\t\t\t\t\t\t<\/div>\n\t\t\t\t<\/div>\n\t\t<div class=\"elementor-element elementor-element-165054a e-con-full e-flex e-con e-child\" data-id=\"165054a\" data-element_type=\"container\" data-e-type=\"container\">\n\t\t<div class=\"elementor-element elementor-element-4f791905 e-grid e-con-full e-con e-child\" data-id=\"4f791905\" data-element_type=\"container\" data-e-type=\"container\">\n\t\t<div class=\"elementor-element elementor-element-2796433b brown-hover e-con-full e-flex e-con e-child\" data-id=\"2796433b\" data-element_type=\"container\" data-e-type=\"container\" data-settings=\"{&quot;background_background&quot;:&quot;classic&quot;}\">\n\t\t\t\t<div class=\"elementor-element elementor-element-1f1e77b3 elementor-widget elementor-widget-icon-box\" data-id=\"1f1e77b3\" data-element_type=\"widget\" data-e-type=\"widget\" data-widget_type=\"icon-box.default\">\n\t\t\t\t\t\t\t<div class=\"elementor-icon-box-wrapper\">\n\n\t\t\t\n\t\t\t\t\t\t<div class=\"elementor-icon-box-content\">\n\n\t\t\t\t\t\t\t\t\t<h3 class=\"elementor-icon-box-title\">\n\t\t\t\t\t\t<span  >\n\t\t\t\t\t\t\tPr\u00e4zisionsf\u00fcllung\t\t\t\t\t\t<\/span>\n\t\t\t\t\t<\/h3>\n\t\t\t\t\n\t\t\t\t\t\t\t\t\t<p class=\"elementor-icon-box-description\">\n\t\t\t\t\t\tDurch Anpassung an fortschrittliche volumetrische servogesteuerte Kolben oder Servopumpen wird gew\u00e4hrleistet, dass jeder Beh\u00e4lter pr\u00e4zise auf den programmierten F\u00fcllstand oder mit programmierter Genauigkeit bef\u00fcllt wird \u2013 ideal f\u00fcr alles von Pharmazeutika bis hin zu Spezialkosmetik.\t\t\t\t\t<\/p>\n\t\t\t\t\n\t\t\t<\/div>\n\t\t\t\n\t\t<\/div>\n\t\t\t\t\t\t<\/div>\n\t\t\t\t<\/div>\n\t\t<div class=\"elementor-element elementor-element-447c71aa brown-hover e-con-full e-flex e-con e-child\" data-id=\"447c71aa\" data-element_type=\"container\" data-e-type=\"container\" data-settings=\"{&quot;background_background&quot;:&quot;classic&quot;}\">\n\t\t\t\t<div class=\"elementor-element elementor-element-66836234 elementor-widget elementor-widget-icon-box\" data-id=\"66836234\" data-element_type=\"widget\" data-e-type=\"widget\" data-widget_type=\"icon-box.default\">\n\t\t\t\t\t\t\t<div class=\"elementor-icon-box-wrapper\">\n\n\t\t\t\n\t\t\t\t\t\t<div class=\"elementor-icon-box-content\">\n\n\t\t\t\t\t\t\t\t\t<h3 class=\"elementor-icon-box-title\">\n\t\t\t\t\t\t<span  >\n\t\t\t\t\t\t\tAutomatisierte Innenverstopfung\t\t\t\t\t\t<\/span>\n\t\t\t\t\t<\/h3>\n\t\t\t\t\n\t\t\t\t\t\t\t\t\t<p class=\"elementor-icon-box-description\">\n\t\t\t\t\t\tEin automatischer Roboter-Mechanismus greift und platziert Innenstopfen mit konsistenter Ausrichtung und Tiefe, reduziert manuelle Handhabung und gew\u00e4hrleistet gleichbleibende Qualit\u00e4t.\t\t\t\t\t<\/p>\n\t\t\t\t\n\t\t\t<\/div>\n\t\t\t\n\t\t<\/div>\n\t\t\t\t\t\t<\/div>\n\t\t\t\t<\/div>\n\t\t<div class=\"elementor-element elementor-element-6a9d92bb brown-hover e-con-full e-flex e-con e-child\" data-id=\"6a9d92bb\" data-element_type=\"container\" data-e-type=\"container\" data-settings=\"{&quot;background_background&quot;:&quot;classic&quot;}\">\n\t\t\t\t<div class=\"elementor-element elementor-element-424cda9a elementor-widget elementor-widget-icon-box\" data-id=\"424cda9a\" data-element_type=\"widget\" data-e-type=\"widget\" data-widget_type=\"icon-box.default\">\n\t\t\t\t\t\t\t<div class=\"elementor-icon-box-wrapper\">\n\n\t\t\t\n\t\t\t\t\t\t<div class=\"elementor-icon-box-content\">\n\n\t\t\t\t\t\t\t\t\t<h3 class=\"elementor-icon-box-title\">\n\t\t\t\t\t\t<span  >\n\t\t\t\t\t\t\tDrehmomentkontrolle Schraubenverschl\u00fcsse\t\t\t\t\t\t<\/span>\n\t\t\t\t\t<\/h3>\n\t\t\t\t\n\t\t\t\t\t\t\t\t\t<p class=\"elementor-icon-box-description\">\n\t\t\t\t\t\tAusgestattet mit einem Siemens-Servomotor zur Drehmomentregelung sichert die Verschlie\u00dfstation jeden Verschluss fest und minimiert so das Risiko von Leckagen oder Produktverderb \u2013 ein wesentliches Merkmal f\u00fcr die Kosmetik- und Pharmaindustrie.\t\t\t\t\t<\/p>\n\t\t\t\t\n\t\t\t<\/div>\n\t\t\t\n\t\t<\/div>\n\t\t\t\t\t\t<\/div>\n\t\t\t\t<\/div>\n\t\t<div class=\"elementor-element elementor-element-1f38f984 brown-hover e-con-full e-flex e-con e-child\" data-id=\"1f38f984\" data-element_type=\"container\" data-e-type=\"container\" data-settings=\"{&quot;background_background&quot;:&quot;classic&quot;}\">\n\t\t\t\t<div class=\"elementor-element elementor-element-58e2449 elementor-widget elementor-widget-icon-box\" data-id=\"58e2449\" data-element_type=\"widget\" data-e-type=\"widget\" data-widget_type=\"icon-box.default\">\n\t\t\t\t\t\t\t<div class=\"elementor-icon-box-wrapper\">\n\n\t\t\t\n\t\t\t\t\t\t<div class=\"elementor-icon-box-content\">\n\n\t\t\t\t\t\t\t\t\t<h3 class=\"elementor-icon-box-title\">\n\t\t\t\t\t\t<span  >\n\t\t\t\t\t\t\tFlexibler Containerumschlag\t\t\t\t\t\t<\/span>\n\t\t\t\t\t<\/h3>\n\t\t\t\t\n\t\t\t\t\t\t\t\t\t<p class=\"elementor-icon-box-description\">\n\t\t\t\t\t\tSchnellwechselteile und anpassbare F\u00fchrungen passen sich verschiedenen Flaschenformen und -materialien an \u2013 egal ob Sie Glasfl\u00e4schchen oder PET-Kunststoff verwenden.\t\t\t\t\t<\/p>\n\t\t\t\t\n\t\t\t<\/div>\n\t\t\t\n\t\t<\/div>\n\t\t\t\t\t\t<\/div>\n\t\t\t\t<\/div>\n\t\t<div class=\"elementor-element elementor-element-614c67b4 brown-hover e-con-full e-flex e-con e-child\" data-id=\"614c67b4\" data-element_type=\"container\" data-e-type=\"container\" data-settings=\"{&quot;background_background&quot;:&quot;classic&quot;}\">\n\t\t\t\t<div class=\"elementor-element elementor-element-e553063 elementor-widget elementor-widget-icon-box\" data-id=\"e553063\" data-element_type=\"widget\" data-e-type=\"widget\" data-widget_type=\"icon-box.default\">\n\t\t\t\t\t\t\t<div class=\"elementor-icon-box-wrapper\">\n\n\t\t\t\n\t\t\t\t\t\t<div class=\"elementor-icon-box-content\">\n\n\t\t\t\t\t\t\t\t\t<h3 class=\"elementor-icon-box-title\">\n\t\t\t\t\t\t<span  >\n\t\t\t\t\t\t\tKompaktes, effizientes Design\t\t\t\t\t\t<\/span>\n\t\t\t\t\t<\/h3>\n\t\t\t\t\n\t\t\t\t\t\t\t\t\t<p class=\"elementor-icon-box-description\">\n\t\t\t\t\t\tDurch die Integration aller Funktionen in einen einzelnen Monoblock sparen diese Maschinen erheblich Platz und Zeit \u2013 und reduzieren gleichzeitig Produkt\u00fcbergabepunkte und Kontaminationsrisiken.\t\t\t\t\t<\/p>\n\t\t\t\t\n\t\t\t<\/div>\n\t\t\t\n\t\t<\/div>\n\t\t\t\t\t\t<\/div>\n\t\t\t\t<\/div>\n\t\t<div class=\"elementor-element elementor-element-36584c32 brown-hover e-con-full e-flex e-con e-child\" data-id=\"36584c32\" data-element_type=\"container\" data-e-type=\"container\" data-settings=\"{&quot;background_background&quot;:&quot;classic&quot;}\">\n\t\t\t\t<div class=\"elementor-element elementor-element-474eed9e elementor-widget elementor-widget-icon-box\" data-id=\"474eed9e\" data-element_type=\"widget\" data-e-type=\"widget\" data-widget_type=\"icon-box.default\">\n\t\t\t\t\t\t\t<div class=\"elementor-icon-box-wrapper\">\n\n\t\t\t\n\t\t\t\t\t\t<div class=\"elementor-icon-box-content\">\n\n\t\t\t\t\t\t\t\t\t<h3 class=\"elementor-icon-box-title\">\n\t\t\t\t\t\t<span  >\n\t\t\t\t\t\t\tBenutzerfreundliche Steuerelemente\t\t\t\t\t\t<\/span>\n\t\t\t\t\t<\/h3>\n\t\t\t\t\n\t\t\t\t\t\t\t\t\t<p class=\"elementor-icon-box-description\">\n\t\t\t\t\t\tModerne Siemens-SPS und Touchscreens erm\u00f6glichen einfache Rezepturwechsel, Fehlererkennung und Echtzeit-\u00dcberwachung \u2013 Anpassungen und Fehlerbehebung werden damit zum Kinderspiel.\t\t\t\t\t<\/p>\n\t\t\t\t\n\t\t\t<\/div>\n\t\t\t\n\t\t<\/div>\n\t\t\t\t\t\t<\/div>\n\t\t\t\t<\/div>\n\t\t\t\t<\/div>\n\t\t\t\t<\/div>\n\t\t\t\t\t<\/div>\n\t\t\t\t<\/div>\n\t\t<div class=\"elementor-element elementor-element-786a36ea e-flex e-con-boxed e-con e-parent\" data-id=\"786a36ea\" data-element_type=\"container\" data-e-type=\"container\" data-settings=\"{&quot;background_background&quot;:&quot;classic&quot;}\">\n\t\t\t\t\t<div class=\"e-con-inner\">\n\t\t<div class=\"elementor-element elementor-element-52da31d e-con-full e-flex e-con e-child\" data-id=\"52da31d\" data-element_type=\"container\" data-e-type=\"container\">\n\t\t<div class=\"elementor-element elementor-element-3408790a e-grid e-con-full e-con e-child\" data-id=\"3408790a\" data-element_type=\"container\" data-e-type=\"container\">\n\t\t<div class=\"elementor-element elementor-element-42c21c4a e-con-full e-flex e-con e-child\" data-id=\"42c21c4a\" data-element_type=\"container\" data-e-type=\"container\">\n\t\t\t\t<div class=\"elementor-element elementor-element-73368325 elementor-widget elementor-widget-heading\" data-id=\"73368325\" data-element_type=\"widget\" data-e-type=\"widget\" data-widget_type=\"heading.default\">\n\t\t\t\t\t<p class=\"elementor-heading-title elementor-size-default\">Hauptparameter der Maschine<\/p>\t\t\t\t<\/div>\n\t\t\t\t<div class=\"elementor-element elementor-element-2e607eff elementor-widget elementor-widget-heading\" data-id=\"2e607eff\" data-element_type=\"widget\" data-e-type=\"widget\" data-widget_type=\"heading.default\">\n\t\t\t\t\t<h3 class=\"elementor-heading-title elementor-size-default\"><a href=\"https:\/\/www.npack.com.cn\/allproducts\/monoblock-filling-capping-machine\" target=\"_blank\" monoblock=\"\">Abf\u00fcll- und Verschlie\u00dfmaschine f\u00fcr Fl\u00e4schchen <\/a><\/h3>\t\t\t\t<\/div>\n\t\t\t\t<div class=\"elementor-element elementor-element-75c94e87 elementor-widget-divider--view-line elementor-widget elementor-widget-divider\" data-id=\"75c94e87\" data-element_type=\"widget\" data-e-type=\"widget\" data-widget_type=\"divider.default\">\n\t\t\t\t\t\t\t<div class=\"elementor-divider\">\n\t\t\t<span class=\"elementor-divider-separator\">\n\t\t\t\t\t\t<\/span>\n\t\t<\/div>\n\t\t\t\t\t\t<\/div>\n\t\t\t\t<div class=\"elementor-element elementor-element-6a603853 elementor-widget elementor-widget-text-editor\" data-id=\"6a603853\" data-element_type=\"widget\" data-e-type=\"widget\" data-widget_type=\"text-editor.default\">\n\t\t\t\t\t\t\t\t\t<p>Zusammenfassend sind automatische Monoblock-Maschinen zum Abf\u00fcllen von Fl\u00fcssigkeiten, Einsetzen von Innenstopfen und Schraubverschl\u00fcssen die erste Wahl f\u00fcr effiziente, hochwertige Verpackungsl\u00f6sungen \u2013 besonders wenn Sie Platz sparen und die Betriebseffizienz steigern m\u00f6chten.<\/p>\t\t\t\t\t\t\t\t<\/div>\n\t\t\t\t<div class=\"elementor-element elementor-element-e610314 elementor-widget elementor-widget-text-editor\" data-id=\"e610314\" data-element_type=\"widget\" data-e-type=\"widget\" data-widget_type=\"text-editor.default\">\n\t\t\t\t\t\t\t\t\t<p>Die Kapazit\u00e4t dieser Monoblock-Maschine richtet sich nach der Anzahl der F\u00fclld\u00fcsen und Verschlussk\u00f6pfe, wobei die maximale Geschwindigkeit 80 Teile\/Minute erreichen kann. Dank dieser Flexibilit\u00e4t k\u00f6nnen Sie die Produktionsanforderungen optimal anpassen \u2013 sei es durch eine kompakte Einrichtung bei beengtem Platz oder durch Hochskalierung bei steigender Nachfrage.<\/p><table width=\"409\"><tbody><tr><td width=\"182\"><p><strong>Modell<\/strong><\/p><\/td><td width=\"227\"><p>NP-MFC<\/p><\/td><\/tr><tr><td width=\"182\"><p><strong>F\u00fclld\u00fcsen<\/strong><\/p><\/td><td width=\"227\"><p>1 , 2 oder 4D\u00fcsen<\/p><\/td><\/tr><tr><td width=\"182\"><p><strong>Verschlie\u00dfk\u00f6pfe<\/strong><\/p><\/td><td width=\"227\"><p>1 oder 2<\/p><\/td><\/tr><tr><td width=\"182\"><p><strong>Produktionskapazit\u00e4t<\/strong><\/p><\/td><td width=\"227\"><p>1800-4800BPH<\/p><\/td><\/tr><tr><td width=\"182\"><p><strong>F\u00fcllvolumen<\/strong><\/p><\/td><td width=\"227\"><p>5-100ML<\/p><\/td><\/tr><tr><td width=\"182\"><p><strong>Leistung<\/strong><\/p><\/td><td width=\"227\"><p>1500W, 380VAC 3p<\/p><\/td><\/tr><tr><td width=\"182\"><p><strong>Genauigkeit<\/strong><\/p><\/td><td width=\"227\"><p>&lt;\u00b10,5ml<\/p><\/td><\/tr><tr><td width=\"182\"><p><strong>Antrieb<\/strong><\/p><\/td><td width=\"227\"><p>Servomotor<\/p><\/td><\/tr><tr><td width=\"182\"><p><strong>Schnittstelle<\/strong><\/p><\/td><td width=\"227\"><p>Touchscreen<\/p><\/td><\/tr><\/tbody><\/table>\t\t\t\t\t\t\t\t<\/div>\n\t\t\t\t<div class=\"elementor-element elementor-element-c20878a elementor-mobile-align-center home-cta-1 elementor-widget elementor-widget-button\" data-id=\"c20878a\" data-element_type=\"widget\" data-e-type=\"widget\" data-widget_type=\"button.default\">\n\t\t\t\t\t\t\t\t\t\t<a class=\"elementor-button elementor-button-link elementor-size-sm\" href=\"https:\/\/www.npackpm.com\/de\/contact\" target=\"_blank\">\n\t\t\t\t\t\t<span class=\"elementor-button-content-wrapper\">\n\t\t\t\t\t\t\t\t\t<span class=\"elementor-button-text\">Anfrage an Uns<\/span>\n\t\t\t\t\t<\/span>\n\t\t\t\t\t<\/a>\n\t\t\t\t\t\t\t\t<\/div>\n\t\t\t\t<\/div>\n\t\t<div class=\"elementor-element elementor-element-2124b01d e-con-full e-flex e-con e-child\" data-id=\"2124b01d\" data-element_type=\"container\" data-e-type=\"container\" data-settings=\"{&quot;background_background&quot;:&quot;classic&quot;}\">\n\t\t\t\t<\/div>\n\t\t\t\t<\/div>\n\t\t\t\t<\/div>\n\t\t\t\t\t<\/div>\n\t\t\t\t<\/div>\n\t\t\t\t<\/div>","protected":false},"excerpt":{"rendered":"<p>NP-MFC Monoblock Vial Filling, Inner Plugging, and Capping Machine The NP-MFC Monoblock Vial Filling, Inner Plugging, and Capping Machine is a compact vial bottling solution combining filling, Plugging and capping\/sealing in one machine. After years development of packaging industry , and upgrade of the packaging rules, we add rinsing\/washing function on this monoblock as an [&hellip;]<\/p>\n","protected":false},"author":1,"featured_media":5409,"parent":2843,"menu_order":0,"comment_status":"closed","ping_status":"closed","template":"","meta":{"footnotes":""},"categories":[20],"tags":[],"class_list":["post-5408","page","type-page","status-publish","has-post-thumbnail","hentry","category-product"],"blocksy_meta":[],"aioseo_notices":[],"_links":{"self":[{"href":"https:\/\/www.npackpm.com\/de\/wp-json\/wp\/v2\/pages\/5408","targetHints":{"allow":["GET"]}}],"collection":[{"href":"https:\/\/www.npackpm.com\/de\/wp-json\/wp\/v2\/pages"}],"about":[{"href":"https:\/\/www.npackpm.com\/de\/wp-json\/wp\/v2\/types\/page"}],"author":[{"embeddable":true,"href":"https:\/\/www.npackpm.com\/de\/wp-json\/wp\/v2\/users\/1"}],"replies":[{"embeddable":true,"href":"https:\/\/www.npackpm.com\/de\/wp-json\/wp\/v2\/comments?post=5408"}],"version-history":[{"count":31,"href":"https:\/\/www.npackpm.com\/de\/wp-json\/wp\/v2\/pages\/5408\/revisions"}],"predecessor-version":[{"id":5441,"href":"https:\/\/www.npackpm.com\/de\/wp-json\/wp\/v2\/pages\/5408\/revisions\/5441"}],"up":[{"embeddable":true,"href":"https:\/\/www.npackpm.com\/de\/wp-json\/wp\/v2\/pages\/2843"}],"wp:featuredmedia":[{"embeddable":true,"href":"https:\/\/www.npackpm.com\/de\/wp-json\/wp\/v2\/media\/5409"}],"wp:attachment":[{"href":"https:\/\/www.npackpm.com\/de\/wp-json\/wp\/v2\/media?parent=5408"}],"wp:term":[{"taxonomy":"category","embeddable":true,"href":"https:\/\/www.npackpm.com\/de\/wp-json\/wp\/v2\/categories?post=5408"},{"taxonomy":"post_tag","embeddable":true,"href":"https:\/\/www.npackpm.com\/de\/wp-json\/wp\/v2\/tags?post=5408"}],"curies":[{"name":"wp","href":"https:\/\/api.w.org\/{rel}","templated":true}]}}