{"id":5408,"date":"2026-01-30T03:54:45","date_gmt":"2026-01-30T03:54:45","guid":{"rendered":"https:\/\/www.npackpm.com\/?page_id=5408"},"modified":"2026-01-30T04:04:23","modified_gmt":"2026-01-30T04:04:23","slug":"maquina-monobloque-de-llenado-taponado-interior-y-capsulado-de-viales","status":"publish","type":"page","link":"https:\/\/www.npackpm.com\/es\/monoblock-filling-machine\/monoblock-vial-filling-inner-plugging-and-capping-machine","title":{"rendered":"M\u00e1quina Monobloque de Llenado, Tapado Interno y Encapsulado de Viales"},"content":{"rendered":"<div data-elementor-type=\"wp-page\" data-elementor-id=\"5408\" class=\"elementor elementor-5408\" data-elementor-post-type=\"page\">\n\t\t\t\t<div class=\"elementor-element elementor-element-5e766aea e-flex e-con-boxed e-con e-parent\" data-id=\"5e766aea\" data-element_type=\"container\" data-e-type=\"container\" data-settings=\"{&quot;background_background&quot;:&quot;classic&quot;}\">\n\t\t\t\t\t<div class=\"e-con-inner\">\n\t\t\t\t\t<\/div>\n\t\t\t\t<\/div>\n\t\t<div class=\"elementor-element elementor-element-1ac4a152 e-flex e-con-boxed e-con e-parent\" data-id=\"1ac4a152\" data-element_type=\"container\" data-e-type=\"container\">\n\t\t\t\t\t<div class=\"e-con-inner\">\n\t\t<div class=\"elementor-element elementor-element-6bd0c520 e-con-full e-flex e-con e-child\" data-id=\"6bd0c520\" data-element_type=\"container\" data-e-type=\"container\">\n\t\t\t\t<div class=\"elementor-element elementor-element-c62fbfe elementor-widget elementor-widget-heading\" data-id=\"c62fbfe\" data-element_type=\"widget\" data-e-type=\"widget\" data-widget_type=\"heading.default\">\n\t\t\t\t\t<h2 class=\"elementor-heading-title elementor-size-default\">M\u00e1quina Monobloque NP-MFC de Llenado, Tapado Interno y Encapsulado de Viales<\/h2>\t\t\t\t<\/div>\n\t\t\t\t<div class=\"elementor-element elementor-element-2e19e645 elementor-widget-divider--view-line elementor-widget elementor-widget-divider\" data-id=\"2e19e645\" data-element_type=\"widget\" data-e-type=\"widget\" data-widget_type=\"divider.default\">\n\t\t\t\t\t\t\t<div class=\"elementor-divider\">\n\t\t\t<span class=\"elementor-divider-separator\">\n\t\t\t\t\t\t<\/span>\n\t\t<\/div>\n\t\t\t\t\t\t<\/div>\n\t\t\t\t<div class=\"elementor-element elementor-element-34707433 elementor-widget elementor-widget-text-editor\" data-id=\"34707433\" data-element_type=\"widget\" data-e-type=\"widget\" data-widget_type=\"text-editor.default\">\n\t\t\t\t\t\t\t\t\t<p>La m\u00e1quina monobloque NP-MFC de llenado, tapado interno y encapsulado de viales es una soluci\u00f3n compacta que combina el llenado, el taponado interno y el encapsulado\/sellado en un solo equipo. Tras a\u00f1os de desarrollo en la industria del envasado y la actualizaci\u00f3n de normativas, hemos incorporado en este monobloque la funci\u00f3n de lavado\/limpieza como opci\u00f3n, por lo que tambi\u00e9n puede denominarse m\u00e1quina 4 en 1.<br \/>Las m\u00e1quinas monobloque de llenado de viales ayudan a los fabricantes a optimizar el espacio en planta, reducir la mano de obra manual y mantener una calidad de producto consistente. Esta m\u00e1quina se utiliza principalmente en las industrias farmac\u00e9utica, cosm\u00e9tica, alimentaria o qu\u00edmica.<\/p>\t\t\t\t\t\t\t\t<\/div>\n\t\t\t\t<\/div>\n\t\t<div class=\"elementor-element elementor-element-1bef78f e-con-full e-flex e-con e-child\" data-id=\"1bef78f\" data-element_type=\"container\" data-e-type=\"container\">\n\t\t\t\t<div class=\"elementor-element elementor-element-6a37da6e elementor-widget elementor-widget-video\" data-id=\"6a37da6e\" data-element_type=\"widget\" data-e-type=\"widget\" data-settings=\"{&quot;youtube_url&quot;:&quot;https:\\\/\\\/youtu.be\\\/5ejVOUh_CQ0?list=PL3rEPhyyma23HgqnYKkiJBNxXIJJCrkdH&quot;,&quot;show_image_overlay&quot;:&quot;yes&quot;,&quot;image_overlay&quot;:{&quot;url&quot;:&quot;https:\\\/\\\/www.npackpm.com\\\/wp-content\\\/uploads\\\/2026\\\/01\\\/2026012903392484.webp&quot;,&quot;id&quot;:5409,&quot;size&quot;:&quot;&quot;,&quot;alt&quot;:&quot;Monoblock Vial Filling, Inner Plugging, and Capping Machine&quot;,&quot;source&quot;:&quot;library&quot;},&quot;video_type&quot;:&quot;youtube&quot;,&quot;controls&quot;:&quot;yes&quot;}\" data-widget_type=\"video.default\">\n\t\t\t\t\t\t\t<div class=\"elementor-wrapper elementor-open-inline\">\n\t\t\t<div class=\"elementor-video\"><\/div>\t\t\t\t<div class=\"elementor-custom-embed-image-overlay\" style=\"background-image: url(https:\/\/www.npackpm.com\/wp-content\/uploads\/2026\/01\/2026012903392484.webp);\">\n\t\t\t\t\t\t\t\t\t\t\t\t\t\t\t\t<div class=\"elementor-custom-embed-play\" role=\"button\" aria-label=\"Lire la vid\u00e9o sur Monoblock Vial Filling, Inner Plugging, and Capping Machine\" tabindex=\"0\" data-no-translation-aria-label=\"\">\n\t\t\t\t\t\t\t<svg aria-hidden=\"true\" class=\"e-font-icon-svg e-eicon-play\" viewbox=\"0 0 1000 1000\" xmlns=\"http:\/\/www.w3.org\/2000\/svg\"><path d=\"M838 162C746 71 633 25 500 25 371 25 258 71 163 162 71 254 25 367 25 500 25 633 71 746 163 837 254 929 367 979 500 979 633 979 746 933 838 837 929 746 975 633 975 500 975 367 929 254 838 162M808 192C892 279 933 379 933 500 933 621 892 725 808 808 725 892 621 938 500 938 379 938 279 896 196 808 113 725 67 621 67 500 67 379 108 279 196 192 279 108 383 62 500 62 621 62 721 108 808 192M438 392V642L642 517 438 392Z\"><\/path><\/svg>\t\t\t\t\t\t<\/div>\n\t\t\t\t\t\t\t\t\t<\/div>\n\t\t\t\t\t<\/div>\n\t\t\t\t\t\t<\/div>\n\t\t\t\t<\/div>\n\t\t\t\t\t<\/div>\n\t\t\t\t<\/div>\n\t\t<div class=\"elementor-element elementor-element-1d6736c9 e-flex e-con-boxed e-con e-parent\" data-id=\"1d6736c9\" data-element_type=\"container\" data-e-type=\"container\" data-settings=\"{&quot;background_background&quot;:&quot;classic&quot;}\">\n\t\t\t\t\t<div class=\"e-con-inner\">\n\t\t<div class=\"elementor-element elementor-element-3bfc667 e-con-full e-flex e-con e-child\" data-id=\"3bfc667\" data-element_type=\"container\" data-e-type=\"container\">\n\t\t\t\t<div class=\"elementor-element elementor-element-5164167d elementor-widget elementor-widget-heading\" data-id=\"5164167d\" data-element_type=\"widget\" data-e-type=\"widget\" data-widget_type=\"heading.default\">\n\t\t\t\t\t<h2 class=\"elementor-heading-title elementor-size-default\">Caracter\u00edsticas principales de la m\u00e1quina monobloque de llenado, taponado interno y encapsulado de viales<\/h2>\t\t\t\t<\/div>\n\t\t\t\t<div class=\"elementor-element elementor-element-238385ac elementor-widget-divider--view-line elementor-widget elementor-widget-divider\" data-id=\"238385ac\" data-element_type=\"widget\" data-e-type=\"widget\" data-widget_type=\"divider.default\">\n\t\t\t\t\t\t\t<div class=\"elementor-divider\">\n\t\t\t<span class=\"elementor-divider-separator\">\n\t\t\t\t\t\t<\/span>\n\t\t<\/div>\n\t\t\t\t\t\t<\/div>\n\t\t\t\t<div class=\"elementor-element elementor-element-6af38864 elementor-widget elementor-widget-text-editor\" data-id=\"6af38864\" data-element_type=\"widget\" data-e-type=\"widget\" data-widget_type=\"text-editor.default\">\n\t\t\t\t\t\t\t\t\t<p>Npack acepta m\u00e1quinas personalizadas para sus necesidades de envasado automatizado. Si est\u00e1 considerando una actualizaci\u00f3n de su l\u00ednea de producci\u00f3n de envasado, es \u00fatil comprender qu\u00e9 distingue a las m\u00e1quinas monobloque autom\u00e1ticas. Dise\u00f1amos este equipo de llenado monobloque bas\u00e1ndonos en las siguientes caracter\u00edsticas principales.<\/p>\t\t\t\t\t\t\t\t<\/div>\n\t\t\t\t<\/div>\n\t\t<div class=\"elementor-element elementor-element-165054a e-con-full e-flex e-con e-child\" data-id=\"165054a\" data-element_type=\"container\" data-e-type=\"container\">\n\t\t<div class=\"elementor-element elementor-element-4f791905 e-grid e-con-full e-con e-child\" data-id=\"4f791905\" data-element_type=\"container\" data-e-type=\"container\">\n\t\t<div class=\"elementor-element elementor-element-2796433b brown-hover e-con-full e-flex e-con e-child\" data-id=\"2796433b\" data-element_type=\"container\" data-e-type=\"container\" data-settings=\"{&quot;background_background&quot;:&quot;classic&quot;}\">\n\t\t\t\t<div class=\"elementor-element elementor-element-1f1e77b3 elementor-widget elementor-widget-icon-box\" data-id=\"1f1e77b3\" data-element_type=\"widget\" data-e-type=\"widget\" data-widget_type=\"icon-box.default\">\n\t\t\t\t\t\t\t<div class=\"elementor-icon-box-wrapper\">\n\n\t\t\t\n\t\t\t\t\t\t<div class=\"elementor-icon-box-content\">\n\n\t\t\t\t\t\t\t\t\t<h3 class=\"elementor-icon-box-title\">\n\t\t\t\t\t\t<span  >\n\t\t\t\t\t\t\tLlenado de Precisi\u00f3n\t\t\t\t\t\t<\/span>\n\t\t\t\t\t<\/h3>\n\t\t\t\t\n\t\t\t\t\t\t\t\t\t<p class=\"elementor-icon-box-description\">\n\t\t\t\t\t\tAdaptables a pistones volum\u00e9tricos servoaccionados avanzados o bombas de servo, estos garantizan que cada recipiente se llene con precisi\u00f3n hasta el nivel o con la exactitud programada, ideales para todo, desde productos farmac\u00e9uticos hasta cosm\u00e9ticos especializados.\t\t\t\t\t<\/p>\n\t\t\t\t\n\t\t\t<\/div>\n\t\t\t\n\t\t<\/div>\n\t\t\t\t\t\t<\/div>\n\t\t\t\t<\/div>\n\t\t<div class=\"elementor-element elementor-element-447c71aa brown-hover e-con-full e-flex e-con e-child\" data-id=\"447c71aa\" data-element_type=\"container\" data-e-type=\"container\" data-settings=\"{&quot;background_background&quot;:&quot;classic&quot;}\">\n\t\t\t\t<div class=\"elementor-element elementor-element-66836234 elementor-widget elementor-widget-icon-box\" data-id=\"66836234\" data-element_type=\"widget\" data-e-type=\"widget\" data-widget_type=\"icon-box.default\">\n\t\t\t\t\t\t\t<div class=\"elementor-icon-box-wrapper\">\n\n\t\t\t\n\t\t\t\t\t\t<div class=\"elementor-icon-box-content\">\n\n\t\t\t\t\t\t\t\t\t<h3 class=\"elementor-icon-box-title\">\n\t\t\t\t\t\t<span  >\n\t\t\t\t\t\t\tTaponamiento interior automatizado\t\t\t\t\t\t<\/span>\n\t\t\t\t\t<\/h3>\n\t\t\t\t\n\t\t\t\t\t\t\t\t\t<p class=\"elementor-icon-box-description\">\n\t\t\t\t\t\tUn mecanismo rob\u00f3tico autom\u00e1tico recoge y coloca los tapones internos con orientaci\u00f3n y profundidad consistentes, reduciendo el manejo manual y manteniendo la uniformidad de calidad.\t\t\t\t\t<\/p>\n\t\t\t\t\n\t\t\t<\/div>\n\t\t\t\n\t\t<\/div>\n\t\t\t\t\t\t<\/div>\n\t\t\t\t<\/div>\n\t\t<div class=\"elementor-element elementor-element-6a9d92bb brown-hover e-con-full e-flex e-con e-child\" data-id=\"6a9d92bb\" data-element_type=\"container\" data-e-type=\"container\" data-settings=\"{&quot;background_background&quot;:&quot;classic&quot;}\">\n\t\t\t\t<div class=\"elementor-element elementor-element-424cda9a elementor-widget elementor-widget-icon-box\" data-id=\"424cda9a\" data-element_type=\"widget\" data-e-type=\"widget\" data-widget_type=\"icon-box.default\">\n\t\t\t\t\t\t\t<div class=\"elementor-icon-box-wrapper\">\n\n\t\t\t\n\t\t\t\t\t\t<div class=\"elementor-icon-box-content\">\n\n\t\t\t\t\t\t\t\t\t<h3 class=\"elementor-icon-box-title\">\n\t\t\t\t\t\t<span  >\n\t\t\t\t\t\t\tTapa del tornillo de control de par\t\t\t\t\t\t<\/span>\n\t\t\t\t\t<\/h3>\n\t\t\t\t\n\t\t\t\t\t\t\t\t\t<p class=\"elementor-icon-box-description\">\n\t\t\t\t\t\tEquipado con motor servo Siemens para control de par, la estaci\u00f3n de taponado asegura firmemente cada tapa, minimizando el riesgo de fugas o deterioro del producto; es una caracter\u00edstica imprescindible en la industria cosm\u00e9tica y farmac\u00e9utica.\t\t\t\t\t<\/p>\n\t\t\t\t\n\t\t\t<\/div>\n\t\t\t\n\t\t<\/div>\n\t\t\t\t\t\t<\/div>\n\t\t\t\t<\/div>\n\t\t<div class=\"elementor-element elementor-element-1f38f984 brown-hover e-con-full e-flex e-con e-child\" data-id=\"1f38f984\" data-element_type=\"container\" data-e-type=\"container\" data-settings=\"{&quot;background_background&quot;:&quot;classic&quot;}\">\n\t\t\t\t<div class=\"elementor-element elementor-element-58e2449 elementor-widget elementor-widget-icon-box\" data-id=\"58e2449\" data-element_type=\"widget\" data-e-type=\"widget\" data-widget_type=\"icon-box.default\">\n\t\t\t\t\t\t\t<div class=\"elementor-icon-box-wrapper\">\n\n\t\t\t\n\t\t\t\t\t\t<div class=\"elementor-icon-box-content\">\n\n\t\t\t\t\t\t\t\t\t<h3 class=\"elementor-icon-box-title\">\n\t\t\t\t\t\t<span  >\n\t\t\t\t\t\t\tManipulaci\u00f3n flexible de contenedores\t\t\t\t\t\t<\/span>\n\t\t\t\t\t<\/h3>\n\t\t\t\t\n\t\t\t\t\t\t\t\t\t<p class=\"elementor-icon-box-description\">\n\t\t\t\t\t\tLas piezas de cambio r\u00e1pido y las gu\u00edas adaptables acomodan diversas formas y materiales de botellas, ya sea que utilice viales de vidrio o pl\u00e1stico PET.\t\t\t\t\t<\/p>\n\t\t\t\t\n\t\t\t<\/div>\n\t\t\t\n\t\t<\/div>\n\t\t\t\t\t\t<\/div>\n\t\t\t\t<\/div>\n\t\t<div class=\"elementor-element elementor-element-614c67b4 brown-hover e-con-full e-flex e-con e-child\" data-id=\"614c67b4\" data-element_type=\"container\" data-e-type=\"container\" data-settings=\"{&quot;background_background&quot;:&quot;classic&quot;}\">\n\t\t\t\t<div class=\"elementor-element elementor-element-e553063 elementor-widget elementor-widget-icon-box\" data-id=\"e553063\" data-element_type=\"widget\" data-e-type=\"widget\" data-widget_type=\"icon-box.default\">\n\t\t\t\t\t\t\t<div class=\"elementor-icon-box-wrapper\">\n\n\t\t\t\n\t\t\t\t\t\t<div class=\"elementor-icon-box-content\">\n\n\t\t\t\t\t\t\t\t\t<h3 class=\"elementor-icon-box-title\">\n\t\t\t\t\t\t<span  >\n\t\t\t\t\t\t\tDise\u00f1o compacto y eficiente\t\t\t\t\t\t<\/span>\n\t\t\t\t\t<\/h3>\n\t\t\t\t\n\t\t\t\t\t\t\t\t\t<p class=\"elementor-icon-box-description\">\n\t\t\t\t\t\tAl combinar todas las funciones en un solo monobloque, estas m\u00e1quinas ahorran un espacio y un tiempo significativos, a la vez que reducen los puntos de transferencia del producto y el riesgo de contaminaci\u00f3n.\t\t\t\t\t<\/p>\n\t\t\t\t\n\t\t\t<\/div>\n\t\t\t\n\t\t<\/div>\n\t\t\t\t\t\t<\/div>\n\t\t\t\t<\/div>\n\t\t<div class=\"elementor-element elementor-element-36584c32 brown-hover e-con-full e-flex e-con e-child\" data-id=\"36584c32\" data-element_type=\"container\" data-e-type=\"container\" data-settings=\"{&quot;background_background&quot;:&quot;classic&quot;}\">\n\t\t\t\t<div class=\"elementor-element elementor-element-474eed9e elementor-widget elementor-widget-icon-box\" data-id=\"474eed9e\" data-element_type=\"widget\" data-e-type=\"widget\" data-widget_type=\"icon-box.default\">\n\t\t\t\t\t\t\t<div class=\"elementor-icon-box-wrapper\">\n\n\t\t\t\n\t\t\t\t\t\t<div class=\"elementor-icon-box-content\">\n\n\t\t\t\t\t\t\t\t\t<h3 class=\"elementor-icon-box-title\">\n\t\t\t\t\t\t<span  >\n\t\t\t\t\t\t\tControles f\u00e1ciles de usar\t\t\t\t\t\t<\/span>\n\t\t\t\t\t<\/h3>\n\t\t\t\t\n\t\t\t\t\t\t\t\t\t<p class=\"elementor-icon-box-description\">\n\t\t\t\t\t\tLos PLC Siemens avanzados y las pantallas t\u00e1ctiles permiten cambios sencillos de recetas, detecci\u00f3n de errores y monitoreo en tiempo real, lo que facilita los ajustes y la resoluci\u00f3n de problemas.\t\t\t\t\t<\/p>\n\t\t\t\t\n\t\t\t<\/div>\n\t\t\t\n\t\t<\/div>\n\t\t\t\t\t\t<\/div>\n\t\t\t\t<\/div>\n\t\t\t\t<\/div>\n\t\t\t\t<\/div>\n\t\t\t\t\t<\/div>\n\t\t\t\t<\/div>\n\t\t<div class=\"elementor-element elementor-element-786a36ea e-flex e-con-boxed e-con e-parent\" data-id=\"786a36ea\" data-element_type=\"container\" data-e-type=\"container\" data-settings=\"{&quot;background_background&quot;:&quot;classic&quot;}\">\n\t\t\t\t\t<div class=\"e-con-inner\">\n\t\t<div class=\"elementor-element elementor-element-52da31d e-con-full e-flex e-con e-child\" data-id=\"52da31d\" data-element_type=\"container\" data-e-type=\"container\">\n\t\t<div class=\"elementor-element elementor-element-3408790a e-grid e-con-full e-con e-child\" data-id=\"3408790a\" data-element_type=\"container\" data-e-type=\"container\">\n\t\t<div class=\"elementor-element elementor-element-42c21c4a e-con-full e-flex e-con e-child\" data-id=\"42c21c4a\" data-element_type=\"container\" data-e-type=\"container\">\n\t\t\t\t<div class=\"elementor-element elementor-element-73368325 elementor-widget elementor-widget-heading\" data-id=\"73368325\" data-element_type=\"widget\" data-e-type=\"widget\" data-widget_type=\"heading.default\">\n\t\t\t\t\t<p class=\"elementor-heading-title elementor-size-default\">Par\u00e1metros principales de la m\u00e1quina<\/p>\t\t\t\t<\/div>\n\t\t\t\t<div class=\"elementor-element elementor-element-2e607eff elementor-widget elementor-widget-heading\" data-id=\"2e607eff\" data-element_type=\"widget\" data-e-type=\"widget\" data-widget_type=\"heading.default\">\n\t\t\t\t\t<h3 class=\"elementor-heading-title elementor-size-default\"><a href=\"https:\/\/www.npack.com.cn\/allproducts\/monoblock-filling-capping-machine\" target=\"_blank\" monoblock=\"\">M\u00e1quina de llenado y tapado de viales <\/a><\/h3>\t\t\t\t<\/div>\n\t\t\t\t<div class=\"elementor-element elementor-element-75c94e87 elementor-widget-divider--view-line elementor-widget elementor-widget-divider\" data-id=\"75c94e87\" data-element_type=\"widget\" data-e-type=\"widget\" data-widget_type=\"divider.default\">\n\t\t\t\t\t\t\t<div class=\"elementor-divider\">\n\t\t\t<span class=\"elementor-divider-separator\">\n\t\t\t\t\t\t<\/span>\n\t\t<\/div>\n\t\t\t\t\t\t<\/div>\n\t\t\t\t<div class=\"elementor-element elementor-element-6a603853 elementor-widget elementor-widget-text-editor\" data-id=\"6a603853\" data-element_type=\"widget\" data-e-type=\"widget\" data-widget_type=\"text-editor.default\">\n\t\t\t\t\t\t\t\t\t<p>En resumen, las m\u00e1quinas autom\u00e1ticas monobloque de llenado de l\u00edquidos, taponado interno y enroscado de tapas son la opci\u00f3n preferente para un envasado optimizado y de alta calidad, especialmente cuando se busca ahorrar espacio y mejorar la eficiencia operativa.<\/p>\t\t\t\t\t\t\t\t<\/div>\n\t\t\t\t<div class=\"elementor-element elementor-element-e610314 elementor-widget elementor-widget-text-editor\" data-id=\"e610314\" data-element_type=\"widget\" data-e-type=\"widget\" data-widget_type=\"text-editor.default\">\n\t\t\t\t\t\t\t\t\t<p>La capacidad de esta m\u00e1quina monobloque depende del n\u00famero de boquillas de llenado y cabezales de taponado, pudiendo alcanzar una velocidad m\u00e1xima de 80 unidades\/minuto. Esta flexibilidad le permite adaptarse a los requisitos de producci\u00f3n, ya sea trabajando con una configuraci\u00f3n compacta para espacios limitados o escalando para satisfacer una mayor demanda.<\/p><table width=\"409\"><tbody><tr><td width=\"182\"><p><strong>Modelo<\/strong><\/p><\/td><td width=\"227\"><p>NP-MFC<\/p><\/td><\/tr><tr><td width=\"182\"><p><strong>Boquillas de llenado<\/strong><\/p><\/td><td width=\"227\"><p>1 , 2 \u00f3 4 Boquillas<\/p><\/td><\/tr><tr><td width=\"182\"><p><strong>Cabezales de tapado<\/strong><\/p><\/td><td width=\"227\"><p>1 \u00f3 2<\/p><\/td><\/tr><tr><td width=\"182\"><p><strong>Capacidad de producci\u00f3n<\/strong><\/p><\/td><td width=\"227\"><p>1800-4800BPH<\/p><\/td><\/tr><tr><td width=\"182\"><p><strong>Volumen de llenado<\/strong><\/p><\/td><td width=\"227\"><p>5-100ML<\/p><\/td><\/tr><tr><td width=\"182\"><p><strong>Potencia<\/strong><\/p><\/td><td width=\"227\"><p>1500W, 380VAC 3p<\/p><\/td><\/tr><tr><td width=\"182\"><p><strong>Precisi\u00f3n<\/strong><\/p><\/td><td width=\"227\"><p>&lt;\u00b10,5 ml<\/p><\/td><\/tr><tr><td width=\"182\"><p><strong>Accionamiento<\/strong><\/p><\/td><td width=\"227\"><p>Servomotor<\/p><\/td><\/tr><tr><td width=\"182\"><p><strong>Interfaz<\/strong><\/p><\/td><td width=\"227\"><p>Pantalla t\u00e1ctil<\/p><\/td><\/tr><\/tbody><\/table>\t\t\t\t\t\t\t\t<\/div>\n\t\t\t\t<div class=\"elementor-element elementor-element-c20878a elementor-mobile-align-center home-cta-1 elementor-widget elementor-widget-button\" data-id=\"c20878a\" data-element_type=\"widget\" data-e-type=\"widget\" data-widget_type=\"button.default\">\n\t\t\t\t\t\t\t\t\t\t<a class=\"elementor-button elementor-button-link elementor-size-sm\" href=\"https:\/\/www.npackpm.com\/es\/contact\" target=\"_blank\">\n\t\t\t\t\t\t<span class=\"elementor-button-content-wrapper\">\n\t\t\t\t\t\t\t\t\t<span class=\"elementor-button-text\">Cons\u00faltenos<\/span>\n\t\t\t\t\t<\/span>\n\t\t\t\t\t<\/a>\n\t\t\t\t\t\t\t\t<\/div>\n\t\t\t\t<\/div>\n\t\t<div class=\"elementor-element elementor-element-2124b01d e-con-full e-flex e-con e-child\" data-id=\"2124b01d\" data-element_type=\"container\" data-e-type=\"container\" data-settings=\"{&quot;background_background&quot;:&quot;classic&quot;}\">\n\t\t\t\t<\/div>\n\t\t\t\t<\/div>\n\t\t\t\t<\/div>\n\t\t\t\t\t<\/div>\n\t\t\t\t<\/div>\n\t\t\t\t<\/div>","protected":false},"excerpt":{"rendered":"<p>NP-MFC Monoblock Vial Filling, Inner Plugging, and Capping Machine The NP-MFC Monoblock Vial Filling, Inner Plugging, and Capping Machine is a compact vial bottling solution combining filling, Plugging and capping\/sealing in one machine. After years development of packaging industry , and upgrade of the packaging rules, we add rinsing\/washing function on this monoblock as an [&hellip;]<\/p>\n","protected":false},"author":1,"featured_media":5409,"parent":2843,"menu_order":0,"comment_status":"closed","ping_status":"closed","template":"","meta":{"footnotes":""},"categories":[20],"tags":[],"class_list":["post-5408","page","type-page","status-publish","has-post-thumbnail","hentry","category-product"],"blocksy_meta":[],"aioseo_notices":[],"_links":{"self":[{"href":"https:\/\/www.npackpm.com\/es\/wp-json\/wp\/v2\/pages\/5408","targetHints":{"allow":["GET"]}}],"collection":[{"href":"https:\/\/www.npackpm.com\/es\/wp-json\/wp\/v2\/pages"}],"about":[{"href":"https:\/\/www.npackpm.com\/es\/wp-json\/wp\/v2\/types\/page"}],"author":[{"embeddable":true,"href":"https:\/\/www.npackpm.com\/es\/wp-json\/wp\/v2\/users\/1"}],"replies":[{"embeddable":true,"href":"https:\/\/www.npackpm.com\/es\/wp-json\/wp\/v2\/comments?post=5408"}],"version-history":[{"count":31,"href":"https:\/\/www.npackpm.com\/es\/wp-json\/wp\/v2\/pages\/5408\/revisions"}],"predecessor-version":[{"id":5441,"href":"https:\/\/www.npackpm.com\/es\/wp-json\/wp\/v2\/pages\/5408\/revisions\/5441"}],"up":[{"embeddable":true,"href":"https:\/\/www.npackpm.com\/es\/wp-json\/wp\/v2\/pages\/2843"}],"wp:featuredmedia":[{"embeddable":true,"href":"https:\/\/www.npackpm.com\/es\/wp-json\/wp\/v2\/media\/5409"}],"wp:attachment":[{"href":"https:\/\/www.npackpm.com\/es\/wp-json\/wp\/v2\/media?parent=5408"}],"wp:term":[{"taxonomy":"category","embeddable":true,"href":"https:\/\/www.npackpm.com\/es\/wp-json\/wp\/v2\/categories?post=5408"},{"taxonomy":"post_tag","embeddable":true,"href":"https:\/\/www.npackpm.com\/es\/wp-json\/wp\/v2\/tags?post=5408"}],"curies":[{"name":"wp","href":"https:\/\/api.w.org\/{rel}","templated":true}]}}