{"id":2307,"date":"2025-10-14T01:34:38","date_gmt":"2025-10-14T01:34:38","guid":{"rendered":"https:\/\/www.npackpm.com\/?page_id=2307"},"modified":"2025-12-03T12:41:22","modified_gmt":"2025-12-03T12:41:22","slug":"usine-npack","status":"publish","type":"page","link":"https:\/\/www.npackpm.com\/fr\/about-us\/npack-factory","title":{"rendered":"Usine Npack"},"content":{"rendered":"<div data-elementor-type=\"wp-page\" data-elementor-id=\"2307\" class=\"elementor elementor-2307\" data-elementor-post-type=\"page\">\n\t\t\t\t<div class=\"elementor-element elementor-element-4b9d536 e-flex e-con-boxed e-con e-parent\" data-id=\"4b9d536\" data-element_type=\"container\" data-e-type=\"container\" data-settings=\"{&quot;background_background&quot;:&quot;classic&quot;}\">\n\t\t\t\t\t<div class=\"e-con-inner\">\n\t\t\t\t<div class=\"elementor-element elementor-element-acaf631 elementor-widget elementor-widget-text-editor\" data-id=\"acaf631\" data-element_type=\"widget\" data-e-type=\"widget\" data-widget_type=\"text-editor.default\">\n\t\t\t\t\t\t\t\t\tShanghai Npack se conforme aux normes internationales, garantissant qualit\u00e9 et fiabilit\u00e9. Des proc\u00e9d\u00e9s de fabrication rigoureux et un contr\u00f4le qualit\u00e9 d\u00e9passent syst\u00e9matiquement les attentes clients. Notre usine de 2 600 m\u00b2 \u00e9quip\u00e9e de technologies avanc\u00e9es permet une production pr\u00e9cise et \u00e9volutive, renfor\u00e7ant notre capacit\u00e9 \u00e0 fournir des r\u00e9sultats coh\u00e9rents \u00e0 l'\u00e9chelle mondiale.\t\t\t\t\t\t\t\t<\/div>\n\t\t\t\t<div class=\"elementor-element elementor-element-20b5fe3 elementor-widget elementor-widget-shortcode\" data-id=\"20b5fe3\" data-element_type=\"widget\" data-e-type=\"widget\" data-widget_type=\"shortcode.default\">\n\t\t\t\t\t\t\t<div class=\"elementor-shortcode\"><\/div>\n\t\t\t\t\t\t<\/div>\n\t\t\t\t\t<\/div>\n\t\t\t\t<\/div>\n\t\t<div class=\"elementor-element elementor-element-8b7b3ed e-flex e-con-boxed e-con e-parent\" data-id=\"8b7b3ed\" data-element_type=\"container\" data-e-type=\"container\">\n\t\t\t\t\t<div class=\"e-con-inner\">\n\t\t<div class=\"elementor-element elementor-element-f276830 e-con-full e-flex e-con e-child\" data-id=\"f276830\" data-element_type=\"container\" data-e-type=\"container\" data-settings=\"{&quot;background_background&quot;:&quot;classic&quot;}\">\n\t\t\t\t<\/div>\n\t\t<div class=\"elementor-element elementor-element-4052e27 e-con-full e-flex e-con e-child\" data-id=\"4052e27\" data-element_type=\"container\" data-e-type=\"container\">\n\t\t\t\t<div class=\"elementor-element elementor-element-d6e7de0 elementor-widget elementor-widget-heading\" data-id=\"d6e7de0\" data-element_type=\"widget\" data-e-type=\"widget\" data-widget_type=\"heading.default\">\n\t\t\t\t\t<h2 class=\"elementor-heading-title elementor-size-default\">Fabricant d'\u00c9quipements de Remplissage de Liquides<\/h2>\t\t\t\t<\/div>\n\t\t\t\t<div class=\"elementor-element elementor-element-2052fe8 elementor-widget-divider--view-line elementor-widget elementor-widget-divider\" data-id=\"2052fe8\" data-element_type=\"widget\" data-e-type=\"widget\" data-widget_type=\"divider.default\">\n\t\t\t\t\t\t\t<div class=\"elementor-divider\">\n\t\t\t<span class=\"elementor-divider-separator\">\n\t\t\t\t\t\t<\/span>\n\t\t<\/div>\n\t\t\t\t\t\t<\/div>\n\t\t\t\t<div class=\"elementor-element elementor-element-01f4660 elementor-widget elementor-widget-text-editor\" data-id=\"01f4660\" data-element_type=\"widget\" data-e-type=\"widget\" data-widget_type=\"text-editor.default\">\n\t\t\t\t\t\t\t\t\t<p>Shanghai Npack est un fabricant d'\u00e9quipements de conditionnement liquide, certifi\u00e9 annuellement par SGS. Notre usine dispose de 2600 m\u00b2 de surface productive avec les capacit\u00e9s v\u00e9rifi\u00e9es suivantes :<\/p>\t\t\t\t\t\t\t\t<\/div>\n\t\t\t\t<div class=\"elementor-element elementor-element-a69a78c elementor-widget elementor-widget-text-editor\" data-id=\"a69a78c\" data-element_type=\"widget\" data-e-type=\"widget\" data-widget_type=\"text-editor.default\">\n\t\t\t\t\t\t\t\t\t<ul><li>Centres de service international : Nous fournissons des services apr\u00e8s-vente locaux dans certains pays.<\/li><li>Personnalisation compl\u00e8te : nous proposons des solutions sur mesure selon vos sp\u00e9cifications<\/li><li>Personnalisation sur \u00e9chantillon : Npack prend en charge la customisation bas\u00e9e sur des \u00e9chantillons<\/li><li>Personnalisation sur plan : Npack prend en charge la customisation bas\u00e9e sur des dessins techniques<\/li><li>Personnalisation mineure : inclut le marquage de logos, l'adaptation des emballages ou \u00e9l\u00e9ments graphiques<\/li><li>Tra\u00e7abilit\u00e9 des mati\u00e8res premi\u00e8res : Npack assiste les acheteurs dans le suivi qualit\u00e9<\/li><li>Contr\u00f4le des produits finis : Npack effectue des inspections rigoureuses sur tous ses produits finis<\/li><li>Effectifs QA\/QC : Nombre d'inspecteurs d\u00e9di\u00e9s au contr\u00f4le qualit\u00e9 chez le fournisseur<\/li><li>Contr\u00f4le sur site des mati\u00e8res : Le fournisseur dispose d'un processus d'inspection adapt\u00e9 aux mati\u00e8res premi\u00e8res de ce produit<\/li><li>Tra\u00e7abilit\u00e9 qualit\u00e9 : Aide les acheteurs dans le suivi qualit\u00e9 int\u00e9gral<\/li><\/ul>\t\t\t\t\t\t\t\t<\/div>\n\t\t\t\t<\/div>\n\t\t\t\t\t<\/div>\n\t\t\t\t<\/div>\n\t\t<div class=\"elementor-element elementor-element-a52705b e-flex e-con-boxed e-con e-parent\" data-id=\"a52705b\" data-element_type=\"container\" data-e-type=\"container\" data-settings=\"{&quot;background_background&quot;:&quot;classic&quot;}\">\n\t\t\t\t\t<div class=\"e-con-inner\">\n\t\t<div class=\"elementor-element elementor-element-67bc7c5 e-con-full e-flex e-con e-child\" data-id=\"67bc7c5\" data-element_type=\"container\" data-e-type=\"container\">\n\t\t\t\t<div class=\"elementor-element elementor-element-ad3e20d elementor-widget elementor-widget-heading\" data-id=\"ad3e20d\" data-element_type=\"widget\" data-e-type=\"widget\" data-widget_type=\"heading.default\">\n\t\t\t\t\t<h2 class=\"elementor-heading-title elementor-size-default\">Galerie de l'Usine Npack<\/h2>\t\t\t\t<\/div>\n\t\t\t\t<div class=\"elementor-element elementor-element-949782b elementor-widget-divider--view-line elementor-widget elementor-widget-divider\" data-id=\"949782b\" data-element_type=\"widget\" data-e-type=\"widget\" data-widget_type=\"divider.default\">\n\t\t\t\t\t\t\t<div class=\"elementor-divider\">\n\t\t\t<span class=\"elementor-divider-separator\">\n\t\t\t\t\t\t<\/span>\n\t\t<\/div>\n\t\t\t\t\t\t<\/div>\n\t\t\t\t<div class=\"elementor-element elementor-element-91dea95 elementor-widget elementor-widget-text-editor\" data-id=\"91dea95\" data-element_type=\"widget\" data-e-type=\"widget\" data-widget_type=\"text-editor.default\">\n\t\t\t\t\t\t\t\t\t<p>Shanghai Npack se conforme strictement aux normes internationales et aux meilleures pratiques, d\u00e9montrant son engagement in\u00e9branlable envers l'excellence et la fiabilit\u00e9. Ce d\u00e9vouement \u00e0 la qualit\u00e9 se manifeste dans chaque aspect de ses activit\u00e9s, depuis la minutie apport\u00e9e aux processus de fabrication jusqu'aux mesures de contr\u00f4le qualit\u00e9 rigoureuses. En suivant des normes mondialement reconnues, Npack garantit que ses produits r\u00e9pondent syst\u00e9matiquement aux attentes des clients, renfor\u00e7ant ainsi sa r\u00e9putation de partenaire industriel digne de confiance.<\/p><p>L'usine de Shanghai Npack, avec sa superficie de 2 600 m\u00b2, t\u00e9moigne de ses solides capacit\u00e9s de production et de son envergure op\u00e9rationnelle. Con\u00e7ue pour accueillir des productions \u00e0 grande \u00e9chelle, cette installation souligne non seulement la diversit\u00e9 manufacturi\u00e8re de l'entreprise, mais aussi sa capacit\u00e9 \u00e0 r\u00e9pondre aux besoins \u00e9volutifs de sa client\u00e8le mondiale.<\/p><p>L'usine est \u00e9quip\u00e9e de machines de pointe et de technologies avanc\u00e9es, permettant \u00e0 Shanghai Npack de maintenir une productivit\u00e9 \u00e9lev\u00e9e tout en garantissant la pr\u00e9cision et la qualit\u00e9 de chaque produit. Cette capacit\u00e9 \u00e9tendue permet \u00e0 l'entreprise de g\u00e9rer des volumes de production importants, r\u00e9pondant aux besoins de diverses industries et march\u00e9s mondiaux.<\/p>\t\t\t\t\t\t\t\t<\/div>\n\t\t\t\t<\/div>\n\t\t<div class=\"elementor-element elementor-element-e8e50bd e-con-full e-flex e-con e-child\" data-id=\"e8e50bd\" data-element_type=\"container\" data-e-type=\"container\">\n\t\t\t\t<div class=\"elementor-element elementor-element-92f60d6 elementor-pagination-position-outside elementor-widget elementor-widget-image-carousel\" data-id=\"92f60d6\" data-element_type=\"widget\" data-e-type=\"widget\" data-settings=\"{&quot;slides_to_show&quot;:&quot;7&quot;,&quot;slides_to_show_tablet&quot;:&quot;5&quot;,&quot;slides_to_show_mobile&quot;:&quot;3&quot;,&quot;navigation&quot;:&quot;dots&quot;,&quot;autoplay_speed&quot;:2000,&quot;speed&quot;:15000,&quot;autoplay&quot;:&quot;yes&quot;,&quot;pause_on_hover&quot;:&quot;yes&quot;,&quot;pause_on_interaction&quot;:&quot;yes&quot;,&quot;infinite&quot;:&quot;yes&quot;,&quot;image_spacing_custom&quot;:{&quot;unit&quot;:&quot;px&quot;,&quot;size&quot;:20,&quot;sizes&quot;:[]},&quot;image_spacing_custom_tablet&quot;:{&quot;unit&quot;:&quot;px&quot;,&quot;size&quot;:&quot;&quot;,&quot;sizes&quot;:[]},&quot;image_spacing_custom_mobile&quot;:{&quot;unit&quot;:&quot;px&quot;,&quot;size&quot;:&quot;&quot;,&quot;sizes&quot;:[]}}\" data-widget_type=\"image-carousel.default\">\n\t\t\t\t\t\t\t<div class=\"elementor-image-carousel-wrapper swiper\" role=\"region\" aria-roledescription=\"carousel\" aria-label=\"\u56fe\u50cf\u8f6e\u64ad\" dir=\"ltr\">\n\t\t\t<div class=\"elementor-image-carousel swiper-wrapper swiper-image-stretch\" aria-live=\"off\">\n\t\t\t\t\t\t\t\t<div class=\"swiper-slide\" role=\"group\" aria-roledescription=\"slide\" aria-label=\"1 von 8\" data-no-translation-aria-label=\"\"><figure class=\"swiper-slide-inner\"><img alt=\"Npack Factory-Fabrication de machines de remplissage de liquides en Chine\" title=\"Npack Factory-Fabrication de machines de remplissage de liquides en Chine\" decoding=\"async\" class=\"swiper-slide-image\" src=\"https:\/\/www.npackpm.com\/wp-content\/uploads\/2025\/10\/2025101402031822.webp\" \/><\/figure><\/div><div class=\"swiper-slide\" role=\"group\" aria-roledescription=\"slide\" aria-label=\"2 von 8\" data-no-translation-aria-label=\"\"><figure class=\"swiper-slide-inner\"><img alt=\"Npack Factory-Fabrication de machines de remplissage de liquides en Chine\" title=\"Npack Factory-Fabrication de machines de remplissage de liquides en Chine\" decoding=\"async\" class=\"swiper-slide-image\" src=\"https:\/\/www.npackpm.com\/wp-content\/uploads\/2025\/10\/2025101402031951.webp\" \/><\/figure><\/div><div class=\"swiper-slide\" role=\"group\" aria-roledescription=\"slide\" aria-label=\"3 von 8\" data-no-translation-aria-label=\"\"><figure class=\"swiper-slide-inner\"><img alt=\"Npack Factory-Fabrication de machines de remplissage de liquides en Chine\" title=\"Npack Factory-Fabrication de machines de remplissage de liquides en Chine\" decoding=\"async\" class=\"swiper-slide-image\" src=\"https:\/\/www.npackpm.com\/wp-content\/uploads\/2025\/10\/2025101402031971.webp\" \/><\/figure><\/div><div class=\"swiper-slide\" role=\"group\" aria-roledescription=\"slide\" aria-label=\"4 von 8\" data-no-translation-aria-label=\"\"><figure class=\"swiper-slide-inner\"><img alt=\"Npack Factory-Fabrication de machines de remplissage de liquides en Chine\" title=\"Npack Factory-Fabrication de machines de remplissage de liquides en Chine\" decoding=\"async\" class=\"swiper-slide-image\" src=\"https:\/\/www.npackpm.com\/wp-content\/uploads\/2025\/10\/2025101402032024.webp\" \/><\/figure><\/div><div class=\"swiper-slide\" role=\"group\" aria-roledescription=\"slide\" aria-label=\"5 von 8\" data-no-translation-aria-label=\"\"><figure class=\"swiper-slide-inner\"><img alt=\"Npack Factory-Fabrication de machines de remplissage de liquides en Chine\" title=\"Npack Factory-Fabrication de machines de remplissage de liquides en Chine\" decoding=\"async\" class=\"swiper-slide-image\" src=\"https:\/\/www.npackpm.com\/wp-content\/uploads\/2025\/10\/2025101402032027.webp\" \/><\/figure><\/div><div class=\"swiper-slide\" role=\"group\" aria-roledescription=\"slide\" aria-label=\"6 von 8\" data-no-translation-aria-label=\"\"><figure class=\"swiper-slide-inner\"><img alt=\"Npack Factory-Fabrication de machines de remplissage de liquides en Chine\" title=\"Npack Factory-Fabrication de machines de remplissage de liquides en Chine\" decoding=\"async\" class=\"swiper-slide-image\" src=\"https:\/\/www.npackpm.com\/wp-content\/uploads\/2025\/10\/2025101402032116.webp\" \/><\/figure><\/div><div class=\"swiper-slide\" role=\"group\" aria-roledescription=\"slide\" aria-label=\"7 von 8\" data-no-translation-aria-label=\"\"><figure class=\"swiper-slide-inner\"><img alt=\"Npack Factory-Fabrication de machines de remplissage de liquides en Chine\" title=\"Npack Factory-Fabrication de machines de remplissage de liquides en Chine\" decoding=\"async\" class=\"swiper-slide-image\" src=\"https:\/\/www.npackpm.com\/wp-content\/uploads\/2025\/10\/2025101402032122.webp\" \/><\/figure><\/div><div class=\"swiper-slide\" role=\"group\" aria-roledescription=\"slide\" aria-label=\"8 von 8\" data-no-translation-aria-label=\"\"><figure class=\"swiper-slide-inner\"><img alt=\"Npack Factory-Fabrication de machines de remplissage de liquides en Chine\" title=\"Npack Factory-Fabrication de machines de remplissage de liquides en Chine\" decoding=\"async\" class=\"swiper-slide-image\" src=\"https:\/\/www.npackpm.com\/wp-content\/uploads\/2025\/10\/2025101402032274.webp\" \/><\/figure><\/div>\t\t\t<\/div>\n\t\t\t\t\t\t\t\n\t\t\t\t\t\t\t\t\t<div class=\"swiper-pagination\"><\/div>\n\t\t\t\t\t\t\t\t\t<\/div>\n\t\t\t\t\t\t<\/div>\n\t\t\t\t<\/div>\n\t\t\t\t\t<\/div>\n\t\t\t\t<\/div>\n\t\t\t\t<\/div>","protected":false},"excerpt":{"rendered":"<p>Shanghai Npack adheres to international standards, ensuring high quality and reliability. Rigorous manufacturing and quality control meet or exceed customer expectations. A 2,600 sqm factory with advanced equipment supports scalable, precise production for global needs. This capacity reinforces their ability to deliver consistent results worldwide. Liquid Bottling Equipments Manufacturer Shanghai Npack is a liquid bottling [&hellip;]<\/p>\n","protected":false},"author":1,"featured_media":0,"parent":1231,"menu_order":0,"comment_status":"closed","ping_status":"closed","template":"","meta":{"footnotes":""},"categories":[],"tags":[],"class_list":["post-2307","page","type-page","status-publish","hentry"],"blocksy_meta":{"page_title_panel":"","has_hero_section":"disabled","f085eb16c0e9105cad21860354a04500":"","hero_section":"type-1","hero_elements":[{"id":"custom_title","enabled":true,"heading_tag":"h1","title":"ACCUEIL"},{"id":"custom_description","enabled":true,"description_visibility":{"desktop":true,"tablet":true,"mobile":false}},{"id":"custom_meta","enabled":false,"meta_elements":[{"id":"author","enabled":true,"label":"By","has_author_avatar":"yes","avatar_size":25},{"id":"post_date","enabled":true,"label":"On","date_format_source":"default","date_format":"M j, Y"},{"id":"updated_date","enabled":false,"label":"On","date_format_source":"default","date_format":"M j, Y"},{"id":"categories","enabled":false,"label":"In","style":"simple"},{"id":"comments","enabled":true}],"page_meta_elements":{"joined":true,"articles_count":true,"comments":true}},{"id":"breadcrumbs","enabled":false}],"80a6f281ffc752406fd97962cb73de8c":"","hero_alignment1":"CT_CSS_SKIP_RULE","hero_margin":40,"hero_alignment2":"center","hero_vertical_alignment":"center","9d64e7f7b679fdbdbfe7dd16ad608df2":"","hero_structure":"narrow","15f16c7eaf5830e9a495f6af7c62e10b":"","page_title_bg_type":"featured_image","custom_hero_background":{"attachment_id":null},"parallax":{"desktop":false,"tablet":false,"mobile":false},"55b3f37122ff81df03bceb3b8aae88f1":"","hero_height":"250px","pageTitleFont":{"family":"Default","variation":"Default","size":"30px","line-height":"CT_CSS_SKIP_RULE","letter-spacing":"CT_CSS_SKIP_RULE","text-transform":"CT_CSS_SKIP_RULE","text-decoration":"CT_CSS_SKIP_RULE"},"pageTitleFontColor":{"default":{"color":"CT_CSS_SKIP_RULEDEFAULT"}},"pageMetaFont":{"family":"Default","variation":"n6","size":"12px","line-height":"1.3","letter-spacing":"CT_CSS_SKIP_RULE","text-transform":"uppercase","text-decoration":"CT_CSS_SKIP_RULE"},"pageMetaFontColor":{"default":{"color":"CT_CSS_SKIP_RULEDEFAULT"},"hover":{"color":"CT_CSS_SKIP_RULEDEFAULT"}},"page_meta_button_type_font_colors":{"default":{"color":"CT_CSS_SKIP_RULEDEFAULT"},"hover":{"color":"CT_CSS_SKIP_RULEDEFAULT"}},"page_meta_button_type_background_colors":{"default":{"color":"CT_CSS_SKIP_RULEDEFAULT"},"hover":{"color":"CT_CSS_SKIP_RULEDEFAULT"}},"pageExcerptFont":{"family":"Default","variation":"Default","size":"CT_CSS_SKIP_RULE","line-height":"CT_CSS_SKIP_RULE","letter-spacing":"CT_CSS_SKIP_RULE","text-transform":"CT_CSS_SKIP_RULE","text-decoration":"CT_CSS_SKIP_RULE"},"pageExcerptColor":{"default":{"color":"CT_CSS_SKIP_RULEDEFAULT"}},"breadcrumbsFont":{"family":"Default","variation":"Default","size":"CT_CSS_SKIP_RULE","line-height":"CT_CSS_SKIP_RULE","letter-spacing":"CT_CSS_SKIP_RULE","text-transform":"CT_CSS_SKIP_RULE","text-decoration":"CT_CSS_SKIP_RULE"},"breadcrumbsFontColor":{"default":{"color":"CT_CSS_SKIP_RULEDEFAULT"},"initial":{"color":"CT_CSS_SKIP_RULEDEFAULT"},"hover":{"color":"CT_CSS_SKIP_RULEDEFAULT"}},"pageTitleOverlay":{"background_type":"color","background_pattern":"type-1","background_image":{"attachment_id":null,"x":0,"y":0},"gradient":"linear-gradient(135deg,rgba(6,147,227,1) 0%,rgb(155,81,224) 100%)","background_repeat":"repeat","background_size":"auto","background_attachment":"scroll","patternColor":{"default":{"color":"#e5e7ea"}},"overlayColor":{"default":{"color":"CT_CSS_SKIP_RULE"}},"backgroundColor":{"default":{"color":"CT_CSS_SKIP_RULE"}}},"pageTitleBackground":{"background_type":"color","background_pattern":"type-1","background_image":{"attachment_id":null,"x":0,"y":0},"gradient":"linear-gradient(135deg,rgba(6,147,227,1) 0%,rgb(155,81,224) 100%)","background_repeat":"repeat","background_size":"auto","background_attachment":"scroll","patternColor":{"default":{"color":"#e5e7ea"}},"overlayColor":{"default":{"color":"CT_CSS_SKIP_RULE"}},"backgroundColor":{"default":{"color":"var(--theme-palette-color-6)"}}},"pageTitlePadding":{"top":"50px","bottom":"50px","left":"auto","right":"auto","linked":true},"9103bedb4e5715c387bfde8d7e5e7a18":"","page_structure_type":"default","b9cc905f0ea5815e087db41718adbc3e":"","content_style_source":"inherit","content_style":"wide","vertical_spacing_source":"custom","content_area_spacing":"none","background":{"background_type":"color","background_pattern":"type-1","background_image":{"attachment_id":null,"x":0,"y":0},"gradient":"linear-gradient(135deg,rgba(6,147,227,1) 0%,rgb(155,81,224) 100%)","background_repeat":"repeat","background_size":"auto","background_attachment":"scroll","patternColor":{"default":{"color":"#e5e7ea"}},"overlayColor":{"default":{"color":"CT_CSS_SKIP_RULE"}},"backgroundColor":{"default":{"color":"CT_CSS_SKIP_RULE"}}},"content_background":{"background_type":"color","background_pattern":"type-1","background_image":{"attachment_id":null,"x":0,"y":0},"gradient":"linear-gradient(135deg,rgba(6,147,227,1) 0%,rgb(155,81,224) 100%)","background_repeat":"repeat","background_size":"auto","background_attachment":"scroll","patternColor":{"default":{"color":"#e5e7ea"}},"overlayColor":{"default":{"color":"CT_CSS_SKIP_RULE"}},"backgroundColor":{"default":{"color":"var(--theme-palette-color-8)"}}},"content_boxed_shadow":{"inherit":false,"blur":18,"spread":-6,"v_offset":12,"h_offset":0,"inset":false,"enable":true,"color":{"color":"rgba(34, 56, 101, 0.04)"}},"boxed_content_spacing":{"desktop":{"top":"40px","bottom":"40px","left":"40px","right":"40px","linked":true},"tablet":{"top":"35px","bottom":"35px","left":"35px","right":"35px","linked":true},"mobile":{"top":"20px","bottom":"20px","left":"20px","right":"20px","linked":true}},"content_boxed_radius":{"top":"3px","bottom":"3px","left":"3px","right":"3px","linked":true},"89628c653bb5c228b1669e0e1d9c4f9d":"","disable_featured_image":"no","disable_share_box":"no","disable_header":"no","disable_footer":"no","styles_descriptor":{"styles":{"desktop":"","tablet":"","mobile":""},"google_fonts":[],"version":6}},"aioseo_notices":[],"_links":{"self":[{"href":"https:\/\/www.npackpm.com\/fr\/wp-json\/wp\/v2\/pages\/2307","targetHints":{"allow":["GET"]}}],"collection":[{"href":"https:\/\/www.npackpm.com\/fr\/wp-json\/wp\/v2\/pages"}],"about":[{"href":"https:\/\/www.npackpm.com\/fr\/wp-json\/wp\/v2\/types\/page"}],"author":[{"embeddable":true,"href":"https:\/\/www.npackpm.com\/fr\/wp-json\/wp\/v2\/users\/1"}],"replies":[{"embeddable":true,"href":"https:\/\/www.npackpm.com\/fr\/wp-json\/wp\/v2\/comments?post=2307"}],"version-history":[{"count":31,"href":"https:\/\/www.npackpm.com\/fr\/wp-json\/wp\/v2\/pages\/2307\/revisions"}],"predecessor-version":[{"id":4334,"href":"https:\/\/www.npackpm.com\/fr\/wp-json\/wp\/v2\/pages\/2307\/revisions\/4334"}],"up":[{"embeddable":true,"href":"https:\/\/www.npackpm.com\/fr\/wp-json\/wp\/v2\/pages\/1231"}],"wp:attachment":[{"href":"https:\/\/www.npackpm.com\/fr\/wp-json\/wp\/v2\/media?parent=2307"}],"wp:term":[{"taxonomy":"category","embeddable":true,"href":"https:\/\/www.npackpm.com\/fr\/wp-json\/wp\/v2\/categories?post=2307"},{"taxonomy":"post_tag","embeddable":true,"href":"https:\/\/www.npackpm.com\/fr\/wp-json\/wp\/v2\/tags?post=2307"}],"curies":[{"name":"wp","href":"https:\/\/api.w.org\/{rel}","templated":true}]}}