{"id":5408,"date":"2026-01-30T03:54:45","date_gmt":"2026-01-30T03:54:45","guid":{"rendered":"https:\/\/www.npackpm.com\/?page_id=5408"},"modified":"2026-01-30T04:04:23","modified_gmt":"2026-01-30T04:04:23","slug":"machine-monobloc-de-remplissage-de-flacons-de-bouchage-interieur-et-de-capsulage","status":"publish","type":"page","link":"https:\/\/www.npackpm.com\/fr\/monoblock-filling-machine\/monoblock-vial-filling-inner-plugging-and-capping-machine","title":{"rendered":"Machine Monobloc de Remplissage, Bouchonnage et Capsulage de Flacons"},"content":{"rendered":"<div data-elementor-type=\"wp-page\" data-elementor-id=\"5408\" class=\"elementor elementor-5408\" data-elementor-post-type=\"page\">\n\t\t\t\t<div class=\"elementor-element elementor-element-5e766aea e-flex e-con-boxed e-con e-parent\" data-id=\"5e766aea\" data-element_type=\"container\" data-e-type=\"container\" data-settings=\"{&quot;background_background&quot;:&quot;classic&quot;}\">\n\t\t\t\t\t<div class=\"e-con-inner\">\n\t\t\t\t\t<\/div>\n\t\t\t\t<\/div>\n\t\t<div class=\"elementor-element elementor-element-1ac4a152 e-flex e-con-boxed e-con e-parent\" data-id=\"1ac4a152\" data-element_type=\"container\" data-e-type=\"container\">\n\t\t\t\t\t<div class=\"e-con-inner\">\n\t\t<div class=\"elementor-element elementor-element-6bd0c520 e-con-full e-flex e-con e-child\" data-id=\"6bd0c520\" data-element_type=\"container\" data-e-type=\"container\">\n\t\t\t\t<div class=\"elementor-element elementor-element-c62fbfe elementor-widget elementor-widget-heading\" data-id=\"c62fbfe\" data-element_type=\"widget\" data-e-type=\"widget\" data-widget_type=\"heading.default\">\n\t\t\t\t\t<h2 class=\"elementor-heading-title elementor-size-default\">Machine Monobloc NP-MFC de Remplissage, Bouchonnage et Capsulage de Flacons<\/h2>\t\t\t\t<\/div>\n\t\t\t\t<div class=\"elementor-element elementor-element-2e19e645 elementor-widget-divider--view-line elementor-widget elementor-widget-divider\" data-id=\"2e19e645\" data-element_type=\"widget\" data-e-type=\"widget\" data-widget_type=\"divider.default\">\n\t\t\t\t\t\t\t<div class=\"elementor-divider\">\n\t\t\t<span class=\"elementor-divider-separator\">\n\t\t\t\t\t\t<\/span>\n\t\t<\/div>\n\t\t\t\t\t\t<\/div>\n\t\t\t\t<div class=\"elementor-element elementor-element-34707433 elementor-widget elementor-widget-text-editor\" data-id=\"34707433\" data-element_type=\"widget\" data-e-type=\"widget\" data-widget_type=\"text-editor.default\">\n\t\t\t\t\t\t\t\t\t<p>La machine monobloc NP-MFC de remplissage, bouchonnage et capsulage de flacons est une solution compacte de conditionnement qui int\u00e8gre le remplissage, le bouchonnage interne et le capsulage\/scellage en une seule unit\u00e9. Apr\u00e8s des ann\u00e9es de d\u00e9veloppement dans l'industrie de l'emballage et l'\u00e9volution des normes, nous avons ajout\u00e9 en option une fonction de rin\u00e7age\/nettoyage sur ce monobloc, ce qui permet \u00e9galement de la qualifier de machine 4-en-1.<br \/>Les machines monoblocs de remplissage de flacons aident les fabricants \u00e0 optimiser l'espace au sol, \u00e0 r\u00e9duire la main-d'\u0153uvre et \u00e0 maintenir une qualit\u00e9 de produit constante. Cette machine est principalement utilis\u00e9e dans les secteurs pharmaceutique, cosm\u00e9tique, alimentaire ou chimique.<\/p>\t\t\t\t\t\t\t\t<\/div>\n\t\t\t\t<\/div>\n\t\t<div class=\"elementor-element elementor-element-1bef78f e-con-full e-flex e-con e-child\" data-id=\"1bef78f\" data-element_type=\"container\" data-e-type=\"container\">\n\t\t\t\t<div class=\"elementor-element elementor-element-6a37da6e elementor-widget elementor-widget-video\" data-id=\"6a37da6e\" data-element_type=\"widget\" data-e-type=\"widget\" data-settings=\"{&quot;youtube_url&quot;:&quot;https:\\\/\\\/youtu.be\\\/5ejVOUh_CQ0?list=PL3rEPhyyma23HgqnYKkiJBNxXIJJCrkdH&quot;,&quot;show_image_overlay&quot;:&quot;yes&quot;,&quot;image_overlay&quot;:{&quot;url&quot;:&quot;https:\\\/\\\/www.npackpm.com\\\/wp-content\\\/uploads\\\/2026\\\/01\\\/2026012903392484.webp&quot;,&quot;id&quot;:5409,&quot;size&quot;:&quot;&quot;,&quot;alt&quot;:&quot;Monoblock Vial Filling, Inner Plugging, and Capping Machine&quot;,&quot;source&quot;:&quot;library&quot;},&quot;video_type&quot;:&quot;youtube&quot;,&quot;controls&quot;:&quot;yes&quot;}\" data-widget_type=\"video.default\">\n\t\t\t\t\t\t\t<div class=\"elementor-wrapper elementor-open-inline\">\n\t\t\t<div class=\"elementor-video\"><\/div>\t\t\t\t<div class=\"elementor-custom-embed-image-overlay\" style=\"background-image: url(https:\/\/www.npackpm.com\/wp-content\/uploads\/2026\/01\/2026012903392484.webp);\">\n\t\t\t\t\t\t\t\t\t\t\t\t\t\t\t\t<div class=\"elementor-custom-embed-play\" role=\"button\" aria-label=\"Lire la vid\u00e9o sur Monoblock Vial Filling, Inner Plugging, and Capping Machine\" tabindex=\"0\" data-no-translation-aria-label=\"\">\n\t\t\t\t\t\t\t<svg aria-hidden=\"true\" class=\"e-font-icon-svg e-eicon-play\" viewbox=\"0 0 1000 1000\" xmlns=\"http:\/\/www.w3.org\/2000\/svg\"><path d=\"M838 162C746 71 633 25 500 25 371 25 258 71 163 162 71 254 25 367 25 500 25 633 71 746 163 837 254 929 367 979 500 979 633 979 746 933 838 837 929 746 975 633 975 500 975 367 929 254 838 162M808 192C892 279 933 379 933 500 933 621 892 725 808 808 725 892 621 938 500 938 379 938 279 896 196 808 113 725 67 621 67 500 67 379 108 279 196 192 279 108 383 62 500 62 621 62 721 108 808 192M438 392V642L642 517 438 392Z\"><\/path><\/svg>\t\t\t\t\t\t<\/div>\n\t\t\t\t\t\t\t\t\t<\/div>\n\t\t\t\t\t<\/div>\n\t\t\t\t\t\t<\/div>\n\t\t\t\t<\/div>\n\t\t\t\t\t<\/div>\n\t\t\t\t<\/div>\n\t\t<div class=\"elementor-element elementor-element-1d6736c9 e-flex e-con-boxed e-con e-parent\" data-id=\"1d6736c9\" data-element_type=\"container\" data-e-type=\"container\" data-settings=\"{&quot;background_background&quot;:&quot;classic&quot;}\">\n\t\t\t\t\t<div class=\"e-con-inner\">\n\t\t<div class=\"elementor-element elementor-element-3bfc667 e-con-full e-flex e-con e-child\" data-id=\"3bfc667\" data-element_type=\"container\" data-e-type=\"container\">\n\t\t\t\t<div class=\"elementor-element elementor-element-5164167d elementor-widget elementor-widget-heading\" data-id=\"5164167d\" data-element_type=\"widget\" data-e-type=\"widget\" data-widget_type=\"heading.default\">\n\t\t\t\t\t<h2 class=\"elementor-heading-title elementor-size-default\">Principales caract\u00e9ristiques de la machine monobloc de remplissage, bouchonnage interne et capsulage de flacons<\/h2>\t\t\t\t<\/div>\n\t\t\t\t<div class=\"elementor-element elementor-element-238385ac elementor-widget-divider--view-line elementor-widget elementor-widget-divider\" data-id=\"238385ac\" data-element_type=\"widget\" data-e-type=\"widget\" data-widget_type=\"divider.default\">\n\t\t\t\t\t\t\t<div class=\"elementor-divider\">\n\t\t\t<span class=\"elementor-divider-separator\">\n\t\t\t\t\t\t<\/span>\n\t\t<\/div>\n\t\t\t\t\t\t<\/div>\n\t\t\t\t<div class=\"elementor-element elementor-element-6af38864 elementor-widget elementor-widget-text-editor\" data-id=\"6af38864\" data-element_type=\"widget\" data-e-type=\"widget\" data-widget_type=\"text-editor.default\">\n\t\t\t\t\t\t\t\t\t<p>Npack propose des machines personnalis\u00e9es pour r\u00e9pondre \u00e0 vos besoins d'emballage automatis\u00e9. Si vous envisagez de moderniser votre ligne de conditionnement, il est utile de comprendre ce qui distingue les machines monoblocs automatiques. Nous avons con\u00e7u cette remplisseuse monobloc en nous basant sur les caract\u00e9ristiques principales suivantes.<\/p>\t\t\t\t\t\t\t\t<\/div>\n\t\t\t\t<\/div>\n\t\t<div class=\"elementor-element elementor-element-165054a e-con-full e-flex e-con e-child\" data-id=\"165054a\" data-element_type=\"container\" data-e-type=\"container\">\n\t\t<div class=\"elementor-element elementor-element-4f791905 e-grid e-con-full e-con e-child\" data-id=\"4f791905\" data-element_type=\"container\" data-e-type=\"container\">\n\t\t<div class=\"elementor-element elementor-element-2796433b brown-hover e-con-full e-flex e-con e-child\" data-id=\"2796433b\" data-element_type=\"container\" data-e-type=\"container\" data-settings=\"{&quot;background_background&quot;:&quot;classic&quot;}\">\n\t\t\t\t<div class=\"elementor-element elementor-element-1f1e77b3 elementor-widget elementor-widget-icon-box\" data-id=\"1f1e77b3\" data-element_type=\"widget\" data-e-type=\"widget\" data-widget_type=\"icon-box.default\">\n\t\t\t\t\t\t\t<div class=\"elementor-icon-box-wrapper\">\n\n\t\t\t\n\t\t\t\t\t\t<div class=\"elementor-icon-box-content\">\n\n\t\t\t\t\t\t\t\t\t<h3 class=\"elementor-icon-box-title\">\n\t\t\t\t\t\t<span  >\n\t\t\t\t\t\t\tRemplissage de Pr\u00e9cision\t\t\t\t\t\t<\/span>\n\t\t\t\t\t<\/h3>\n\t\t\t\t\n\t\t\t\t\t\t\t\t\t<p class=\"elementor-icon-box-description\">\n\t\t\t\t\t\tAdaptables \u00e0 des pistons volum\u00e9triques ou pompes asservis de pointe, ces syst\u00e8mes garantissent que chaque r\u00e9cipient est rempli avec pr\u00e9cision au niveau ou selon la tol\u00e9rance programm\u00e9e \u2014 id\u00e9al pour des applications allant des produits pharmaceutiques aux cosm\u00e9tiques sp\u00e9cialis\u00e9s.\t\t\t\t\t<\/p>\n\t\t\t\t\n\t\t\t<\/div>\n\t\t\t\n\t\t<\/div>\n\t\t\t\t\t\t<\/div>\n\t\t\t\t<\/div>\n\t\t<div class=\"elementor-element elementor-element-447c71aa brown-hover e-con-full e-flex e-con e-child\" data-id=\"447c71aa\" data-element_type=\"container\" data-e-type=\"container\" data-settings=\"{&quot;background_background&quot;:&quot;classic&quot;}\">\n\t\t\t\t<div class=\"elementor-element elementor-element-66836234 elementor-widget elementor-widget-icon-box\" data-id=\"66836234\" data-element_type=\"widget\" data-e-type=\"widget\" data-widget_type=\"icon-box.default\">\n\t\t\t\t\t\t\t<div class=\"elementor-icon-box-wrapper\">\n\n\t\t\t\n\t\t\t\t\t\t<div class=\"elementor-icon-box-content\">\n\n\t\t\t\t\t\t\t\t\t<h3 class=\"elementor-icon-box-title\">\n\t\t\t\t\t\t<span  >\n\t\t\t\t\t\t\tObturation int\u00e9rieure automatis\u00e9e\t\t\t\t\t\t<\/span>\n\t\t\t\t\t<\/h3>\n\t\t\t\t\n\t\t\t\t\t\t\t\t\t<p class=\"elementor-icon-box-description\">\n\t\t\t\t\t\tUn m\u00e9canisme robotique automatique saisit et place les bouchons internes avec une orientation et une profondeur constantes, r\u00e9duisant ainsi la manipulation manuelle et garantissant une qualit\u00e9 uniforme.\t\t\t\t\t<\/p>\n\t\t\t\t\n\t\t\t<\/div>\n\t\t\t\n\t\t<\/div>\n\t\t\t\t\t\t<\/div>\n\t\t\t\t<\/div>\n\t\t<div class=\"elementor-element elementor-element-6a9d92bb brown-hover e-con-full e-flex e-con e-child\" data-id=\"6a9d92bb\" data-element_type=\"container\" data-e-type=\"container\" data-settings=\"{&quot;background_background&quot;:&quot;classic&quot;}\">\n\t\t\t\t<div class=\"elementor-element elementor-element-424cda9a elementor-widget elementor-widget-icon-box\" data-id=\"424cda9a\" data-element_type=\"widget\" data-e-type=\"widget\" data-widget_type=\"icon-box.default\">\n\t\t\t\t\t\t\t<div class=\"elementor-icon-box-wrapper\">\n\n\t\t\t\n\t\t\t\t\t\t<div class=\"elementor-icon-box-content\">\n\n\t\t\t\t\t\t\t\t\t<h3 class=\"elementor-icon-box-title\">\n\t\t\t\t\t\t<span  >\n\t\t\t\t\t\t\tVis de contr\u00f4le du couple Capuchon\t\t\t\t\t\t<\/span>\n\t\t\t\t\t<\/h3>\n\t\t\t\t\n\t\t\t\t\t\t\t\t\t<p class=\"elementor-icon-box-description\">\n\t\t\t\t\t\t\u00c9quip\u00e9 d'un moteur servo Siemens pour le contr\u00f4le du couple, la station de capsulage assure la fermeture herm\u00e9tique de chaque capsule, minimisant les risques de fuite ou d'alt\u00e9ration du produit. Il s'agit d'une fonction indispensable dans les secteurs cosm\u00e9tique et pharmaceutique.\t\t\t\t\t<\/p>\n\t\t\t\t\n\t\t\t<\/div>\n\t\t\t\n\t\t<\/div>\n\t\t\t\t\t\t<\/div>\n\t\t\t\t<\/div>\n\t\t<div class=\"elementor-element elementor-element-1f38f984 brown-hover e-con-full e-flex e-con e-child\" data-id=\"1f38f984\" data-element_type=\"container\" data-e-type=\"container\" data-settings=\"{&quot;background_background&quot;:&quot;classic&quot;}\">\n\t\t\t\t<div class=\"elementor-element elementor-element-58e2449 elementor-widget elementor-widget-icon-box\" data-id=\"58e2449\" data-element_type=\"widget\" data-e-type=\"widget\" data-widget_type=\"icon-box.default\">\n\t\t\t\t\t\t\t<div class=\"elementor-icon-box-wrapper\">\n\n\t\t\t\n\t\t\t\t\t\t<div class=\"elementor-icon-box-content\">\n\n\t\t\t\t\t\t\t\t\t<h3 class=\"elementor-icon-box-title\">\n\t\t\t\t\t\t<span  >\n\t\t\t\t\t\t\tManutention flexible des conteneurs\t\t\t\t\t\t<\/span>\n\t\t\t\t\t<\/h3>\n\t\t\t\t\n\t\t\t\t\t\t\t\t\t<p class=\"elementor-icon-box-description\">\n\t\t\t\t\t\tDes pi\u00e8ces \u00e0 changement rapide et des guides adaptables s'ajustent \u00e0 diff\u00e9rentes formes de bouteilles et mat\u00e9riaux, que vous utilisiez des flacons en verre ou en plastique PET.\t\t\t\t\t<\/p>\n\t\t\t\t\n\t\t\t<\/div>\n\t\t\t\n\t\t<\/div>\n\t\t\t\t\t\t<\/div>\n\t\t\t\t<\/div>\n\t\t<div class=\"elementor-element elementor-element-614c67b4 brown-hover e-con-full e-flex e-con e-child\" data-id=\"614c67b4\" data-element_type=\"container\" data-e-type=\"container\" data-settings=\"{&quot;background_background&quot;:&quot;classic&quot;}\">\n\t\t\t\t<div class=\"elementor-element elementor-element-e553063 elementor-widget elementor-widget-icon-box\" data-id=\"e553063\" data-element_type=\"widget\" data-e-type=\"widget\" data-widget_type=\"icon-box.default\">\n\t\t\t\t\t\t\t<div class=\"elementor-icon-box-wrapper\">\n\n\t\t\t\n\t\t\t\t\t\t<div class=\"elementor-icon-box-content\">\n\n\t\t\t\t\t\t\t\t\t<h3 class=\"elementor-icon-box-title\">\n\t\t\t\t\t\t<span  >\n\t\t\t\t\t\t\tConception compacte et efficace\t\t\t\t\t\t<\/span>\n\t\t\t\t\t<\/h3>\n\t\t\t\t\n\t\t\t\t\t\t\t\t\t<p class=\"elementor-icon-box-description\">\n\t\t\t\t\t\tEn regroupant toutes les fonctions en un seul monobloc, ces machines permettent d'\u00e9conomiser un espace et un temps consid\u00e9rables, tout en r\u00e9duisant les points de transfert du produit et les risques de contamination.\t\t\t\t\t<\/p>\n\t\t\t\t\n\t\t\t<\/div>\n\t\t\t\n\t\t<\/div>\n\t\t\t\t\t\t<\/div>\n\t\t\t\t<\/div>\n\t\t<div class=\"elementor-element elementor-element-36584c32 brown-hover e-con-full e-flex e-con e-child\" data-id=\"36584c32\" data-element_type=\"container\" data-e-type=\"container\" data-settings=\"{&quot;background_background&quot;:&quot;classic&quot;}\">\n\t\t\t\t<div class=\"elementor-element elementor-element-474eed9e elementor-widget elementor-widget-icon-box\" data-id=\"474eed9e\" data-element_type=\"widget\" data-e-type=\"widget\" data-widget_type=\"icon-box.default\">\n\t\t\t\t\t\t\t<div class=\"elementor-icon-box-wrapper\">\n\n\t\t\t\n\t\t\t\t\t\t<div class=\"elementor-icon-box-content\">\n\n\t\t\t\t\t\t\t\t\t<h3 class=\"elementor-icon-box-title\">\n\t\t\t\t\t\t<span  >\n\t\t\t\t\t\t\tContr\u00f4les conviviaux\t\t\t\t\t\t<\/span>\n\t\t\t\t\t<\/h3>\n\t\t\t\t\n\t\t\t\t\t\t\t\t\t<p class=\"elementor-icon-box-description\">\n\t\t\t\t\t\tLes automates Siemens avanc\u00e9s et les \u00e9crans tactiles permettent des changements de recettes simples, la d\u00e9tection d'erreurs et une surveillance en temps r\u00e9el, ce qui facilite les r\u00e9glages et le d\u00e9pannage.\t\t\t\t\t<\/p>\n\t\t\t\t\n\t\t\t<\/div>\n\t\t\t\n\t\t<\/div>\n\t\t\t\t\t\t<\/div>\n\t\t\t\t<\/div>\n\t\t\t\t<\/div>\n\t\t\t\t<\/div>\n\t\t\t\t\t<\/div>\n\t\t\t\t<\/div>\n\t\t<div class=\"elementor-element elementor-element-786a36ea e-flex e-con-boxed e-con e-parent\" data-id=\"786a36ea\" data-element_type=\"container\" data-e-type=\"container\" data-settings=\"{&quot;background_background&quot;:&quot;classic&quot;}\">\n\t\t\t\t\t<div class=\"e-con-inner\">\n\t\t<div class=\"elementor-element elementor-element-52da31d e-con-full e-flex e-con e-child\" data-id=\"52da31d\" data-element_type=\"container\" data-e-type=\"container\">\n\t\t<div class=\"elementor-element elementor-element-3408790a e-grid e-con-full e-con e-child\" data-id=\"3408790a\" data-element_type=\"container\" data-e-type=\"container\">\n\t\t<div class=\"elementor-element elementor-element-42c21c4a e-con-full e-flex e-con e-child\" data-id=\"42c21c4a\" data-element_type=\"container\" data-e-type=\"container\">\n\t\t\t\t<div class=\"elementor-element elementor-element-73368325 elementor-widget elementor-widget-heading\" data-id=\"73368325\" data-element_type=\"widget\" data-e-type=\"widget\" data-widget_type=\"heading.default\">\n\t\t\t\t\t<p class=\"elementor-heading-title elementor-size-default\">Principaux param\u00e8tres de la machine<\/p>\t\t\t\t<\/div>\n\t\t\t\t<div class=\"elementor-element elementor-element-2e607eff elementor-widget elementor-widget-heading\" data-id=\"2e607eff\" data-element_type=\"widget\" data-e-type=\"widget\" data-widget_type=\"heading.default\">\n\t\t\t\t\t<h3 class=\"elementor-heading-title elementor-size-default\"><a href=\"https:\/\/www.npack.com.cn\/allproducts\/monoblock-filling-capping-machine\" target=\"_blank\" monoblock=\"\">Machine de remplissage et de bouchage de flacons <\/a><\/h3>\t\t\t\t<\/div>\n\t\t\t\t<div class=\"elementor-element elementor-element-75c94e87 elementor-widget-divider--view-line elementor-widget elementor-widget-divider\" data-id=\"75c94e87\" data-element_type=\"widget\" data-e-type=\"widget\" data-widget_type=\"divider.default\">\n\t\t\t\t\t\t\t<div class=\"elementor-divider\">\n\t\t\t<span class=\"elementor-divider-separator\">\n\t\t\t\t\t\t<\/span>\n\t\t<\/div>\n\t\t\t\t\t\t<\/div>\n\t\t\t\t<div class=\"elementor-element elementor-element-6a603853 elementor-widget elementor-widget-text-editor\" data-id=\"6a603853\" data-element_type=\"widget\" data-e-type=\"widget\" data-widget_type=\"text-editor.default\">\n\t\t\t\t\t\t\t\t\t<p>En r\u00e9sum\u00e9, les machines automatiques monoblocs de remplissage de liquides, bouchonnage interne et vissage de capsules sont la solution id\u00e9ale pour un conditionnement rationalis\u00e9 et de haute qualit\u00e9\u2014surtout lorsque vous visez \u00e0 \u00e9conomiser de l'espace et \u00e0 optimiser l'efficacit\u00e9 op\u00e9rationnelle.<\/p>\t\t\t\t\t\t\t\t<\/div>\n\t\t\t\t<div class=\"elementor-element elementor-element-e610314 elementor-widget elementor-widget-text-editor\" data-id=\"e610314\" data-element_type=\"widget\" data-e-type=\"widget\" data-widget_type=\"text-editor.default\">\n\t\t\t\t\t\t\t\t\t<p>La capacit\u00e9 de cette machine monobloc d\u00e9pend du nombre de buses de remplissage et de t\u00eates de capsulage, avec une vitesse maximale atteignant 80 pi\u00e8ces\/minute. Cette flexibilit\u00e9 vous permet d'ajuster la production \u00e0 vos besoins, que vous optiez pour une configuration compacte dans un espace limit\u00e9 ou que vous augmentiez la cadence pour r\u00e9pondre \u00e0 une demande plus \u00e9lev\u00e9e.<\/p><table width=\"409\"><tbody><tr><td width=\"182\"><p><strong>Mod\u00e8le<\/strong><\/p><\/td><td width=\"227\"><p>NP-MFC<\/p><\/td><\/tr><tr><td width=\"182\"><p><strong>Buses de remplissage<\/strong><\/p><\/td><td width=\"227\"><p>1, 2 ou 4 buses<\/p><\/td><\/tr><tr><td width=\"182\"><p><strong>T\u00eates de capsulage<\/strong><\/p><\/td><td width=\"227\"><p>1 ou 2<\/p><\/td><\/tr><tr><td width=\"182\"><p><strong>Capacit\u00e9 de production<\/strong><\/p><\/td><td width=\"227\"><p>1800-4800BPH<\/p><\/td><\/tr><tr><td width=\"182\"><p><strong>Volume de remplissage<\/strong><\/p><\/td><td width=\"227\"><p>5-100ML<\/p><\/td><\/tr><tr><td width=\"182\"><p><strong>Puissance<\/strong><\/p><\/td><td width=\"227\"><p>1500W, 380VAC 3p<\/p><\/td><\/tr><tr><td width=\"182\"><p><strong>Pr\u00e9cision<\/strong><\/p><\/td><td width=\"227\"><p>&lt;\u00b10,5ml<\/p><\/td><\/tr><tr><td width=\"182\"><p><strong>Entra\u00eenement<\/strong><\/p><\/td><td width=\"227\"><p>Servomoteur<\/p><\/td><\/tr><tr><td width=\"182\"><p><strong>Interface<\/strong><\/p><\/td><td width=\"227\"><p>\u00c9cran tactile<\/p><\/td><\/tr><\/tbody><\/table>\t\t\t\t\t\t\t\t<\/div>\n\t\t\t\t<div class=\"elementor-element elementor-element-c20878a elementor-mobile-align-center home-cta-1 elementor-widget elementor-widget-button\" data-id=\"c20878a\" data-element_type=\"widget\" data-e-type=\"widget\" data-widget_type=\"button.default\">\n\t\t\t\t\t\t\t\t\t\t<a class=\"elementor-button elementor-button-link elementor-size-sm\" href=\"https:\/\/www.npackpm.com\/fr\/contact\" target=\"_blank\">\n\t\t\t\t\t\t<span class=\"elementor-button-content-wrapper\">\n\t\t\t\t\t\t\t\t\t<span class=\"elementor-button-text\">Nous Contacter<\/span>\n\t\t\t\t\t<\/span>\n\t\t\t\t\t<\/a>\n\t\t\t\t\t\t\t\t<\/div>\n\t\t\t\t<\/div>\n\t\t<div class=\"elementor-element elementor-element-2124b01d e-con-full e-flex e-con e-child\" data-id=\"2124b01d\" data-element_type=\"container\" data-e-type=\"container\" data-settings=\"{&quot;background_background&quot;:&quot;classic&quot;}\">\n\t\t\t\t<\/div>\n\t\t\t\t<\/div>\n\t\t\t\t<\/div>\n\t\t\t\t\t<\/div>\n\t\t\t\t<\/div>\n\t\t\t\t<\/div>","protected":false},"excerpt":{"rendered":"<p>NP-MFC Monoblock Vial Filling, Inner Plugging, and Capping Machine The NP-MFC Monoblock Vial Filling, Inner Plugging, and Capping Machine is a compact vial bottling solution combining filling, Plugging and capping\/sealing in one machine. After years development of packaging industry , and upgrade of the packaging rules, we add rinsing\/washing function on this monoblock as an [&hellip;]<\/p>\n","protected":false},"author":1,"featured_media":5409,"parent":2843,"menu_order":0,"comment_status":"closed","ping_status":"closed","template":"","meta":{"footnotes":""},"categories":[20],"tags":[],"class_list":["post-5408","page","type-page","status-publish","has-post-thumbnail","hentry","category-product"],"blocksy_meta":[],"aioseo_notices":[],"_links":{"self":[{"href":"https:\/\/www.npackpm.com\/fr\/wp-json\/wp\/v2\/pages\/5408","targetHints":{"allow":["GET"]}}],"collection":[{"href":"https:\/\/www.npackpm.com\/fr\/wp-json\/wp\/v2\/pages"}],"about":[{"href":"https:\/\/www.npackpm.com\/fr\/wp-json\/wp\/v2\/types\/page"}],"author":[{"embeddable":true,"href":"https:\/\/www.npackpm.com\/fr\/wp-json\/wp\/v2\/users\/1"}],"replies":[{"embeddable":true,"href":"https:\/\/www.npackpm.com\/fr\/wp-json\/wp\/v2\/comments?post=5408"}],"version-history":[{"count":31,"href":"https:\/\/www.npackpm.com\/fr\/wp-json\/wp\/v2\/pages\/5408\/revisions"}],"predecessor-version":[{"id":5441,"href":"https:\/\/www.npackpm.com\/fr\/wp-json\/wp\/v2\/pages\/5408\/revisions\/5441"}],"up":[{"embeddable":true,"href":"https:\/\/www.npackpm.com\/fr\/wp-json\/wp\/v2\/pages\/2843"}],"wp:featuredmedia":[{"embeddable":true,"href":"https:\/\/www.npackpm.com\/fr\/wp-json\/wp\/v2\/media\/5409"}],"wp:attachment":[{"href":"https:\/\/www.npackpm.com\/fr\/wp-json\/wp\/v2\/media?parent=5408"}],"wp:term":[{"taxonomy":"category","embeddable":true,"href":"https:\/\/www.npackpm.com\/fr\/wp-json\/wp\/v2\/categories?post=5408"},{"taxonomy":"post_tag","embeddable":true,"href":"https:\/\/www.npackpm.com\/fr\/wp-json\/wp\/v2\/tags?post=5408"}],"curies":[{"name":"wp","href":"https:\/\/api.w.org\/{rel}","templated":true}]}}