{"id":5408,"date":"2026-01-30T03:54:45","date_gmt":"2026-01-30T03:54:45","guid":{"rendered":"https:\/\/www.npackpm.com\/?page_id=5408"},"modified":"2026-01-30T04:04:23","modified_gmt":"2026-01-30T04:04:23","slug":"macchina-monoblocco-per-il-riempimento-e-la-tappatura-interna-delle-fiale","status":"publish","type":"page","link":"https:\/\/www.npackpm.com\/it\/monoblock-filling-machine\/monoblock-vial-filling-inner-plugging-and-capping-machine","title":{"rendered":"Macchina Monoblocco per Riempimento, Tappatura Interna e Chiusura di Flaconi"},"content":{"rendered":"<div data-elementor-type=\"wp-page\" data-elementor-id=\"5408\" class=\"elementor elementor-5408\" data-elementor-post-type=\"page\">\n\t\t\t\t<div class=\"elementor-element elementor-element-5e766aea e-flex e-con-boxed e-con e-parent\" data-id=\"5e766aea\" data-element_type=\"container\" data-e-type=\"container\" data-settings=\"{&quot;background_background&quot;:&quot;classic&quot;}\">\n\t\t\t\t\t<div class=\"e-con-inner\">\n\t\t\t\t\t<\/div>\n\t\t\t\t<\/div>\n\t\t<div class=\"elementor-element elementor-element-1ac4a152 e-flex e-con-boxed e-con e-parent\" data-id=\"1ac4a152\" data-element_type=\"container\" data-e-type=\"container\">\n\t\t\t\t\t<div class=\"e-con-inner\">\n\t\t<div class=\"elementor-element elementor-element-6bd0c520 e-con-full e-flex e-con e-child\" data-id=\"6bd0c520\" data-element_type=\"container\" data-e-type=\"container\">\n\t\t\t\t<div class=\"elementor-element elementor-element-c62fbfe elementor-widget elementor-widget-heading\" data-id=\"c62fbfe\" data-element_type=\"widget\" data-e-type=\"widget\" data-widget_type=\"heading.default\">\n\t\t\t\t\t<h2 class=\"elementor-heading-title elementor-size-default\">Macchina Monoblocco NP-MFC per Riempimento, Tappatura Interna e Chiusura di Flaconi<\/h2>\t\t\t\t<\/div>\n\t\t\t\t<div class=\"elementor-element elementor-element-2e19e645 elementor-widget-divider--view-line elementor-widget elementor-widget-divider\" data-id=\"2e19e645\" data-element_type=\"widget\" data-e-type=\"widget\" data-widget_type=\"divider.default\">\n\t\t\t\t\t\t\t<div class=\"elementor-divider\">\n\t\t\t<span class=\"elementor-divider-separator\">\n\t\t\t\t\t\t<\/span>\n\t\t<\/div>\n\t\t\t\t\t\t<\/div>\n\t\t\t\t<div class=\"elementor-element elementor-element-34707433 elementor-widget elementor-widget-text-editor\" data-id=\"34707433\" data-element_type=\"widget\" data-e-type=\"widget\" data-widget_type=\"text-editor.default\">\n\t\t\t\t\t\t\t\t\t<p>La macchina monoblocco NP-MFC per il riempimento, tappatura interna e chiusura di flaconcini \u00e8 una soluzione compatta che combina riempimento, inserimento del tappo interno e chiusura\/sigillatura in un'unica macchina. Dopo anni di sviluppo del settore degli imballaggi e di aggiornamento delle normative, abbiamo aggiunto a questo monoblocco la funzione di risciacquo\/lavaggio come opzione, consentendoci di definirla anche una soluzione 4 in 1.<br \/>Le macchine monoblocco per il riempimento di flaconcini aiutano i produttori a ottimizzare lo spazio a pavimento, ridurre il lavoro manuale e mantenere una qualit\u00e0 del prodotto costante. Questa macchina \u00e8 utilizzata principalmente nei settori farmaceutico, cosmetico, alimentare o chimico.<\/p>\t\t\t\t\t\t\t\t<\/div>\n\t\t\t\t<\/div>\n\t\t<div class=\"elementor-element elementor-element-1bef78f e-con-full e-flex e-con e-child\" data-id=\"1bef78f\" data-element_type=\"container\" data-e-type=\"container\">\n\t\t\t\t<div class=\"elementor-element elementor-element-6a37da6e elementor-widget elementor-widget-video\" data-id=\"6a37da6e\" data-element_type=\"widget\" data-e-type=\"widget\" data-settings=\"{&quot;youtube_url&quot;:&quot;https:\\\/\\\/youtu.be\\\/5ejVOUh_CQ0?list=PL3rEPhyyma23HgqnYKkiJBNxXIJJCrkdH&quot;,&quot;show_image_overlay&quot;:&quot;yes&quot;,&quot;image_overlay&quot;:{&quot;url&quot;:&quot;https:\\\/\\\/www.npackpm.com\\\/wp-content\\\/uploads\\\/2026\\\/01\\\/2026012903392484.webp&quot;,&quot;id&quot;:5409,&quot;size&quot;:&quot;&quot;,&quot;alt&quot;:&quot;Monoblock Vial Filling, Inner Plugging, and Capping Machine&quot;,&quot;source&quot;:&quot;library&quot;},&quot;video_type&quot;:&quot;youtube&quot;,&quot;controls&quot;:&quot;yes&quot;}\" data-widget_type=\"video.default\">\n\t\t\t\t\t\t\t<div class=\"elementor-wrapper elementor-open-inline\">\n\t\t\t<div class=\"elementor-video\"><\/div>\t\t\t\t<div class=\"elementor-custom-embed-image-overlay\" style=\"background-image: url(https:\/\/www.npackpm.com\/wp-content\/uploads\/2026\/01\/2026012903392484.webp);\">\n\t\t\t\t\t\t\t\t\t\t\t\t\t\t\t\t<div class=\"elementor-custom-embed-play\" role=\"button\" aria-label=\"\u64ad\u653e\u6709\u5173\u7684\u89c6\u9891 Monoblock Vial Filling, Inner Plugging, and Capping Machine\" tabindex=\"0\" data-no-translation-aria-label=\"\">\n\t\t\t\t\t\t\t<svg aria-hidden=\"true\" class=\"e-font-icon-svg e-eicon-play\" viewbox=\"0 0 1000 1000\" xmlns=\"http:\/\/www.w3.org\/2000\/svg\"><path d=\"M838 162C746 71 633 25 500 25 371 25 258 71 163 162 71 254 25 367 25 500 25 633 71 746 163 837 254 929 367 979 500 979 633 979 746 933 838 837 929 746 975 633 975 500 975 367 929 254 838 162M808 192C892 279 933 379 933 500 933 621 892 725 808 808 725 892 621 938 500 938 379 938 279 896 196 808 113 725 67 621 67 500 67 379 108 279 196 192 279 108 383 62 500 62 621 62 721 108 808 192M438 392V642L642 517 438 392Z\"><\/path><\/svg>\t\t\t\t\t\t<\/div>\n\t\t\t\t\t\t\t\t\t<\/div>\n\t\t\t\t\t<\/div>\n\t\t\t\t\t\t<\/div>\n\t\t\t\t<\/div>\n\t\t\t\t\t<\/div>\n\t\t\t\t<\/div>\n\t\t<div class=\"elementor-element elementor-element-1d6736c9 e-flex e-con-boxed e-con e-parent\" data-id=\"1d6736c9\" data-element_type=\"container\" data-e-type=\"container\" data-settings=\"{&quot;background_background&quot;:&quot;classic&quot;}\">\n\t\t\t\t\t<div class=\"e-con-inner\">\n\t\t<div class=\"elementor-element elementor-element-3bfc667 e-con-full e-flex e-con e-child\" data-id=\"3bfc667\" data-element_type=\"container\" data-e-type=\"container\">\n\t\t\t\t<div class=\"elementor-element elementor-element-5164167d elementor-widget elementor-widget-heading\" data-id=\"5164167d\" data-element_type=\"widget\" data-e-type=\"widget\" data-widget_type=\"heading.default\">\n\t\t\t\t\t<h2 class=\"elementor-heading-title elementor-size-default\">Caratteristiche principali della macchina monoblocco per riempimento, tappatura interna e chiusura di flaconcini<\/h2>\t\t\t\t<\/div>\n\t\t\t\t<div class=\"elementor-element elementor-element-238385ac elementor-widget-divider--view-line elementor-widget elementor-widget-divider\" data-id=\"238385ac\" data-element_type=\"widget\" data-e-type=\"widget\" data-widget_type=\"divider.default\">\n\t\t\t\t\t\t\t<div class=\"elementor-divider\">\n\t\t\t<span class=\"elementor-divider-separator\">\n\t\t\t\t\t\t<\/span>\n\t\t<\/div>\n\t\t\t\t\t\t<\/div>\n\t\t\t\t<div class=\"elementor-element elementor-element-6af38864 elementor-widget elementor-widget-text-editor\" data-id=\"6af38864\" data-element_type=\"widget\" data-e-type=\"widget\" data-widget_type=\"text-editor.default\">\n\t\t\t\t\t\t\t\t\t<p>Npack accetta macchine personalizzate per le vostre esigenze di imballaggio automatizzato. Se state valutando un aggiornamento della vostra linea di produzione degli imballaggi, \u00e8 utile comprendere cosa distingue le macchine monoblocco automatiche. Abbiamo progettato questa riempitrice monoblocco in base alle seguenti caratteristiche principali.<\/p>\t\t\t\t\t\t\t\t<\/div>\n\t\t\t\t<\/div>\n\t\t<div class=\"elementor-element elementor-element-165054a e-con-full e-flex e-con e-child\" data-id=\"165054a\" data-element_type=\"container\" data-e-type=\"container\">\n\t\t<div class=\"elementor-element elementor-element-4f791905 e-grid e-con-full e-con e-child\" data-id=\"4f791905\" data-element_type=\"container\" data-e-type=\"container\">\n\t\t<div class=\"elementor-element elementor-element-2796433b brown-hover e-con-full e-flex e-con e-child\" data-id=\"2796433b\" data-element_type=\"container\" data-e-type=\"container\" data-settings=\"{&quot;background_background&quot;:&quot;classic&quot;}\">\n\t\t\t\t<div class=\"elementor-element elementor-element-1f1e77b3 elementor-widget elementor-widget-icon-box\" data-id=\"1f1e77b3\" data-element_type=\"widget\" data-e-type=\"widget\" data-widget_type=\"icon-box.default\">\n\t\t\t\t\t\t\t<div class=\"elementor-icon-box-wrapper\">\n\n\t\t\t\n\t\t\t\t\t\t<div class=\"elementor-icon-box-content\">\n\n\t\t\t\t\t\t\t\t\t<h3 class=\"elementor-icon-box-title\">\n\t\t\t\t\t\t<span  >\n\t\t\t\t\t\t\tRiempimento di Precisione\t\t\t\t\t\t<\/span>\n\t\t\t\t\t<\/h3>\n\t\t\t\t\n\t\t\t\t\t\t\t\t\t<p class=\"elementor-icon-box-description\">\n\t\t\t\t\t\tAdattabili a pistoni volumetrici servoazionati avanzati o pompe servo, questi assicurano che ogni contenitore venga riempito in modo accurato al livello o con la precisione programmata \u2013 ideale per applicazioni che vanno dai prodotti farmaceutici ai cosmetici speciali.\t\t\t\t\t<\/p>\n\t\t\t\t\n\t\t\t<\/div>\n\t\t\t\n\t\t<\/div>\n\t\t\t\t\t\t<\/div>\n\t\t\t\t<\/div>\n\t\t<div class=\"elementor-element elementor-element-447c71aa brown-hover e-con-full e-flex e-con e-child\" data-id=\"447c71aa\" data-element_type=\"container\" data-e-type=\"container\" data-settings=\"{&quot;background_background&quot;:&quot;classic&quot;}\">\n\t\t\t\t<div class=\"elementor-element elementor-element-66836234 elementor-widget elementor-widget-icon-box\" data-id=\"66836234\" data-element_type=\"widget\" data-e-type=\"widget\" data-widget_type=\"icon-box.default\">\n\t\t\t\t\t\t\t<div class=\"elementor-icon-box-wrapper\">\n\n\t\t\t\n\t\t\t\t\t\t<div class=\"elementor-icon-box-content\">\n\n\t\t\t\t\t\t\t\t\t<h3 class=\"elementor-icon-box-title\">\n\t\t\t\t\t\t<span  >\n\t\t\t\t\t\t\tTappatura interna automatizzata\t\t\t\t\t\t<\/span>\n\t\t\t\t\t<\/h3>\n\t\t\t\t\n\t\t\t\t\t\t\t\t\t<p class=\"elementor-icon-box-description\">\n\t\t\t\t\t\tUn meccanismo robotico automatico preleva e posiziona i tappi interni con orientamento e profondit\u00e0 costanti, riducendo la manipolazione manuale e mantenendo uniformit\u00e0 qualitativa.\t\t\t\t\t<\/p>\n\t\t\t\t\n\t\t\t<\/div>\n\t\t\t\n\t\t<\/div>\n\t\t\t\t\t\t<\/div>\n\t\t\t\t<\/div>\n\t\t<div class=\"elementor-element elementor-element-6a9d92bb brown-hover e-con-full e-flex e-con e-child\" data-id=\"6a9d92bb\" data-element_type=\"container\" data-e-type=\"container\" data-settings=\"{&quot;background_background&quot;:&quot;classic&quot;}\">\n\t\t\t\t<div class=\"elementor-element elementor-element-424cda9a elementor-widget elementor-widget-icon-box\" data-id=\"424cda9a\" data-element_type=\"widget\" data-e-type=\"widget\" data-widget_type=\"icon-box.default\">\n\t\t\t\t\t\t\t<div class=\"elementor-icon-box-wrapper\">\n\n\t\t\t\n\t\t\t\t\t\t<div class=\"elementor-icon-box-content\">\n\n\t\t\t\t\t\t\t\t\t<h3 class=\"elementor-icon-box-title\">\n\t\t\t\t\t\t<span  >\n\t\t\t\t\t\t\tControllo della coppia di serraggio Tappatura della vite\t\t\t\t\t\t<\/span>\n\t\t\t\t\t<\/h3>\n\t\t\t\t\n\t\t\t\t\t\t\t\t\t<p class=\"elementor-icon-box-description\">\n\t\t\t\t\t\tDotata di motore servo Siemens per il controllo della coppia, la stazione di chiusura fissa saldamente ogni tappo, riducendo al minimo il rischio di perdite o deterioramento del prodotto, caratteristica essenziale per l'industria cosmetica e farmaceutica.\t\t\t\t\t<\/p>\n\t\t\t\t\n\t\t\t<\/div>\n\t\t\t\n\t\t<\/div>\n\t\t\t\t\t\t<\/div>\n\t\t\t\t<\/div>\n\t\t<div class=\"elementor-element elementor-element-1f38f984 brown-hover e-con-full e-flex e-con e-child\" data-id=\"1f38f984\" data-element_type=\"container\" data-e-type=\"container\" data-settings=\"{&quot;background_background&quot;:&quot;classic&quot;}\">\n\t\t\t\t<div class=\"elementor-element elementor-element-58e2449 elementor-widget elementor-widget-icon-box\" data-id=\"58e2449\" data-element_type=\"widget\" data-e-type=\"widget\" data-widget_type=\"icon-box.default\">\n\t\t\t\t\t\t\t<div class=\"elementor-icon-box-wrapper\">\n\n\t\t\t\n\t\t\t\t\t\t<div class=\"elementor-icon-box-content\">\n\n\t\t\t\t\t\t\t\t\t<h3 class=\"elementor-icon-box-title\">\n\t\t\t\t\t\t<span  >\n\t\t\t\t\t\t\tMovimentazione flessibile dei container\t\t\t\t\t\t<\/span>\n\t\t\t\t\t<\/h3>\n\t\t\t\t\n\t\t\t\t\t\t\t\t\t<p class=\"elementor-icon-box-description\">\n\t\t\t\t\t\tComponenti a cambio rapido e guide adattabili si adeguano a varie forme di bottiglie e materiali, sia che utilizziate flaconcini in vetro o plastica PET.\t\t\t\t\t<\/p>\n\t\t\t\t\n\t\t\t<\/div>\n\t\t\t\n\t\t<\/div>\n\t\t\t\t\t\t<\/div>\n\t\t\t\t<\/div>\n\t\t<div class=\"elementor-element elementor-element-614c67b4 brown-hover e-con-full e-flex e-con e-child\" data-id=\"614c67b4\" data-element_type=\"container\" data-e-type=\"container\" data-settings=\"{&quot;background_background&quot;:&quot;classic&quot;}\">\n\t\t\t\t<div class=\"elementor-element elementor-element-e553063 elementor-widget elementor-widget-icon-box\" data-id=\"e553063\" data-element_type=\"widget\" data-e-type=\"widget\" data-widget_type=\"icon-box.default\">\n\t\t\t\t\t\t\t<div class=\"elementor-icon-box-wrapper\">\n\n\t\t\t\n\t\t\t\t\t\t<div class=\"elementor-icon-box-content\">\n\n\t\t\t\t\t\t\t\t\t<h3 class=\"elementor-icon-box-title\">\n\t\t\t\t\t\t<span  >\n\t\t\t\t\t\t\tDesign compatto ed efficiente\t\t\t\t\t\t<\/span>\n\t\t\t\t\t<\/h3>\n\t\t\t\t\n\t\t\t\t\t\t\t\t\t<p class=\"elementor-icon-box-description\">\n\t\t\t\t\t\tCombinando tutte le funzioni in un unico monoblocco, queste macchine consentono un risparmio significativo di spazio e tempo, riducendo nel contempo i punti di trasferimento del prodotto e il rischio di contaminazione.\t\t\t\t\t<\/p>\n\t\t\t\t\n\t\t\t<\/div>\n\t\t\t\n\t\t<\/div>\n\t\t\t\t\t\t<\/div>\n\t\t\t\t<\/div>\n\t\t<div class=\"elementor-element elementor-element-36584c32 brown-hover e-con-full e-flex e-con e-child\" data-id=\"36584c32\" data-element_type=\"container\" data-e-type=\"container\" data-settings=\"{&quot;background_background&quot;:&quot;classic&quot;}\">\n\t\t\t\t<div class=\"elementor-element elementor-element-474eed9e elementor-widget elementor-widget-icon-box\" data-id=\"474eed9e\" data-element_type=\"widget\" data-e-type=\"widget\" data-widget_type=\"icon-box.default\">\n\t\t\t\t\t\t\t<div class=\"elementor-icon-box-wrapper\">\n\n\t\t\t\n\t\t\t\t\t\t<div class=\"elementor-icon-box-content\">\n\n\t\t\t\t\t\t\t\t\t<h3 class=\"elementor-icon-box-title\">\n\t\t\t\t\t\t<span  >\n\t\t\t\t\t\t\tControlli di facile utilizzo\t\t\t\t\t\t<\/span>\n\t\t\t\t\t<\/h3>\n\t\t\t\t\n\t\t\t\t\t\t\t\t\t<p class=\"elementor-icon-box-description\">\n\t\t\t\t\t\tI PLC Siemens avanzati e i touchscreen consentono modifiche semplici delle ricette, rilevamento degli errori e monitoraggio in tempo reale, rendendo le regolazioni e la risoluzione dei problemi estremamente facili.\t\t\t\t\t<\/p>\n\t\t\t\t\n\t\t\t<\/div>\n\t\t\t\n\t\t<\/div>\n\t\t\t\t\t\t<\/div>\n\t\t\t\t<\/div>\n\t\t\t\t<\/div>\n\t\t\t\t<\/div>\n\t\t\t\t\t<\/div>\n\t\t\t\t<\/div>\n\t\t<div class=\"elementor-element elementor-element-786a36ea e-flex e-con-boxed e-con e-parent\" data-id=\"786a36ea\" data-element_type=\"container\" data-e-type=\"container\" data-settings=\"{&quot;background_background&quot;:&quot;classic&quot;}\">\n\t\t\t\t\t<div class=\"e-con-inner\">\n\t\t<div class=\"elementor-element elementor-element-52da31d e-con-full e-flex e-con e-child\" data-id=\"52da31d\" data-element_type=\"container\" data-e-type=\"container\">\n\t\t<div class=\"elementor-element elementor-element-3408790a e-grid e-con-full e-con e-child\" data-id=\"3408790a\" data-element_type=\"container\" data-e-type=\"container\">\n\t\t<div class=\"elementor-element elementor-element-42c21c4a e-con-full e-flex e-con e-child\" data-id=\"42c21c4a\" data-element_type=\"container\" data-e-type=\"container\">\n\t\t\t\t<div class=\"elementor-element elementor-element-73368325 elementor-widget elementor-widget-heading\" data-id=\"73368325\" data-element_type=\"widget\" data-e-type=\"widget\" data-widget_type=\"heading.default\">\n\t\t\t\t\t<p class=\"elementor-heading-title elementor-size-default\">Parametri principali della macchina<\/p>\t\t\t\t<\/div>\n\t\t\t\t<div class=\"elementor-element elementor-element-2e607eff elementor-widget elementor-widget-heading\" data-id=\"2e607eff\" data-element_type=\"widget\" data-e-type=\"widget\" data-widget_type=\"heading.default\">\n\t\t\t\t\t<h3 class=\"elementor-heading-title elementor-size-default\"><a href=\"https:\/\/www.npack.com.cn\/allproducts\/monoblock-filling-capping-machine\" target=\"_blank\" monoblock=\"\">Macchina per il riempimento e la tappatura delle fiale <\/a><\/h3>\t\t\t\t<\/div>\n\t\t\t\t<div class=\"elementor-element elementor-element-75c94e87 elementor-widget-divider--view-line elementor-widget elementor-widget-divider\" data-id=\"75c94e87\" data-element_type=\"widget\" data-e-type=\"widget\" data-widget_type=\"divider.default\">\n\t\t\t\t\t\t\t<div class=\"elementor-divider\">\n\t\t\t<span class=\"elementor-divider-separator\">\n\t\t\t\t\t\t<\/span>\n\t\t<\/div>\n\t\t\t\t\t\t<\/div>\n\t\t\t\t<div class=\"elementor-element elementor-element-6a603853 elementor-widget elementor-widget-text-editor\" data-id=\"6a603853\" data-element_type=\"widget\" data-e-type=\"widget\" data-widget_type=\"text-editor.default\">\n\t\t\t\t\t\t\t\t\t<p>In sintesi, le macchine monoblocco automatiche per il riempimento di liquidi, tappatura interna e avvitamento di capsule sono la soluzione ideale per un imballaggio semplificato e di alta qualit\u00e0\u2014soprattutto quando si punta al risparmio di spazio e all'efficienza operativa.<\/p>\t\t\t\t\t\t\t\t<\/div>\n\t\t\t\t<div class=\"elementor-element elementor-element-e610314 elementor-widget elementor-widget-text-editor\" data-id=\"e610314\" data-element_type=\"widget\" data-e-type=\"widget\" data-widget_type=\"text-editor.default\">\n\t\t\t\t\t\t\t\t\t<p>La capacit\u00e0 di questa macchina monoblocco dipende dal numero di ugelli di riempimento e testine di chiusura, con una velocit\u00e0 massima che pu\u00f2 raggiungere 80 pezzi\/minuto. Tale flessibilit\u00e0 consente di adattarsi alle esigenze produttive, sia che si lavori con una configurazione compatta per spazi limitati, sia che si aumenti la scala per soddisfare una domanda pi\u00f9 elevata.<\/p><table width=\"409\"><tbody><tr><td width=\"182\"><p><strong>Modello<\/strong><\/p><\/td><td width=\"227\"><p>NP-MFC<\/p><\/td><\/tr><tr><td width=\"182\"><p><strong>Ugelli di riempimento<\/strong><\/p><\/td><td width=\"227\"><p>1, 2 o 4 ugelli<\/p><\/td><\/tr><tr><td width=\"182\"><p><strong>Teste di chiusura<\/strong><\/p><\/td><td width=\"227\"><p>1 o 2<\/p><\/td><\/tr><tr><td width=\"182\"><p><strong>Capacit\u00e0 di produzione<\/strong><\/p><\/td><td width=\"227\"><p>1800-4800BPH<\/p><\/td><\/tr><tr><td width=\"182\"><p><strong>Volume di riempimento<\/strong><\/p><\/td><td width=\"227\"><p>5-100ML<\/p><\/td><\/tr><tr><td width=\"182\"><p><strong>Potenza<\/strong><\/p><\/td><td width=\"227\"><p>1500W, 380VAC 3p<\/p><\/td><\/tr><tr><td width=\"182\"><p><strong>Precisione<\/strong><\/p><\/td><td width=\"227\"><p>&lt;\u00b10,5ml<\/p><\/td><\/tr><tr><td width=\"182\"><p><strong>Azionamento<\/strong><\/p><\/td><td width=\"227\"><p>Servomotore<\/p><\/td><\/tr><tr><td width=\"182\"><p><strong>Interfaccia<\/strong><\/p><\/td><td width=\"227\"><p>Schermo tattile<\/p><\/td><\/tr><\/tbody><\/table>\t\t\t\t\t\t\t\t<\/div>\n\t\t\t\t<div class=\"elementor-element elementor-element-c20878a elementor-mobile-align-center home-cta-1 elementor-widget elementor-widget-button\" data-id=\"c20878a\" data-element_type=\"widget\" data-e-type=\"widget\" data-widget_type=\"button.default\">\n\t\t\t\t\t\t\t\t\t\t<a class=\"elementor-button elementor-button-link elementor-size-sm\" href=\"https:\/\/www.npackpm.com\/it\/contact\" target=\"_blank\">\n\t\t\t\t\t\t<span class=\"elementor-button-content-wrapper\">\n\t\t\t\t\t\t\t\t\t<span class=\"elementor-button-text\">Contattaci<\/span>\n\t\t\t\t\t<\/span>\n\t\t\t\t\t<\/a>\n\t\t\t\t\t\t\t\t<\/div>\n\t\t\t\t<\/div>\n\t\t<div class=\"elementor-element elementor-element-2124b01d e-con-full e-flex e-con e-child\" data-id=\"2124b01d\" data-element_type=\"container\" data-e-type=\"container\" data-settings=\"{&quot;background_background&quot;:&quot;classic&quot;}\">\n\t\t\t\t<\/div>\n\t\t\t\t<\/div>\n\t\t\t\t<\/div>\n\t\t\t\t\t<\/div>\n\t\t\t\t<\/div>\n\t\t\t\t<\/div>","protected":false},"excerpt":{"rendered":"<p>NP-MFC Monoblock Vial Filling, Inner Plugging, and Capping Machine The NP-MFC Monoblock Vial Filling, Inner Plugging, and Capping Machine is a compact vial bottling solution combining filling, Plugging and capping\/sealing in one machine. After years development of packaging industry , and upgrade of the packaging rules, we add rinsing\/washing function on this monoblock as an [&hellip;]<\/p>\n","protected":false},"author":1,"featured_media":5409,"parent":2843,"menu_order":0,"comment_status":"closed","ping_status":"closed","template":"","meta":{"footnotes":""},"categories":[20],"tags":[],"class_list":["post-5408","page","type-page","status-publish","has-post-thumbnail","hentry","category-product"],"blocksy_meta":[],"aioseo_notices":[],"_links":{"self":[{"href":"https:\/\/www.npackpm.com\/it\/wp-json\/wp\/v2\/pages\/5408","targetHints":{"allow":["GET"]}}],"collection":[{"href":"https:\/\/www.npackpm.com\/it\/wp-json\/wp\/v2\/pages"}],"about":[{"href":"https:\/\/www.npackpm.com\/it\/wp-json\/wp\/v2\/types\/page"}],"author":[{"embeddable":true,"href":"https:\/\/www.npackpm.com\/it\/wp-json\/wp\/v2\/users\/1"}],"replies":[{"embeddable":true,"href":"https:\/\/www.npackpm.com\/it\/wp-json\/wp\/v2\/comments?post=5408"}],"version-history":[{"count":31,"href":"https:\/\/www.npackpm.com\/it\/wp-json\/wp\/v2\/pages\/5408\/revisions"}],"predecessor-version":[{"id":5441,"href":"https:\/\/www.npackpm.com\/it\/wp-json\/wp\/v2\/pages\/5408\/revisions\/5441"}],"up":[{"embeddable":true,"href":"https:\/\/www.npackpm.com\/it\/wp-json\/wp\/v2\/pages\/2843"}],"wp:featuredmedia":[{"embeddable":true,"href":"https:\/\/www.npackpm.com\/it\/wp-json\/wp\/v2\/media\/5409"}],"wp:attachment":[{"href":"https:\/\/www.npackpm.com\/it\/wp-json\/wp\/v2\/media?parent=5408"}],"wp:term":[{"taxonomy":"category","embeddable":true,"href":"https:\/\/www.npackpm.com\/it\/wp-json\/wp\/v2\/categories?post=5408"},{"taxonomy":"post_tag","embeddable":true,"href":"https:\/\/www.npackpm.com\/it\/wp-json\/wp\/v2\/tags?post=5408"}],"curies":[{"name":"wp","href":"https:\/\/api.w.org\/{rel}","templated":true}]}}