{"id":2307,"date":"2025-10-14T01:34:38","date_gmt":"2025-10-14T01:34:38","guid":{"rendered":"https:\/\/www.npackpm.com\/?page_id=2307"},"modified":"2025-12-03T12:41:22","modified_gmt":"2025-12-03T12:41:22","slug":"npack-factory","status":"publish","type":"page","link":"https:\/\/www.npackpm.com\/pl\/about-us\/npack-factory","title":{"rendered":"Fabryka Npack"},"content":{"rendered":"<div data-elementor-type=\"wp-page\" data-elementor-id=\"2307\" class=\"elementor elementor-2307\" data-elementor-post-type=\"page\">\n\t\t\t\t<div class=\"elementor-element elementor-element-4b9d536 e-flex e-con-boxed e-con e-parent\" data-id=\"4b9d536\" data-element_type=\"container\" data-e-type=\"container\" data-settings=\"{&quot;background_background&quot;:&quot;classic&quot;}\">\n\t\t\t\t\t<div class=\"e-con-inner\">\n\t\t\t\t<div class=\"elementor-element elementor-element-acaf631 elementor-widget elementor-widget-text-editor\" data-id=\"acaf631\" data-element_type=\"widget\" data-e-type=\"widget\" data-widget_type=\"text-editor.default\">\n\t\t\t\t\t\t\t\t\tShanghai Npack przestrzega norm mi\u0119dzynarodowych, gwarantuj\u0105c wysok\u0105 jako\u015b\u0107 i niezawodno\u015b\u0107. Rygorystyczne procesy produkcyjne i kontrola jako\u015bci przewy\u017cszaj\u0105 oczekiwania klient\u00f3w. Fabryka o powierzchni 2.600 m\u00b2 z zaawansowanym wyposa\u017ceniem umo\u017cliwia skalowaln\u0105 produkcj\u0119 precyzyjn\u0105 dla globalnych potrzeb, wzmacniaj\u0105c zdolno\u015b\u0107 dostarczania jednolitych rezultat\u00f3w.\t\t\t\t\t\t\t\t<\/div>\n\t\t\t\t<div class=\"elementor-element elementor-element-20b5fe3 elementor-widget elementor-widget-shortcode\" data-id=\"20b5fe3\" data-element_type=\"widget\" data-e-type=\"widget\" data-widget_type=\"shortcode.default\">\n\t\t\t\t\t\t\t<div class=\"elementor-shortcode\"><\/div>\n\t\t\t\t\t\t<\/div>\n\t\t\t\t\t<\/div>\n\t\t\t\t<\/div>\n\t\t<div class=\"elementor-element elementor-element-8b7b3ed e-flex e-con-boxed e-con e-parent\" data-id=\"8b7b3ed\" data-element_type=\"container\" data-e-type=\"container\">\n\t\t\t\t\t<div class=\"e-con-inner\">\n\t\t<div class=\"elementor-element elementor-element-f276830 e-con-full e-flex e-con e-child\" data-id=\"f276830\" data-element_type=\"container\" data-e-type=\"container\" data-settings=\"{&quot;background_background&quot;:&quot;classic&quot;}\">\n\t\t\t\t<\/div>\n\t\t<div class=\"elementor-element elementor-element-4052e27 e-con-full e-flex e-con e-child\" data-id=\"4052e27\" data-element_type=\"container\" data-e-type=\"container\">\n\t\t\t\t<div class=\"elementor-element elementor-element-d6e7de0 elementor-widget elementor-widget-heading\" data-id=\"d6e7de0\" data-element_type=\"widget\" data-e-type=\"widget\" data-widget_type=\"heading.default\">\n\t\t\t\t\t<h2 class=\"elementor-heading-title elementor-size-default\">Producent Maszyn do Nape\u0142niania Cieczy<\/h2>\t\t\t\t<\/div>\n\t\t\t\t<div class=\"elementor-element elementor-element-2052fe8 elementor-widget-divider--view-line elementor-widget elementor-widget-divider\" data-id=\"2052fe8\" data-element_type=\"widget\" data-e-type=\"widget\" data-widget_type=\"divider.default\">\n\t\t\t\t\t\t\t<div class=\"elementor-divider\">\n\t\t\t<span class=\"elementor-divider-separator\">\n\t\t\t\t\t\t<\/span>\n\t\t<\/div>\n\t\t\t\t\t\t<\/div>\n\t\t\t\t<div class=\"elementor-element elementor-element-01f4660 elementor-widget elementor-widget-text-editor\" data-id=\"01f4660\" data-element_type=\"widget\" data-e-type=\"widget\" data-widget_type=\"text-editor.default\">\n\t\t\t\t\t\t\t\t\t<p>Shanghai Npack jest producentem maszyn do rozlewu cieczy, corocznie weryfikowanym przez SGS. Powierzchnia produkcyjna 2600 m\u00b2 obejmuje nast\u0119puj\u0105ce zweryfikowane zdolno\u015bci:<\/p>\t\t\t\t\t\t\t\t<\/div>\n\t\t\t\t<div class=\"elementor-element elementor-element-a69a78c elementor-widget elementor-widget-text-editor\" data-id=\"a69a78c\" data-element_type=\"widget\" data-e-type=\"widget\" data-widget_type=\"text-editor.default\">\n\t\t\t\t\t\t\t\t\t<ul><li>Mi\u0119dzynarodowe centra serwisowe: Oferujemy lokalne us\u0142ugi posprzeda\u017cne w wybranych krajach.<\/li><li>Pe\u0142na personalizacja : Dostarczamy rozwi\u0105zania dostosowane do opisu konkretnych wymaga\u0144<\/li><li>Personalizacja na podstawie pr\u00f3bek : Npack umo\u017cliwia customizacj\u0119 w oparciu o dostarczone wzorce<\/li><li>Personalizacja na podstawie projektu : Npack umo\u017cliwia customizacj\u0119 w oparciu o dostarczone rysunki techniczne<\/li><li>Modyfikacje podstawowe : dotyczy dostosowania logo, opakowa\u0144 lub element\u00f3w graficznych<\/li><li>Identyfikacja traceability surowc\u00f3w : Npack wspiera nabywc\u00f3w w \u015bledzeniu jako\u015bci<\/li><li>Kontrola wyrob\u00f3w gotowych : Npack przeprowadza rygorystyczne inspekcje wszystkich produkt\u00f3w finalnych<\/li><li>Pracownicy QA\/QC : Liczba inspektor\u00f3w kontroli jako\u015bci dostawcy<\/li><li>Kontrola materia\u0142\u00f3w na miejscu : Dostawca wdro\u017cy\u0142 odpowiedni proces inspekcji surowc\u00f3w do tego produktu<\/li><li>Traceability jako\u015bci : Wsparcie dla nabywc\u00f3w w pe\u0142nym \u015bledzeniu jako\u015bci<\/li><\/ul>\t\t\t\t\t\t\t\t<\/div>\n\t\t\t\t<\/div>\n\t\t\t\t\t<\/div>\n\t\t\t\t<\/div>\n\t\t<div class=\"elementor-element elementor-element-a52705b e-flex e-con-boxed e-con e-parent\" data-id=\"a52705b\" data-element_type=\"container\" data-e-type=\"container\" data-settings=\"{&quot;background_background&quot;:&quot;classic&quot;}\">\n\t\t\t\t\t<div class=\"e-con-inner\">\n\t\t<div class=\"elementor-element elementor-element-67bc7c5 e-con-full e-flex e-con e-child\" data-id=\"67bc7c5\" data-element_type=\"container\" data-e-type=\"container\">\n\t\t\t\t<div class=\"elementor-element elementor-element-ad3e20d elementor-widget elementor-widget-heading\" data-id=\"ad3e20d\" data-element_type=\"widget\" data-e-type=\"widget\" data-widget_type=\"heading.default\">\n\t\t\t\t\t<h2 class=\"elementor-heading-title elementor-size-default\">Galeria Fabryki Npack<\/h2>\t\t\t\t<\/div>\n\t\t\t\t<div class=\"elementor-element elementor-element-949782b elementor-widget-divider--view-line elementor-widget elementor-widget-divider\" data-id=\"949782b\" data-element_type=\"widget\" data-e-type=\"widget\" data-widget_type=\"divider.default\">\n\t\t\t\t\t\t\t<div class=\"elementor-divider\">\n\t\t\t<span class=\"elementor-divider-separator\">\n\t\t\t\t\t\t<\/span>\n\t\t<\/div>\n\t\t\t\t\t\t<\/div>\n\t\t\t\t<div class=\"elementor-element elementor-element-91dea95 elementor-widget elementor-widget-text-editor\" data-id=\"91dea95\" data-element_type=\"widget\" data-e-type=\"widget\" data-widget_type=\"text-editor.default\">\n\t\t\t\t\t\t\t\t\t<p>Shanghai Npack rygorystycznie przestrzega norm mi\u0119dzynarodowych i najlepszych praktyk, demonstruj\u0105c niezmienne zaanga\u017cowanie na rzecz doskona\u0142o\u015bci i niezawodno\u015bci. Ta dba\u0142o\u015b\u0107 o jako\u015b\u0107 widoczna jest w ka\u017cdym aspekcie dzia\u0142alno\u015bci \u2013 od precyzyjnych proces\u00f3w produkcyjnych po rygorystyczne kontrole jako\u015bci. Stosuj\u0105c globalnie uznane standardy, Npack gwarantuje sta\u0142e spe\u0142nianie oczekiwa\u0144 klient\u00f3w, umacniaj\u0105c reputacj\u0119 zaufanego partnera bran\u017cowego.<\/p><p>Powierzchnia 2 600 m\u00b2 zak\u0142adu Shanghai Npack potwierdza jego zdolno\u015bci wytw\u00f3rcze i skal\u0119 operacyjn\u0105. Zaprojektowana dla efektywnej produkcji masowej, przestrze\u0144 nie tylko podkre\u015bla mo\u017cliwo\u015bci wytwarzania zr\u00f3\u017cnicowanych produkt\u00f3w, ale te\u017c gotowo\u015b\u0107 do zaspokajania ewoluuj\u0105cych potrzeb globalnej klienteli.<\/p><p>Zak\u0142ad dysponuje nowoczesnymi maszynami i zaawansowanymi technologiami, umo\u017cliwiaj\u0105c Shanghai Npack utrzymanie wysokiej wydajno\u015bci przy zachowaniu precyzji i jako\u015bci wyrob\u00f3w. Ta rozbudowana zdolno\u015b\u0107 produkcyjna pozwala sp\u00f3\u0142ce obs\u0142ugiwa\u0107 znacz\u0105ce wolumeny zam\u00f3wie\u0144 dla r\u00f3\u017cnych bran\u017c i rynk\u00f3w.<\/p>\t\t\t\t\t\t\t\t<\/div>\n\t\t\t\t<\/div>\n\t\t<div class=\"elementor-element elementor-element-e8e50bd e-con-full e-flex e-con e-child\" data-id=\"e8e50bd\" data-element_type=\"container\" data-e-type=\"container\">\n\t\t\t\t<div class=\"elementor-element elementor-element-92f60d6 elementor-pagination-position-outside elementor-widget elementor-widget-image-carousel\" data-id=\"92f60d6\" data-element_type=\"widget\" data-e-type=\"widget\" data-settings=\"{&quot;slides_to_show&quot;:&quot;7&quot;,&quot;slides_to_show_tablet&quot;:&quot;5&quot;,&quot;slides_to_show_mobile&quot;:&quot;3&quot;,&quot;navigation&quot;:&quot;dots&quot;,&quot;autoplay_speed&quot;:2000,&quot;speed&quot;:15000,&quot;autoplay&quot;:&quot;yes&quot;,&quot;pause_on_hover&quot;:&quot;yes&quot;,&quot;pause_on_interaction&quot;:&quot;yes&quot;,&quot;infinite&quot;:&quot;yes&quot;,&quot;image_spacing_custom&quot;:{&quot;unit&quot;:&quot;px&quot;,&quot;size&quot;:20,&quot;sizes&quot;:[]},&quot;image_spacing_custom_tablet&quot;:{&quot;unit&quot;:&quot;px&quot;,&quot;size&quot;:&quot;&quot;,&quot;sizes&quot;:[]},&quot;image_spacing_custom_mobile&quot;:{&quot;unit&quot;:&quot;px&quot;,&quot;size&quot;:&quot;&quot;,&quot;sizes&quot;:[]}}\" data-widget_type=\"image-carousel.default\">\n\t\t\t\t\t\t\t<div class=\"elementor-image-carousel-wrapper swiper\" role=\"region\" aria-roledescription=\"carousel\" aria-label=\"\u56fe\u50cf\u8f6e\u64ad\" dir=\"ltr\">\n\t\t\t<div class=\"elementor-image-carousel swiper-wrapper swiper-image-stretch\" aria-live=\"off\">\n\t\t\t\t\t\t\t\t<div class=\"swiper-slide\" role=\"group\" aria-roledescription=\"slide\" aria-label=\"1 z 8\"><figure class=\"swiper-slide-inner\"><img alt=\"Npack Factory - wiod\u0105cy producent maszyn do nape\u0142niania ciecz\u0105 w Chinach\" title=\"Npack Factory - wiod\u0105cy producent maszyn do nape\u0142niania ciecz\u0105 w Chinach\" decoding=\"async\" class=\"swiper-slide-image\" src=\"https:\/\/www.npackpm.com\/wp-content\/uploads\/2025\/10\/2025101402031822.webp\" \/><\/figure><\/div><div class=\"swiper-slide\" role=\"group\" aria-roledescription=\"slide\" aria-label=\"2 z 8\"><figure class=\"swiper-slide-inner\"><img alt=\"Npack Factory - wiod\u0105cy producent maszyn do nape\u0142niania ciecz\u0105 w Chinach\" title=\"Npack Factory - wiod\u0105cy producent maszyn do nape\u0142niania ciecz\u0105 w Chinach\" decoding=\"async\" class=\"swiper-slide-image\" src=\"https:\/\/www.npackpm.com\/wp-content\/uploads\/2025\/10\/2025101402031951.webp\" \/><\/figure><\/div><div class=\"swiper-slide\" role=\"group\" aria-roledescription=\"slide\" aria-label=\"3 z 8\"><figure class=\"swiper-slide-inner\"><img alt=\"Npack Factory - wiod\u0105cy producent maszyn do nape\u0142niania ciecz\u0105 w Chinach\" title=\"Npack Factory - wiod\u0105cy producent maszyn do nape\u0142niania ciecz\u0105 w Chinach\" decoding=\"async\" class=\"swiper-slide-image\" src=\"https:\/\/www.npackpm.com\/wp-content\/uploads\/2025\/10\/2025101402031971.webp\" \/><\/figure><\/div><div class=\"swiper-slide\" role=\"group\" aria-roledescription=\"slide\" aria-label=\"4 z 8\"><figure class=\"swiper-slide-inner\"><img alt=\"Npack Factory - wiod\u0105cy producent maszyn do nape\u0142niania ciecz\u0105 w Chinach\" title=\"Npack Factory - wiod\u0105cy producent maszyn do nape\u0142niania ciecz\u0105 w Chinach\" decoding=\"async\" class=\"swiper-slide-image\" src=\"https:\/\/www.npackpm.com\/wp-content\/uploads\/2025\/10\/2025101402032024.webp\" \/><\/figure><\/div><div class=\"swiper-slide\" role=\"group\" aria-roledescription=\"slide\" aria-label=\"5 z 8\"><figure class=\"swiper-slide-inner\"><img alt=\"Npack Factory - wiod\u0105cy producent maszyn do nape\u0142niania ciecz\u0105 w Chinach\" title=\"Npack Factory - wiod\u0105cy producent maszyn do nape\u0142niania ciecz\u0105 w Chinach\" decoding=\"async\" class=\"swiper-slide-image\" src=\"https:\/\/www.npackpm.com\/wp-content\/uploads\/2025\/10\/2025101402032027.webp\" \/><\/figure><\/div><div class=\"swiper-slide\" role=\"group\" aria-roledescription=\"slide\" aria-label=\"6 z 8\"><figure class=\"swiper-slide-inner\"><img alt=\"Npack Factory - wiod\u0105cy producent maszyn do nape\u0142niania ciecz\u0105 w Chinach\" title=\"Npack Factory - wiod\u0105cy producent maszyn do nape\u0142niania ciecz\u0105 w Chinach\" decoding=\"async\" class=\"swiper-slide-image\" src=\"https:\/\/www.npackpm.com\/wp-content\/uploads\/2025\/10\/2025101402032116.webp\" \/><\/figure><\/div><div class=\"swiper-slide\" role=\"group\" aria-roledescription=\"slide\" aria-label=\"7 z 8\"><figure class=\"swiper-slide-inner\"><img alt=\"Npack Factory - wiod\u0105cy producent maszyn do nape\u0142niania ciecz\u0105 w Chinach\" title=\"Npack Factory - wiod\u0105cy producent maszyn do nape\u0142niania ciecz\u0105 w Chinach\" decoding=\"async\" class=\"swiper-slide-image\" src=\"https:\/\/www.npackpm.com\/wp-content\/uploads\/2025\/10\/2025101402032122.webp\" \/><\/figure><\/div><div class=\"swiper-slide\" role=\"group\" aria-roledescription=\"slide\" aria-label=\"8 z 8\"><figure class=\"swiper-slide-inner\"><img alt=\"Npack Factory - wiod\u0105cy producent maszyn do nape\u0142niania ciecz\u0105 w Chinach\" title=\"Npack Factory - wiod\u0105cy producent maszyn do nape\u0142niania ciecz\u0105 w Chinach\" decoding=\"async\" class=\"swiper-slide-image\" src=\"https:\/\/www.npackpm.com\/wp-content\/uploads\/2025\/10\/2025101402032274.webp\" \/><\/figure><\/div>\t\t\t<\/div>\n\t\t\t\t\t\t\t\n\t\t\t\t\t\t\t\t\t<div class=\"swiper-pagination\"><\/div>\n\t\t\t\t\t\t\t\t\t<\/div>\n\t\t\t\t\t\t<\/div>\n\t\t\t\t<\/div>\n\t\t\t\t\t<\/div>\n\t\t\t\t<\/div>\n\t\t\t\t<\/div>","protected":false},"excerpt":{"rendered":"<p>Shanghai Npack adheres to international standards, ensuring high quality and reliability. Rigorous manufacturing and quality control meet or exceed customer expectations. A 2,600 sqm factory with advanced equipment supports scalable, precise production for global needs. This capacity reinforces their ability to deliver consistent results worldwide. Liquid Bottling Equipments Manufacturer Shanghai Npack is a liquid bottling [&hellip;]<\/p>\n","protected":false},"author":1,"featured_media":0,"parent":1231,"menu_order":0,"comment_status":"closed","ping_status":"closed","template":"","meta":{"footnotes":""},"categories":[],"tags":[],"class_list":["post-2307","page","type-page","status-publish","hentry"],"blocksy_meta":{"page_title_panel":"","has_hero_section":"disabled","f085eb16c0e9105cad21860354a04500":"","hero_section":"type-1","hero_elements":[{"id":"custom_title","enabled":true,"heading_tag":"h1","title":"DO DOMU"},{"id":"custom_description","enabled":true,"description_visibility":{"desktop":true,"tablet":true,"mobile":false}},{"id":"custom_meta","enabled":false,"meta_elements":[{"id":"author","enabled":true,"label":"By","has_author_avatar":"yes","avatar_size":25},{"id":"post_date","enabled":true,"label":"On","date_format_source":"default","date_format":"M j, Y"},{"id":"updated_date","enabled":false,"label":"On","date_format_source":"default","date_format":"M j, Y"},{"id":"categories","enabled":false,"label":"In","style":"simple"},{"id":"comments","enabled":true}],"page_meta_elements":{"joined":true,"articles_count":true,"comments":true}},{"id":"breadcrumbs","enabled":false}],"80a6f281ffc752406fd97962cb73de8c":"","hero_alignment1":"CT_CSS_SKIP_RULE","hero_margin":40,"hero_alignment2":"center","hero_vertical_alignment":"center","9d64e7f7b679fdbdbfe7dd16ad608df2":"","hero_structure":"narrow","15f16c7eaf5830e9a495f6af7c62e10b":"","page_title_bg_type":"featured_image","custom_hero_background":{"attachment_id":null},"parallax":{"desktop":false,"tablet":false,"mobile":false},"55b3f37122ff81df03bceb3b8aae88f1":"","hero_height":"250px","pageTitleFont":{"family":"Default","variation":"Default","size":"30px","line-height":"CT_CSS_SKIP_RULE","letter-spacing":"CT_CSS_SKIP_RULE","text-transform":"CT_CSS_SKIP_RULE","text-decoration":"CT_CSS_SKIP_RULE"},"pageTitleFontColor":{"default":{"color":"CT_CSS_SKIP_RULEDEFAULT"}},"pageMetaFont":{"family":"Default","variation":"n6","size":"12px","line-height":"1.3","letter-spacing":"CT_CSS_SKIP_RULE","text-transform":"uppercase","text-decoration":"CT_CSS_SKIP_RULE"},"pageMetaFontColor":{"default":{"color":"CT_CSS_SKIP_RULEDEFAULT"},"hover":{"color":"CT_CSS_SKIP_RULEDEFAULT"}},"page_meta_button_type_font_colors":{"default":{"color":"CT_CSS_SKIP_RULEDEFAULT"},"hover":{"color":"CT_CSS_SKIP_RULEDEFAULT"}},"page_meta_button_type_background_colors":{"default":{"color":"CT_CSS_SKIP_RULEDEFAULT"},"hover":{"color":"CT_CSS_SKIP_RULEDEFAULT"}},"pageExcerptFont":{"family":"Default","variation":"Default","size":"CT_CSS_SKIP_RULE","line-height":"CT_CSS_SKIP_RULE","letter-spacing":"CT_CSS_SKIP_RULE","text-transform":"CT_CSS_SKIP_RULE","text-decoration":"CT_CSS_SKIP_RULE"},"pageExcerptColor":{"default":{"color":"CT_CSS_SKIP_RULEDEFAULT"}},"breadcrumbsFont":{"family":"Default","variation":"Default","size":"CT_CSS_SKIP_RULE","line-height":"CT_CSS_SKIP_RULE","letter-spacing":"CT_CSS_SKIP_RULE","text-transform":"CT_CSS_SKIP_RULE","text-decoration":"CT_CSS_SKIP_RULE"},"breadcrumbsFontColor":{"default":{"color":"CT_CSS_SKIP_RULEDEFAULT"},"initial":{"color":"CT_CSS_SKIP_RULEDEFAULT"},"hover":{"color":"CT_CSS_SKIP_RULEDEFAULT"}},"pageTitleOverlay":{"background_type":"color","background_pattern":"type-1","background_image":{"attachment_id":null,"x":0,"y":0},"gradient":"linear-gradient(135deg,rgba(6,147,227,1) 0%,rgb(155,81,224) 100%)","background_repeat":"repeat","background_size":"auto","background_attachment":"scroll","patternColor":{"default":{"color":"#e5e7ea"}},"overlayColor":{"default":{"color":"CT_CSS_SKIP_RULE"}},"backgroundColor":{"default":{"color":"CT_CSS_SKIP_RULE"}}},"pageTitleBackground":{"background_type":"color","background_pattern":"type-1","background_image":{"attachment_id":null,"x":0,"y":0},"gradient":"linear-gradient(135deg,rgba(6,147,227,1) 0%,rgb(155,81,224) 100%)","background_repeat":"repeat","background_size":"auto","background_attachment":"scroll","patternColor":{"default":{"color":"#e5e7ea"}},"overlayColor":{"default":{"color":"CT_CSS_SKIP_RULE"}},"backgroundColor":{"default":{"color":"var(--theme-palette-color-6)"}}},"pageTitlePadding":{"top":"50px","bottom":"50px","left":"auto","right":"auto","linked":true},"9103bedb4e5715c387bfde8d7e5e7a18":"","page_structure_type":"default","b9cc905f0ea5815e087db41718adbc3e":"","content_style_source":"inherit","content_style":"wide","vertical_spacing_source":"custom","content_area_spacing":"none","background":{"background_type":"color","background_pattern":"type-1","background_image":{"attachment_id":null,"x":0,"y":0},"gradient":"linear-gradient(135deg,rgba(6,147,227,1) 0%,rgb(155,81,224) 100%)","background_repeat":"repeat","background_size":"auto","background_attachment":"scroll","patternColor":{"default":{"color":"#e5e7ea"}},"overlayColor":{"default":{"color":"CT_CSS_SKIP_RULE"}},"backgroundColor":{"default":{"color":"CT_CSS_SKIP_RULE"}}},"content_background":{"background_type":"color","background_pattern":"type-1","background_image":{"attachment_id":null,"x":0,"y":0},"gradient":"linear-gradient(135deg,rgba(6,147,227,1) 0%,rgb(155,81,224) 100%)","background_repeat":"repeat","background_size":"auto","background_attachment":"scroll","patternColor":{"default":{"color":"#e5e7ea"}},"overlayColor":{"default":{"color":"CT_CSS_SKIP_RULE"}},"backgroundColor":{"default":{"color":"var(--theme-palette-color-8)"}}},"content_boxed_shadow":{"inherit":false,"blur":18,"spread":-6,"v_offset":12,"h_offset":0,"inset":false,"enable":true,"color":{"color":"rgba(34, 56, 101, 0.04)"}},"boxed_content_spacing":{"desktop":{"top":"40px","bottom":"40px","left":"40px","right":"40px","linked":true},"tablet":{"top":"35px","bottom":"35px","left":"35px","right":"35px","linked":true},"mobile":{"top":"20px","bottom":"20px","left":"20px","right":"20px","linked":true}},"content_boxed_radius":{"top":"3px","bottom":"3px","left":"3px","right":"3px","linked":true},"89628c653bb5c228b1669e0e1d9c4f9d":"","disable_featured_image":"no","disable_share_box":"no","disable_header":"no","disable_footer":"no","styles_descriptor":{"styles":{"desktop":"","tablet":"","mobile":""},"google_fonts":[],"version":6}},"aioseo_notices":[],"_links":{"self":[{"href":"https:\/\/www.npackpm.com\/pl\/wp-json\/wp\/v2\/pages\/2307","targetHints":{"allow":["GET"]}}],"collection":[{"href":"https:\/\/www.npackpm.com\/pl\/wp-json\/wp\/v2\/pages"}],"about":[{"href":"https:\/\/www.npackpm.com\/pl\/wp-json\/wp\/v2\/types\/page"}],"author":[{"embeddable":true,"href":"https:\/\/www.npackpm.com\/pl\/wp-json\/wp\/v2\/users\/1"}],"replies":[{"embeddable":true,"href":"https:\/\/www.npackpm.com\/pl\/wp-json\/wp\/v2\/comments?post=2307"}],"version-history":[{"count":31,"href":"https:\/\/www.npackpm.com\/pl\/wp-json\/wp\/v2\/pages\/2307\/revisions"}],"predecessor-version":[{"id":4334,"href":"https:\/\/www.npackpm.com\/pl\/wp-json\/wp\/v2\/pages\/2307\/revisions\/4334"}],"up":[{"embeddable":true,"href":"https:\/\/www.npackpm.com\/pl\/wp-json\/wp\/v2\/pages\/1231"}],"wp:attachment":[{"href":"https:\/\/www.npackpm.com\/pl\/wp-json\/wp\/v2\/media?parent=2307"}],"wp:term":[{"taxonomy":"category","embeddable":true,"href":"https:\/\/www.npackpm.com\/pl\/wp-json\/wp\/v2\/categories?post=2307"},{"taxonomy":"post_tag","embeddable":true,"href":"https:\/\/www.npackpm.com\/pl\/wp-json\/wp\/v2\/tags?post=2307"}],"curies":[{"name":"wp","href":"https:\/\/api.w.org\/{rel}","templated":true}]}}