{"id":2338,"date":"2025-10-14T02:09:52","date_gmt":"2025-10-14T02:09:52","guid":{"rendered":"https:\/\/www.npackpm.com\/?page_id=2338"},"modified":"2025-12-04T01:00:16","modified_gmt":"2025-12-04T01:00:16","slug":"zespol-npack","status":"publish","type":"page","link":"https:\/\/www.npackpm.com\/pl\/about-us\/npack-team","title":{"rendered":"Zesp\u00f3\u0142 Npack"},"content":{"rendered":"<div data-elementor-type=\"wp-page\" data-elementor-id=\"2338\" class=\"elementor elementor-2338\" data-elementor-post-type=\"page\">\n\t\t\t\t<div class=\"elementor-element elementor-element-4b9d536 e-flex e-con-boxed e-con e-parent\" data-id=\"4b9d536\" data-element_type=\"container\" data-e-type=\"container\" data-settings=\"{&quot;background_background&quot;:&quot;classic&quot;}\">\n\t\t\t\t\t<div class=\"e-con-inner\">\n\t\t\t\t<div class=\"elementor-element elementor-element-acaf631 elementor-widget elementor-widget-text-editor\" data-id=\"acaf631\" data-element_type=\"widget\" data-e-type=\"widget\" data-widget_type=\"text-editor.default\">\n\t\t\t\t\t\t\t\t\tPraca zespo\u0142owa to wsp\u00f3\u0142praca grupy ludzi nad wsp\u00f3lnymi celami. Rozw\u00f3j i wzrost Npack opieraj\u0105 si\u0119 na tej zasadzie. B\u0119dziemy rzetelnie wykonywa\u0107 zadania i zapewnia\u0107 bie\u017c\u0105cy feedback klientom oraz zespo\u0142owi.\n\n\t\t\t\t\t\t\t\t<\/div>\n\t\t\t\t<div class=\"elementor-element elementor-element-20b5fe3 elementor-widget elementor-widget-shortcode\" data-id=\"20b5fe3\" data-element_type=\"widget\" data-e-type=\"widget\" data-widget_type=\"shortcode.default\">\n\t\t\t\t\t\t\t<div class=\"elementor-shortcode\"><\/div>\n\t\t\t\t\t\t<\/div>\n\t\t\t\t\t<\/div>\n\t\t\t\t<\/div>\n\t\t<div class=\"elementor-element elementor-element-a52705b e-flex e-con-boxed e-con e-parent\" data-id=\"a52705b\" data-element_type=\"container\" data-e-type=\"container\">\n\t\t\t\t\t<div class=\"e-con-inner\">\n\t\t<div class=\"elementor-element elementor-element-67bc7c5 e-con-full e-flex e-con e-child\" data-id=\"67bc7c5\" data-element_type=\"container\" data-e-type=\"container\">\n\t\t\t\t<div class=\"elementor-element elementor-element-ad3e20d elementor-widget elementor-widget-heading\" data-id=\"ad3e20d\" data-element_type=\"widget\" data-e-type=\"widget\" data-widget_type=\"heading.default\">\n\t\t\t\t\t<h2 class=\"elementor-heading-title elementor-size-default\">Wsp\u00f3\u0142praca z wykwalifikowanym zespo\u0142em<\/h2>\t\t\t\t<\/div>\n\t\t\t\t<div class=\"elementor-element elementor-element-949782b elementor-widget-divider--view-line elementor-widget elementor-widget-divider\" data-id=\"949782b\" data-element_type=\"widget\" data-e-type=\"widget\" data-widget_type=\"divider.default\">\n\t\t\t\t\t\t\t<div class=\"elementor-divider\">\n\t\t\t<span class=\"elementor-divider-separator\">\n\t\t\t\t\t\t<\/span>\n\t\t<\/div>\n\t\t\t\t\t\t<\/div>\n\t\t\t\t<div class=\"elementor-element elementor-element-91dea95 elementor-widget elementor-widget-text-editor\" data-id=\"91dea95\" data-element_type=\"widget\" data-e-type=\"widget\" data-widget_type=\"text-editor.default\">\n\t\t\t\t\t\t\t\t\t<p>Z dum\u0105 przedstawiamy nasz wykwalifikowany zesp\u00f3\u0142.\n\n15+ lat rozwoju pozwoli\u0142o nam stworzy\u0107 wyspecjalizowan\u0105 grup\u0119 zawodow\u0105. Nasi eksperci packagingu wnios\u0105 15+ lat bran\u017cowego do\u015bwiadczenia do ka\u017cdego projektu.\n\nW zespole znajduj\u0105 si\u0119:\n\n5 in\u017cynier\u00f3w mechanik\u00f3w z 15+ letnim do\u015bwiadczeniem w projektowaniu maszyn do rozlewu cieczy;\n\n3 in\u017cynier\u00f3w elektryk\u00f3w specjalizuj\u0105cych si\u0119 w sterownikach PLC i motion, odpowiedzialnych za programowanie linii produkcyjnych;\n\n3 in\u017cynier\u00f3w serwisowych z 5+ letnim do\u015bwiadczeniem w szkoleniach\/instalacjach\/rozruchu, wszyscy angloj\u0119zyczni do obs\u0142ugi klient\u00f3w mi\u0119dzynarodowych.\n\nWsp\u00f3lnie dostarczamy innowacyjne i niezawodne rozwi\u0105zania packagingowe na wymagania klienta.<\/p>\t\t\t\t\t\t\t\t<\/div>\n\t\t\t\t<\/div>\n\t\t<div class=\"elementor-element elementor-element-e8e50bd e-con-full e-flex e-con e-child\" data-id=\"e8e50bd\" data-element_type=\"container\" data-e-type=\"container\">\n\t\t<div class=\"elementor-element elementor-element-471d232 e-grid e-con-full e-con e-child\" data-id=\"471d232\" data-element_type=\"container\" data-e-type=\"container\">\n\t\t<div class=\"elementor-element elementor-element-1047abd e-con-full e-flex e-con e-child\" data-id=\"1047abd\" data-element_type=\"container\" data-e-type=\"container\" data-settings=\"{&quot;background_background&quot;:&quot;classic&quot;}\">\n\t\t\t\t<div class=\"elementor-element elementor-element-5cd5b2a elementor-position-top elementor-widget elementor-widget-image-box\" data-id=\"5cd5b2a\" data-element_type=\"widget\" data-e-type=\"widget\" data-widget_type=\"image-box.default\">\n\t\t\t\t\t<div class=\"elementor-image-box-wrapper\"><figure class=\"elementor-image-box-img\"><img alt=\"Npack Team - wiod\u0105cy producent maszyn do nape\u0142niania ciecz\u0105 w Chinach\" title=\"Npack Team - wiod\u0105cy producent maszyn do nape\u0142niania ciecz\u0105 w Chinach\" decoding=\"async\" width=\"200\" height=\"200\" src=\"https:\/\/www.npackpm.com\/wp-content\/uploads\/2025\/10\/2025101402273681.webp\" class=\"attachment-full size-full wp-image-2346\" \/><\/figure><div class=\"elementor-image-box-content\"><h3 class=\"elementor-image-box-title\">CEO<\/h3><\/div><\/div>\t\t\t\t<\/div>\n\t\t\t\t<\/div>\n\t\t<div class=\"elementor-element elementor-element-8059c5d e-con-full e-flex e-con e-child\" data-id=\"8059c5d\" data-element_type=\"container\" data-e-type=\"container\" data-settings=\"{&quot;background_background&quot;:&quot;classic&quot;}\">\n\t\t\t\t<div class=\"elementor-element elementor-element-700a80a elementor-position-top elementor-widget elementor-widget-image-box\" data-id=\"700a80a\" data-element_type=\"widget\" data-e-type=\"widget\" data-widget_type=\"image-box.default\">\n\t\t\t\t\t<div class=\"elementor-image-box-wrapper\"><figure class=\"elementor-image-box-img\"><img alt=\"Npack Team - wiod\u0105cy producent maszyn do nape\u0142niania ciecz\u0105 w Chinach\" title=\"Npack Team - wiod\u0105cy producent maszyn do nape\u0142niania ciecz\u0105 w Chinach\" fetchpriority=\"high\" decoding=\"async\" width=\"750\" height=\"750\" src=\"https:\/\/www.npackpm.com\/wp-content\/uploads\/2025\/10\/2025101402310799.webp\" class=\"attachment-full size-full wp-image-2347\" \/><\/figure><div class=\"elementor-image-box-content\"><h3 class=\"elementor-image-box-title\">GM<\/h3><\/div><\/div>\t\t\t\t<\/div>\n\t\t\t\t<\/div>\n\t\t<div class=\"elementor-element elementor-element-a447c0e e-con-full e-flex e-con e-child\" data-id=\"a447c0e\" data-element_type=\"container\" data-e-type=\"container\" data-settings=\"{&quot;background_background&quot;:&quot;classic&quot;}\">\n\t\t\t\t<div class=\"elementor-element elementor-element-6aa1925 elementor-position-top elementor-widget elementor-widget-image-box\" data-id=\"6aa1925\" data-element_type=\"widget\" data-e-type=\"widget\" data-widget_type=\"image-box.default\">\n\t\t\t\t\t<div class=\"elementor-image-box-wrapper\"><figure class=\"elementor-image-box-img\"><img alt=\"Npack Team - wiod\u0105cy producent maszyn do nape\u0142niania ciecz\u0105 w Chinach\" title=\"Npack Team - wiod\u0105cy producent maszyn do nape\u0142niania ciecz\u0105 w Chinach\" decoding=\"async\" width=\"1024\" height=\"1024\" src=\"https:\/\/www.npackpm.com\/wp-content\/uploads\/2025\/10\/2025101402312718.webp\" class=\"attachment-full size-full wp-image-2348\" \/><\/figure><div class=\"elementor-image-box-content\"><h3 class=\"elementor-image-box-title\">Kierownik ds. marketingu<\/h3><\/div><\/div>\t\t\t\t<\/div>\n\t\t\t\t<\/div>\n\t\t<div class=\"elementor-element elementor-element-fe85f55 e-con-full e-flex e-con e-child\" data-id=\"fe85f55\" data-element_type=\"container\" data-e-type=\"container\" data-settings=\"{&quot;background_background&quot;:&quot;classic&quot;}\">\n\t\t\t\t<div class=\"elementor-element elementor-element-920a7bf elementor-position-top elementor-widget elementor-widget-image-box\" data-id=\"920a7bf\" data-element_type=\"widget\" data-e-type=\"widget\" data-widget_type=\"image-box.default\">\n\t\t\t\t\t<div class=\"elementor-image-box-wrapper\"><figure class=\"elementor-image-box-img\"><img alt=\"Npack Team - wiod\u0105cy producent maszyn do nape\u0142niania ciecz\u0105 w Chinach\" title=\"Npack Team - wiod\u0105cy producent maszyn do nape\u0142niania ciecz\u0105 w Chinach\" loading=\"lazy\" decoding=\"async\" width=\"176\" height=\"176\" src=\"https:\/\/www.npackpm.com\/wp-content\/uploads\/2025\/10\/2025101402345881.webp\" class=\"attachment-full size-full wp-image-2351\" \/><\/figure><div class=\"elementor-image-box-content\"><h3 class=\"elementor-image-box-title\">Kierownik techniczny<\/h3><\/div><\/div>\t\t\t\t<\/div>\n\t\t\t\t<\/div>\n\t\t<div class=\"elementor-element elementor-element-bd351fa e-con-full e-flex e-con e-child\" data-id=\"bd351fa\" data-element_type=\"container\" data-e-type=\"container\" data-settings=\"{&quot;background_background&quot;:&quot;classic&quot;}\">\n\t\t\t\t<div class=\"elementor-element elementor-element-3fc0845 elementor-position-top elementor-widget elementor-widget-image-box\" data-id=\"3fc0845\" data-element_type=\"widget\" data-e-type=\"widget\" data-widget_type=\"image-box.default\">\n\t\t\t\t\t<div class=\"elementor-image-box-wrapper\"><figure class=\"elementor-image-box-img\"><img alt=\"Npack Team - wiod\u0105cy producent maszyn do nape\u0142niania ciecz\u0105 w Chinach\" title=\"Npack Team - wiod\u0105cy producent maszyn do nape\u0142niania ciecz\u0105 w Chinach\" loading=\"lazy\" decoding=\"async\" width=\"176\" height=\"176\" src=\"https:\/\/www.npackpm.com\/wp-content\/uploads\/2025\/10\/2025101402362911.webp\" class=\"attachment-full size-full wp-image-2352\" \/><\/figure><div class=\"elementor-image-box-content\"><h3 class=\"elementor-image-box-title\">Kierownik sprzeda\u017cy<\/h3><\/div><\/div>\t\t\t\t<\/div>\n\t\t\t\t<\/div>\n\t\t<div class=\"elementor-element elementor-element-eeb52af e-con-full e-flex e-con e-child\" data-id=\"eeb52af\" data-element_type=\"container\" data-e-type=\"container\" data-settings=\"{&quot;background_background&quot;:&quot;classic&quot;}\">\n\t\t\t\t<div class=\"elementor-element elementor-element-7b2ecb3 elementor-position-top elementor-widget elementor-widget-image-box\" data-id=\"7b2ecb3\" data-element_type=\"widget\" data-e-type=\"widget\" data-widget_type=\"image-box.default\">\n\t\t\t\t\t<div class=\"elementor-image-box-wrapper\"><figure class=\"elementor-image-box-img\"><img alt=\"Npack Team - wiod\u0105cy producent maszyn do nape\u0142niania ciecz\u0105 w Chinach\" title=\"Npack Team - wiod\u0105cy producent maszyn do nape\u0142niania ciecz\u0105 w Chinach\" loading=\"lazy\" decoding=\"async\" width=\"176\" height=\"176\" src=\"https:\/\/www.npackpm.com\/wp-content\/uploads\/2025\/10\/2025101402365088.webp\" class=\"attachment-full size-full wp-image-2353\" \/><\/figure><div class=\"elementor-image-box-content\"><h3 class=\"elementor-image-box-title\">Kierownik sprzeda\u017cy<\/h3><\/div><\/div>\t\t\t\t<\/div>\n\t\t\t\t<\/div>\n\t\t<div class=\"elementor-element elementor-element-a531359 e-con-full e-flex e-con e-child\" data-id=\"a531359\" data-element_type=\"container\" data-e-type=\"container\" data-settings=\"{&quot;background_background&quot;:&quot;classic&quot;}\">\n\t\t\t\t<div class=\"elementor-element elementor-element-d1a8729 elementor-position-top elementor-widget elementor-widget-image-box\" data-id=\"d1a8729\" data-element_type=\"widget\" data-e-type=\"widget\" data-widget_type=\"image-box.default\">\n\t\t\t\t\t<div class=\"elementor-image-box-wrapper\"><figure class=\"elementor-image-box-img\"><img alt=\"Npack Team - wiod\u0105cy producent maszyn do nape\u0142niania ciecz\u0105 w Chinach\" title=\"Npack Team - wiod\u0105cy producent maszyn do nape\u0142niania ciecz\u0105 w Chinach\" loading=\"lazy\" decoding=\"async\" width=\"200\" height=\"200\" src=\"https:\/\/www.npackpm.com\/wp-content\/uploads\/2025\/10\/2025101402371315.webp\" class=\"attachment-full size-full wp-image-2354\" \/><\/figure><div class=\"elementor-image-box-content\"><h3 class=\"elementor-image-box-title\">Cz\u0142onkowie biura<\/h3><\/div><\/div>\t\t\t\t<\/div>\n\t\t\t\t<\/div>\n\t\t\t\t<\/div>\n\t\t\t\t<\/div>\n\t\t\t\t\t<\/div>\n\t\t\t\t<\/div>\n\t\t\t\t<\/div>","protected":false},"excerpt":{"rendered":"<p>Team working involves a group of people collaborating towards a common goal or project, Npack development well and growing up due to its team and team working,.We will do well our work and feedback to our customer and our team. Work With a Professional Team We are proud to introduce our talented and experienced team.With [&hellip;]<\/p>\n","protected":false},"author":1,"featured_media":4966,"parent":1231,"menu_order":0,"comment_status":"closed","ping_status":"closed","template":"","meta":{"footnotes":""},"categories":[],"tags":[],"class_list":["post-2338","page","type-page","status-publish","has-post-thumbnail","hentry"],"blocksy_meta":{"page_title_panel":"","has_hero_section":"disabled","f085eb16c0e9105cad21860354a04500":"","hero_section":"type-1","hero_elements":[{"id":"custom_title","enabled":true,"heading_tag":"h1","title":"DO DOMU"},{"id":"custom_description","enabled":true,"description_visibility":{"desktop":true,"tablet":true,"mobile":false}},{"id":"custom_meta","enabled":false,"meta_elements":[{"id":"author","enabled":true,"label":"By","has_author_avatar":"yes","avatar_size":25},{"id":"post_date","enabled":true,"label":"On","date_format_source":"default","date_format":"M j, Y"},{"id":"updated_date","enabled":false,"label":"On","date_format_source":"default","date_format":"M j, Y"},{"id":"categories","enabled":false,"label":"In","style":"simple"},{"id":"comments","enabled":true}],"page_meta_elements":{"joined":true,"articles_count":true,"comments":true}},{"id":"breadcrumbs","enabled":false}],"80a6f281ffc752406fd97962cb73de8c":"","hero_alignment1":"CT_CSS_SKIP_RULE","hero_margin":40,"hero_alignment2":"center","hero_vertical_alignment":"center","9d64e7f7b679fdbdbfe7dd16ad608df2":"","hero_structure":"narrow","15f16c7eaf5830e9a495f6af7c62e10b":"","page_title_bg_type":"featured_image","custom_hero_background":{"attachment_id":null},"parallax":{"desktop":false,"tablet":false,"mobile":false},"55b3f37122ff81df03bceb3b8aae88f1":"","hero_height":"250px","pageTitleFont":{"family":"Default","variation":"Default","size":"30px","line-height":"CT_CSS_SKIP_RULE","letter-spacing":"CT_CSS_SKIP_RULE","text-transform":"CT_CSS_SKIP_RULE","text-decoration":"CT_CSS_SKIP_RULE"},"pageTitleFontColor":{"default":{"color":"CT_CSS_SKIP_RULEDEFAULT"}},"pageMetaFont":{"family":"Default","variation":"n6","size":"12px","line-height":"1.3","letter-spacing":"CT_CSS_SKIP_RULE","text-transform":"uppercase","text-decoration":"CT_CSS_SKIP_RULE"},"pageMetaFontColor":{"default":{"color":"CT_CSS_SKIP_RULEDEFAULT"},"hover":{"color":"CT_CSS_SKIP_RULEDEFAULT"}},"page_meta_button_type_font_colors":{"default":{"color":"CT_CSS_SKIP_RULEDEFAULT"},"hover":{"color":"CT_CSS_SKIP_RULEDEFAULT"}},"page_meta_button_type_background_colors":{"default":{"color":"CT_CSS_SKIP_RULEDEFAULT"},"hover":{"color":"CT_CSS_SKIP_RULEDEFAULT"}},"pageExcerptFont":{"family":"Default","variation":"Default","size":"CT_CSS_SKIP_RULE","line-height":"CT_CSS_SKIP_RULE","letter-spacing":"CT_CSS_SKIP_RULE","text-transform":"CT_CSS_SKIP_RULE","text-decoration":"CT_CSS_SKIP_RULE"},"pageExcerptColor":{"default":{"color":"CT_CSS_SKIP_RULEDEFAULT"}},"breadcrumbsFont":{"family":"Default","variation":"Default","size":"CT_CSS_SKIP_RULE","line-height":"CT_CSS_SKIP_RULE","letter-spacing":"CT_CSS_SKIP_RULE","text-transform":"CT_CSS_SKIP_RULE","text-decoration":"CT_CSS_SKIP_RULE"},"breadcrumbsFontColor":{"default":{"color":"CT_CSS_SKIP_RULEDEFAULT"},"initial":{"color":"CT_CSS_SKIP_RULEDEFAULT"},"hover":{"color":"CT_CSS_SKIP_RULEDEFAULT"}},"pageTitleOverlay":{"background_type":"color","background_pattern":"type-1","background_image":{"attachment_id":null,"x":0,"y":0},"gradient":"linear-gradient(135deg,rgba(6,147,227,1) 0%,rgb(155,81,224) 100%)","background_repeat":"repeat","background_size":"auto","background_attachment":"scroll","patternColor":{"default":{"color":"#e5e7ea"}},"overlayColor":{"default":{"color":"CT_CSS_SKIP_RULE"}},"backgroundColor":{"default":{"color":"CT_CSS_SKIP_RULE"}}},"pageTitleBackground":{"background_type":"color","background_pattern":"type-1","background_image":{"attachment_id":null,"x":0,"y":0},"gradient":"linear-gradient(135deg,rgba(6,147,227,1) 0%,rgb(155,81,224) 100%)","background_repeat":"repeat","background_size":"auto","background_attachment":"scroll","patternColor":{"default":{"color":"#e5e7ea"}},"overlayColor":{"default":{"color":"CT_CSS_SKIP_RULE"}},"backgroundColor":{"default":{"color":"var(--theme-palette-color-6)"}}},"pageTitlePadding":{"top":"50px","bottom":"50px","left":"auto","right":"auto","linked":true},"9103bedb4e5715c387bfde8d7e5e7a18":"","page_structure_type":"default","b9cc905f0ea5815e087db41718adbc3e":"","content_style_source":"inherit","content_style":"wide","vertical_spacing_source":"custom","content_area_spacing":"none","background":{"background_type":"color","background_pattern":"type-1","background_image":{"attachment_id":null,"x":0,"y":0},"gradient":"linear-gradient(135deg,rgba(6,147,227,1) 0%,rgb(155,81,224) 100%)","background_repeat":"repeat","background_size":"auto","background_attachment":"scroll","patternColor":{"default":{"color":"#e5e7ea"}},"overlayColor":{"default":{"color":"CT_CSS_SKIP_RULE"}},"backgroundColor":{"default":{"color":"CT_CSS_SKIP_RULE"}}},"content_background":{"background_type":"color","background_pattern":"type-1","background_image":{"attachment_id":null,"x":0,"y":0},"gradient":"linear-gradient(135deg,rgba(6,147,227,1) 0%,rgb(155,81,224) 100%)","background_repeat":"repeat","background_size":"auto","background_attachment":"scroll","patternColor":{"default":{"color":"#e5e7ea"}},"overlayColor":{"default":{"color":"CT_CSS_SKIP_RULE"}},"backgroundColor":{"default":{"color":"var(--theme-palette-color-8)"}}},"content_boxed_shadow":{"inherit":false,"blur":18,"spread":-6,"v_offset":12,"h_offset":0,"inset":false,"enable":true,"color":{"color":"rgba(34, 56, 101, 0.04)"}},"boxed_content_spacing":{"desktop":{"top":"40px","bottom":"40px","left":"40px","right":"40px","linked":true},"tablet":{"top":"35px","bottom":"35px","left":"35px","right":"35px","linked":true},"mobile":{"top":"20px","bottom":"20px","left":"20px","right":"20px","linked":true}},"content_boxed_radius":{"top":"3px","bottom":"3px","left":"3px","right":"3px","linked":true},"89628c653bb5c228b1669e0e1d9c4f9d":"","disable_featured_image":"no","disable_share_box":"no","disable_header":"no","disable_footer":"no","styles_descriptor":{"styles":{"desktop":"","tablet":"","mobile":""},"google_fonts":[],"version":6}},"aioseo_notices":[],"_links":{"self":[{"href":"https:\/\/www.npackpm.com\/pl\/wp-json\/wp\/v2\/pages\/2338","targetHints":{"allow":["GET"]}}],"collection":[{"href":"https:\/\/www.npackpm.com\/pl\/wp-json\/wp\/v2\/pages"}],"about":[{"href":"https:\/\/www.npackpm.com\/pl\/wp-json\/wp\/v2\/types\/page"}],"author":[{"embeddable":true,"href":"https:\/\/www.npackpm.com\/pl\/wp-json\/wp\/v2\/users\/1"}],"replies":[{"embeddable":true,"href":"https:\/\/www.npackpm.com\/pl\/wp-json\/wp\/v2\/comments?post=2338"}],"version-history":[{"count":19,"href":"https:\/\/www.npackpm.com\/pl\/wp-json\/wp\/v2\/pages\/2338\/revisions"}],"predecessor-version":[{"id":4975,"href":"https:\/\/www.npackpm.com\/pl\/wp-json\/wp\/v2\/pages\/2338\/revisions\/4975"}],"up":[{"embeddable":true,"href":"https:\/\/www.npackpm.com\/pl\/wp-json\/wp\/v2\/pages\/1231"}],"wp:featuredmedia":[{"embeddable":true,"href":"https:\/\/www.npackpm.com\/pl\/wp-json\/wp\/v2\/media\/4966"}],"wp:attachment":[{"href":"https:\/\/www.npackpm.com\/pl\/wp-json\/wp\/v2\/media?parent=2338"}],"wp:term":[{"taxonomy":"category","embeddable":true,"href":"https:\/\/www.npackpm.com\/pl\/wp-json\/wp\/v2\/categories?post=2338"},{"taxonomy":"post_tag","embeddable":true,"href":"https:\/\/www.npackpm.com\/pl\/wp-json\/wp\/v2\/tags?post=2338"}],"curies":[{"name":"wp","href":"https:\/\/api.w.org\/{rel}","templated":true}]}}