{"id":5408,"date":"2026-01-30T03:54:45","date_gmt":"2026-01-30T03:54:45","guid":{"rendered":"https:\/\/www.npackpm.com\/?page_id=5408"},"modified":"2026-01-30T04:04:23","modified_gmt":"2026-01-30T04:04:23","slug":"monoblokowa-maszyna-do-napelniania-fiolek-wewnetrznego-zatykania-i-zamykania","status":"publish","type":"page","link":"https:\/\/www.npackpm.com\/pl\/monoblock-filling-machine\/monoblock-vial-filling-inner-plugging-and-capping-machine","title":{"rendered":"Maszyna Monoblokowa do Nape\u0142niania, Wk\u0142adania Kork\u00f3w i Zakr\u0119cania Fiolek"},"content":{"rendered":"<div data-elementor-type=\"wp-page\" data-elementor-id=\"5408\" class=\"elementor elementor-5408\" data-elementor-post-type=\"page\">\n\t\t\t\t<div class=\"elementor-element elementor-element-5e766aea e-flex e-con-boxed e-con e-parent\" data-id=\"5e766aea\" data-element_type=\"container\" data-e-type=\"container\" data-settings=\"{&quot;background_background&quot;:&quot;classic&quot;}\">\n\t\t\t\t\t<div class=\"e-con-inner\">\n\t\t\t\t\t<\/div>\n\t\t\t\t<\/div>\n\t\t<div class=\"elementor-element elementor-element-1ac4a152 e-flex e-con-boxed e-con e-parent\" data-id=\"1ac4a152\" data-element_type=\"container\" data-e-type=\"container\">\n\t\t\t\t\t<div class=\"e-con-inner\">\n\t\t<div class=\"elementor-element elementor-element-6bd0c520 e-con-full e-flex e-con e-child\" data-id=\"6bd0c520\" data-element_type=\"container\" data-e-type=\"container\">\n\t\t\t\t<div class=\"elementor-element elementor-element-c62fbfe elementor-widget elementor-widget-heading\" data-id=\"c62fbfe\" data-element_type=\"widget\" data-e-type=\"widget\" data-widget_type=\"heading.default\">\n\t\t\t\t\t<h2 class=\"elementor-heading-title elementor-size-default\">Maszyna Monoblokowa NP-MFC do Nape\u0142niania, Wk\u0142adania Kork\u00f3w i Zakr\u0119cania Fiolek<\/h2>\t\t\t\t<\/div>\n\t\t\t\t<div class=\"elementor-element elementor-element-2e19e645 elementor-widget-divider--view-line elementor-widget elementor-widget-divider\" data-id=\"2e19e645\" data-element_type=\"widget\" data-e-type=\"widget\" data-widget_type=\"divider.default\">\n\t\t\t\t\t\t\t<div class=\"elementor-divider\">\n\t\t\t<span class=\"elementor-divider-separator\">\n\t\t\t\t\t\t<\/span>\n\t\t<\/div>\n\t\t\t\t\t\t<\/div>\n\t\t\t\t<div class=\"elementor-element elementor-element-34707433 elementor-widget elementor-widget-text-editor\" data-id=\"34707433\" data-element_type=\"widget\" data-e-type=\"widget\" data-widget_type=\"text-editor.default\">\n\t\t\t\t\t\t\t\t\t<p>Maszyna monoblokowa NP-MFC do nape\u0142niania, wk\u0142adania kork\u00f3w i zakr\u0119cania buteleczek to kompaktowe rozwi\u0105zanie \u0142\u0105cz\u0105ce nape\u0142nianie, zatyczkowanie i zakr\u0119canie\/zamkni\u0119cie w jednej maszynie. Po latach rozwoju bran\u017cy opakowaniowej i aktualizacji przepis\u00f3w dodali\u015bmy do tego monobloku opcjonaln\u0105 funkcj\u0119 p\u0142ukania\/mycia, dzi\u0119ki czemu mo\u017cna j\u0105 r\u00f3wnie\u017c nazwa\u0107 maszyn\u0105 4 w 1.<br \/>Maszyny monoblokowe do nape\u0142niania buteleczek pomagaj\u0105 producentom optymalizowa\u0107 powierzchni\u0119 pod\u0142ogi, redukowa\u0107 prac\u0119 r\u0119czn\u0105 i utrzymywa\u0107 sta\u0142\u0105 jako\u015b\u0107 produktu. Ta maszyna jest stosowana g\u0142\u00f3wnie w przemy\u015ble farmaceutycznym, kosmetycznym, spo\u017cywczym lub chemicznym.<\/p>\t\t\t\t\t\t\t\t<\/div>\n\t\t\t\t<\/div>\n\t\t<div class=\"elementor-element elementor-element-1bef78f e-con-full e-flex e-con e-child\" data-id=\"1bef78f\" data-element_type=\"container\" data-e-type=\"container\">\n\t\t\t\t<div class=\"elementor-element elementor-element-6a37da6e elementor-widget elementor-widget-video\" data-id=\"6a37da6e\" data-element_type=\"widget\" data-e-type=\"widget\" data-settings=\"{&quot;youtube_url&quot;:&quot;https:\\\/\\\/youtu.be\\\/5ejVOUh_CQ0?list=PL3rEPhyyma23HgqnYKkiJBNxXIJJCrkdH&quot;,&quot;show_image_overlay&quot;:&quot;yes&quot;,&quot;image_overlay&quot;:{&quot;url&quot;:&quot;https:\\\/\\\/www.npackpm.com\\\/wp-content\\\/uploads\\\/2026\\\/01\\\/2026012903392484.webp&quot;,&quot;id&quot;:5409,&quot;size&quot;:&quot;&quot;,&quot;alt&quot;:&quot;Monoblock Vial Filling, Inner Plugging, and Capping Machine&quot;,&quot;source&quot;:&quot;library&quot;},&quot;video_type&quot;:&quot;youtube&quot;,&quot;controls&quot;:&quot;yes&quot;}\" data-widget_type=\"video.default\">\n\t\t\t\t\t\t\t<div class=\"elementor-wrapper elementor-open-inline\">\n\t\t\t<div class=\"elementor-video\"><\/div>\t\t\t\t<div class=\"elementor-custom-embed-image-overlay\" style=\"background-image: url(https:\/\/www.npackpm.com\/wp-content\/uploads\/2026\/01\/2026012903392484.webp);\">\n\t\t\t\t\t\t\t\t\t\t\t\t\t\t\t\t<div class=\"elementor-custom-embed-play\" role=\"button\" aria-label=\"Lire la vid\u00e9o sur Monoblock Vial Filling, Inner Plugging, and Capping Machine\" tabindex=\"0\" data-no-translation-aria-label=\"\">\n\t\t\t\t\t\t\t<svg aria-hidden=\"true\" class=\"e-font-icon-svg e-eicon-play\" viewbox=\"0 0 1000 1000\" xmlns=\"http:\/\/www.w3.org\/2000\/svg\"><path d=\"M838 162C746 71 633 25 500 25 371 25 258 71 163 162 71 254 25 367 25 500 25 633 71 746 163 837 254 929 367 979 500 979 633 979 746 933 838 837 929 746 975 633 975 500 975 367 929 254 838 162M808 192C892 279 933 379 933 500 933 621 892 725 808 808 725 892 621 938 500 938 379 938 279 896 196 808 113 725 67 621 67 500 67 379 108 279 196 192 279 108 383 62 500 62 621 62 721 108 808 192M438 392V642L642 517 438 392Z\"><\/path><\/svg>\t\t\t\t\t\t<\/div>\n\t\t\t\t\t\t\t\t\t<\/div>\n\t\t\t\t\t<\/div>\n\t\t\t\t\t\t<\/div>\n\t\t\t\t<\/div>\n\t\t\t\t\t<\/div>\n\t\t\t\t<\/div>\n\t\t<div class=\"elementor-element elementor-element-1d6736c9 e-flex e-con-boxed e-con e-parent\" data-id=\"1d6736c9\" data-element_type=\"container\" data-e-type=\"container\" data-settings=\"{&quot;background_background&quot;:&quot;classic&quot;}\">\n\t\t\t\t\t<div class=\"e-con-inner\">\n\t\t<div class=\"elementor-element elementor-element-3bfc667 e-con-full e-flex e-con e-child\" data-id=\"3bfc667\" data-element_type=\"container\" data-e-type=\"container\">\n\t\t\t\t<div class=\"elementor-element elementor-element-5164167d elementor-widget elementor-widget-heading\" data-id=\"5164167d\" data-element_type=\"widget\" data-e-type=\"widget\" data-widget_type=\"heading.default\">\n\t\t\t\t\t<h2 class=\"elementor-heading-title elementor-size-default\">Kluczowe cechy maszyny monoblokowej do nape\u0142niania, wk\u0142adania kork\u00f3w i zakr\u0119cania buteleczek<\/h2>\t\t\t\t<\/div>\n\t\t\t\t<div class=\"elementor-element elementor-element-238385ac elementor-widget-divider--view-line elementor-widget elementor-widget-divider\" data-id=\"238385ac\" data-element_type=\"widget\" data-e-type=\"widget\" data-widget_type=\"divider.default\">\n\t\t\t\t\t\t\t<div class=\"elementor-divider\">\n\t\t\t<span class=\"elementor-divider-separator\">\n\t\t\t\t\t\t<\/span>\n\t\t<\/div>\n\t\t\t\t\t\t<\/div>\n\t\t\t\t<div class=\"elementor-element elementor-element-6af38864 elementor-widget elementor-widget-text-editor\" data-id=\"6af38864\" data-element_type=\"widget\" data-e-type=\"widget\" data-widget_type=\"text-editor.default\">\n\t\t\t\t\t\t\t\t\t<p>Npack akceptuje zam\u00f3wienia na maszyny dostosowane do Twoich zautomatyzowanych potrzeb pakowania. Je\u015bli rozwa\u017casz modernizacj\u0119 swojej linii produkcyjnej opakowa\u0144, pomocne jest zrozumienie, co wyr\u00f3\u017cnia automatyczne maszyny monoblokowe. Zaprojektowali\u015bmy t\u0119 nape\u0142niark\u0119 monoblokow\u0105 w oparciu o poni\u017csze g\u0142\u00f3wne cechy.<\/p>\t\t\t\t\t\t\t\t<\/div>\n\t\t\t\t<\/div>\n\t\t<div class=\"elementor-element elementor-element-165054a e-con-full e-flex e-con e-child\" data-id=\"165054a\" data-element_type=\"container\" data-e-type=\"container\">\n\t\t<div class=\"elementor-element elementor-element-4f791905 e-grid e-con-full e-con e-child\" data-id=\"4f791905\" data-element_type=\"container\" data-e-type=\"container\">\n\t\t<div class=\"elementor-element elementor-element-2796433b brown-hover e-con-full e-flex e-con e-child\" data-id=\"2796433b\" data-element_type=\"container\" data-e-type=\"container\" data-settings=\"{&quot;background_background&quot;:&quot;classic&quot;}\">\n\t\t\t\t<div class=\"elementor-element elementor-element-1f1e77b3 elementor-widget elementor-widget-icon-box\" data-id=\"1f1e77b3\" data-element_type=\"widget\" data-e-type=\"widget\" data-widget_type=\"icon-box.default\">\n\t\t\t\t\t\t\t<div class=\"elementor-icon-box-wrapper\">\n\n\t\t\t\n\t\t\t\t\t\t<div class=\"elementor-icon-box-content\">\n\n\t\t\t\t\t\t\t\t\t<h3 class=\"elementor-icon-box-title\">\n\t\t\t\t\t\t<span  >\n\t\t\t\t\t\t\tPrecyzyjne Nape\u0142nianie\t\t\t\t\t\t<\/span>\n\t\t\t\t\t<\/h3>\n\t\t\t\t\n\t\t\t\t\t\t\t\t\t<p class=\"elementor-icon-box-description\">\n\t\t\t\t\t\tDostosowane do zaawansowanych obj\u0119to\u015bciowych t\u0142ok\u00f3w z nap\u0119dem serwo lub pomp serwo, zapewniaj\u0105 precyzyjne nape\u0142nienie ka\u017cdego pojemnika do zaprogramowanego poziomu lub z zaprogramowan\u0105 dok\u0142adno\u015bci\u0105 \u2014 idealne dla wszystkiego, od produkt\u00f3w farmaceutycznych po kosmetyki specjalistyczne.\t\t\t\t\t<\/p>\n\t\t\t\t\n\t\t\t<\/div>\n\t\t\t\n\t\t<\/div>\n\t\t\t\t\t\t<\/div>\n\t\t\t\t<\/div>\n\t\t<div class=\"elementor-element elementor-element-447c71aa brown-hover e-con-full e-flex e-con e-child\" data-id=\"447c71aa\" data-element_type=\"container\" data-e-type=\"container\" data-settings=\"{&quot;background_background&quot;:&quot;classic&quot;}\">\n\t\t\t\t<div class=\"elementor-element elementor-element-66836234 elementor-widget elementor-widget-icon-box\" data-id=\"66836234\" data-element_type=\"widget\" data-e-type=\"widget\" data-widget_type=\"icon-box.default\">\n\t\t\t\t\t\t\t<div class=\"elementor-icon-box-wrapper\">\n\n\t\t\t\n\t\t\t\t\t\t<div class=\"elementor-icon-box-content\">\n\n\t\t\t\t\t\t\t\t\t<h3 class=\"elementor-icon-box-title\">\n\t\t\t\t\t\t<span  >\n\t\t\t\t\t\t\tZautomatyzowane pod\u0142\u0105czanie wewn\u0119trzne\t\t\t\t\t\t<\/span>\n\t\t\t\t\t<\/h3>\n\t\t\t\t\n\t\t\t\t\t\t\t\t\t<p class=\"elementor-icon-box-description\">\n\t\t\t\t\t\tAutomatyczny mechanizm robotyczny pobiera i umieszcza korki wewn\u0119trzne z jednakow\u0105 orientacj\u0105 i g\u0142\u0119boko\u015bci\u0105, ograniczaj\u0105c obs\u0142ug\u0119 r\u0119czn\u0105 i zapewniaj\u0105c jednolit\u0105 jako\u015b\u0107.\t\t\t\t\t<\/p>\n\t\t\t\t\n\t\t\t<\/div>\n\t\t\t\n\t\t<\/div>\n\t\t\t\t\t\t<\/div>\n\t\t\t\t<\/div>\n\t\t<div class=\"elementor-element elementor-element-6a9d92bb brown-hover e-con-full e-flex e-con e-child\" data-id=\"6a9d92bb\" data-element_type=\"container\" data-e-type=\"container\" data-settings=\"{&quot;background_background&quot;:&quot;classic&quot;}\">\n\t\t\t\t<div class=\"elementor-element elementor-element-424cda9a elementor-widget elementor-widget-icon-box\" data-id=\"424cda9a\" data-element_type=\"widget\" data-e-type=\"widget\" data-widget_type=\"icon-box.default\">\n\t\t\t\t\t\t\t<div class=\"elementor-icon-box-wrapper\">\n\n\t\t\t\n\t\t\t\t\t\t<div class=\"elementor-icon-box-content\">\n\n\t\t\t\t\t\t\t\t\t<h3 class=\"elementor-icon-box-title\">\n\t\t\t\t\t\t<span  >\n\t\t\t\t\t\t\t\u015aruba regulacyjna momentu obrotowego\t\t\t\t\t\t<\/span>\n\t\t\t\t\t<\/h3>\n\t\t\t\t\n\t\t\t\t\t\t\t\t\t<p class=\"elementor-icon-box-description\">\n\t\t\t\t\t\tWyposa\u017cona w silnik serwo Siemens do kontroli momentu obrotowego, stacja zakr\u0119cania mocno zabezpiecza ka\u017cd\u0105 zakr\u0119tk\u0119, minimalizuj\u0105c ryzyko przeciek\u00f3w lub zepsucia produktu \u2013 niezb\u0119dna funkcja w przemy\u015ble kosmetycznym i farmaceutycznym.\t\t\t\t\t<\/p>\n\t\t\t\t\n\t\t\t<\/div>\n\t\t\t\n\t\t<\/div>\n\t\t\t\t\t\t<\/div>\n\t\t\t\t<\/div>\n\t\t<div class=\"elementor-element elementor-element-1f38f984 brown-hover e-con-full e-flex e-con e-child\" data-id=\"1f38f984\" data-element_type=\"container\" data-e-type=\"container\" data-settings=\"{&quot;background_background&quot;:&quot;classic&quot;}\">\n\t\t\t\t<div class=\"elementor-element elementor-element-58e2449 elementor-widget elementor-widget-icon-box\" data-id=\"58e2449\" data-element_type=\"widget\" data-e-type=\"widget\" data-widget_type=\"icon-box.default\">\n\t\t\t\t\t\t\t<div class=\"elementor-icon-box-wrapper\">\n\n\t\t\t\n\t\t\t\t\t\t<div class=\"elementor-icon-box-content\">\n\n\t\t\t\t\t\t\t\t\t<h3 class=\"elementor-icon-box-title\">\n\t\t\t\t\t\t<span  >\n\t\t\t\t\t\t\tElastyczna obs\u0142uga kontener\u00f3w\t\t\t\t\t\t<\/span>\n\t\t\t\t\t<\/h3>\n\t\t\t\t\n\t\t\t\t\t\t\t\t\t<p class=\"elementor-icon-box-description\">\n\t\t\t\t\t\tCz\u0119\u015bci szybkowymienne i regulowane prowadnice dostosowuj\u0105 si\u0119 do r\u00f3\u017cnych kszta\u0142t\u00f3w butelek i materia\u0142\u00f3w, niezale\u017cnie od tego, czy u\u017cywasz buteleczek szklanych, czy plastikowych PET.\t\t\t\t\t<\/p>\n\t\t\t\t\n\t\t\t<\/div>\n\t\t\t\n\t\t<\/div>\n\t\t\t\t\t\t<\/div>\n\t\t\t\t<\/div>\n\t\t<div class=\"elementor-element elementor-element-614c67b4 brown-hover e-con-full e-flex e-con e-child\" data-id=\"614c67b4\" data-element_type=\"container\" data-e-type=\"container\" data-settings=\"{&quot;background_background&quot;:&quot;classic&quot;}\">\n\t\t\t\t<div class=\"elementor-element elementor-element-e553063 elementor-widget elementor-widget-icon-box\" data-id=\"e553063\" data-element_type=\"widget\" data-e-type=\"widget\" data-widget_type=\"icon-box.default\">\n\t\t\t\t\t\t\t<div class=\"elementor-icon-box-wrapper\">\n\n\t\t\t\n\t\t\t\t\t\t<div class=\"elementor-icon-box-content\">\n\n\t\t\t\t\t\t\t\t\t<h3 class=\"elementor-icon-box-title\">\n\t\t\t\t\t\t<span  >\n\t\t\t\t\t\t\tKompaktowa, wydajna konstrukcja\t\t\t\t\t\t<\/span>\n\t\t\t\t\t<\/h3>\n\t\t\t\t\n\t\t\t\t\t\t\t\t\t<p class=\"elementor-icon-box-description\">\n\t\t\t\t\t\t\u0141\u0105cz\u0105c wszystkie funkcje w jednym monobloku, te maszyny znacz\u0105co oszcz\u0119dzaj\u0105 przestrze\u0144 i czas, jednocze\u015bnie zmniejszaj\u0105c punkty transferu produktu oraz ryzyko zanieczyszczenia.\t\t\t\t\t<\/p>\n\t\t\t\t\n\t\t\t<\/div>\n\t\t\t\n\t\t<\/div>\n\t\t\t\t\t\t<\/div>\n\t\t\t\t<\/div>\n\t\t<div class=\"elementor-element elementor-element-36584c32 brown-hover e-con-full e-flex e-con e-child\" data-id=\"36584c32\" data-element_type=\"container\" data-e-type=\"container\" data-settings=\"{&quot;background_background&quot;:&quot;classic&quot;}\">\n\t\t\t\t<div class=\"elementor-element elementor-element-474eed9e elementor-widget elementor-widget-icon-box\" data-id=\"474eed9e\" data-element_type=\"widget\" data-e-type=\"widget\" data-widget_type=\"icon-box.default\">\n\t\t\t\t\t\t\t<div class=\"elementor-icon-box-wrapper\">\n\n\t\t\t\n\t\t\t\t\t\t<div class=\"elementor-icon-box-content\">\n\n\t\t\t\t\t\t\t\t\t<h3 class=\"elementor-icon-box-title\">\n\t\t\t\t\t\t<span  >\n\t\t\t\t\t\t\tPrzyjazne dla u\u017cytkownika elementy steruj\u0105ce\t\t\t\t\t\t<\/span>\n\t\t\t\t\t<\/h3>\n\t\t\t\t\n\t\t\t\t\t\t\t\t\t<p class=\"elementor-icon-box-description\">\n\t\t\t\t\t\tZaawansowane sterowniki Siemens PLC i ekrany dotykowe umo\u017cliwiaj\u0105 \u0142atwe zmiany receptur, wykrywanie b\u0142\u0119d\u00f3w i monitoring w czasie rzeczywistym, dzi\u0119ki czemu regulacje i rozwi\u0105zywanie problem\u00f3w staj\u0105 si\u0119 niezwykle proste.\t\t\t\t\t<\/p>\n\t\t\t\t\n\t\t\t<\/div>\n\t\t\t\n\t\t<\/div>\n\t\t\t\t\t\t<\/div>\n\t\t\t\t<\/div>\n\t\t\t\t<\/div>\n\t\t\t\t<\/div>\n\t\t\t\t\t<\/div>\n\t\t\t\t<\/div>\n\t\t<div class=\"elementor-element elementor-element-786a36ea e-flex e-con-boxed e-con e-parent\" data-id=\"786a36ea\" data-element_type=\"container\" data-e-type=\"container\" data-settings=\"{&quot;background_background&quot;:&quot;classic&quot;}\">\n\t\t\t\t\t<div class=\"e-con-inner\">\n\t\t<div class=\"elementor-element elementor-element-52da31d e-con-full e-flex e-con e-child\" data-id=\"52da31d\" data-element_type=\"container\" data-e-type=\"container\">\n\t\t<div class=\"elementor-element elementor-element-3408790a e-grid e-con-full e-con e-child\" data-id=\"3408790a\" data-element_type=\"container\" data-e-type=\"container\">\n\t\t<div class=\"elementor-element elementor-element-42c21c4a e-con-full e-flex e-con e-child\" data-id=\"42c21c4a\" data-element_type=\"container\" data-e-type=\"container\">\n\t\t\t\t<div class=\"elementor-element elementor-element-73368325 elementor-widget elementor-widget-heading\" data-id=\"73368325\" data-element_type=\"widget\" data-e-type=\"widget\" data-widget_type=\"heading.default\">\n\t\t\t\t\t<p class=\"elementor-heading-title elementor-size-default\">G\u0142\u00f3wne parametry maszyny<\/p>\t\t\t\t<\/div>\n\t\t\t\t<div class=\"elementor-element elementor-element-2e607eff elementor-widget elementor-widget-heading\" data-id=\"2e607eff\" data-element_type=\"widget\" data-e-type=\"widget\" data-widget_type=\"heading.default\">\n\t\t\t\t\t<h3 class=\"elementor-heading-title elementor-size-default\"><a href=\"https:\/\/www.npack.com.cn\/allproducts\/monoblock-filling-capping-machine\" target=\"_blank\" monoblock=\"\">Maszyna do nape\u0142niania i zamykania fiolek <\/a><\/h3>\t\t\t\t<\/div>\n\t\t\t\t<div class=\"elementor-element elementor-element-75c94e87 elementor-widget-divider--view-line elementor-widget elementor-widget-divider\" data-id=\"75c94e87\" data-element_type=\"widget\" data-e-type=\"widget\" data-widget_type=\"divider.default\">\n\t\t\t\t\t\t\t<div class=\"elementor-divider\">\n\t\t\t<span class=\"elementor-divider-separator\">\n\t\t\t\t\t\t<\/span>\n\t\t<\/div>\n\t\t\t\t\t\t<\/div>\n\t\t\t\t<div class=\"elementor-element elementor-element-6a603853 elementor-widget elementor-widget-text-editor\" data-id=\"6a603853\" data-element_type=\"widget\" data-e-type=\"widget\" data-widget_type=\"text-editor.default\">\n\t\t\t\t\t\t\t\t\t<p>Podsumowuj\u0105c, automatyczne maszyny monoblokowe do nape\u0142niania cieczy, wk\u0142adania kork\u00f3w wewn\u0119trznych i zakr\u0119cania to idealne rozwi\u0105zanie do usprawnionego, wysokiej jako\u015bci pakowania \u2013 zw\u0142aszcza gdy zale\u017cy Ci na oszcz\u0119dno\u015bci miejsca i wydajno\u015bci operacyjnej.<\/p>\t\t\t\t\t\t\t\t<\/div>\n\t\t\t\t<div class=\"elementor-element elementor-element-e610314 elementor-widget elementor-widget-text-editor\" data-id=\"e610314\" data-element_type=\"widget\" data-e-type=\"widget\" data-widget_type=\"text-editor.default\">\n\t\t\t\t\t\t\t\t\t<p>Wydajno\u015b\u0107 tej maszyny monoblokowej zale\u017cy od liczby dysz nape\u0142niaj\u0105cych i g\u0142owic zakr\u0119caj\u0105cych, przy czym maksymalna pr\u0119dko\u015b\u0107 mo\u017ce osi\u0105gn\u0105\u0107 80 sztuk\/minut\u0119. Ta elastyczno\u015b\u0107 pozwala na dopasowanie do wymaga\u0144 produkcyjnych \u2013 niezale\u017cnie od tego, czy pracujesz w kompaktowej konfiguracji przy ograniczonej przestrzeni, czy zwi\u0119kszasz skal\u0119 w celu zaspokojenia wi\u0119kszego popytu.<\/p><table width=\"409\"><tbody><tr><td width=\"182\"><p><strong>Model<\/strong><\/p><\/td><td width=\"227\"><p>NP-MFC<\/p><\/td><\/tr><tr><td width=\"182\"><p><strong>Dysze nape\u0142niaj\u0105ce<\/strong><\/p><\/td><td width=\"227\"><p>1, 2 lub 4 dysze<\/p><\/td><\/tr><tr><td width=\"182\"><p><strong>G\u0142owice zakr\u0119caj\u0105ce<\/strong><\/p><\/td><td width=\"227\"><p>1 lub 2<\/p><\/td><\/tr><tr><td width=\"182\"><p><strong>Zdolno\u015b\u0107 produkcyjna<\/strong><\/p><\/td><td width=\"227\"><p>1800-4800BPH<\/p><\/td><\/tr><tr><td width=\"182\"><p><strong>Obj\u0119to\u015b\u0107 nape\u0142niania<\/strong><\/p><\/td><td width=\"227\"><p>5-100ML<\/p><\/td><\/tr><tr><td width=\"182\"><p><strong>Moc<\/strong><\/p><\/td><td width=\"227\"><p>1500W, 380VAC 3p<\/p><\/td><\/tr><tr><td width=\"182\"><p><strong>Dok\u0142adno\u015b\u0107<\/strong><\/p><\/td><td width=\"227\"><p>&lt;\u00b10,5 ml<\/p><\/td><\/tr><tr><td width=\"182\"><p><strong>Nap\u0119d<\/strong><\/p><\/td><td width=\"227\"><p>Silnik serwo<\/p><\/td><\/tr><tr><td width=\"182\"><p><strong>Interfejs<\/strong><\/p><\/td><td width=\"227\"><p>Ekran dotykowy<\/p><\/td><\/tr><\/tbody><\/table>\t\t\t\t\t\t\t\t<\/div>\n\t\t\t\t<div class=\"elementor-element elementor-element-c20878a elementor-mobile-align-center home-cta-1 elementor-widget elementor-widget-button\" data-id=\"c20878a\" data-element_type=\"widget\" data-e-type=\"widget\" data-widget_type=\"button.default\">\n\t\t\t\t\t\t\t\t\t\t<a class=\"elementor-button elementor-button-link elementor-size-sm\" href=\"https:\/\/www.npackpm.com\/pl\/contact\" target=\"_blank\">\n\t\t\t\t\t\t<span class=\"elementor-button-content-wrapper\">\n\t\t\t\t\t\t\t\t\t<span class=\"elementor-button-text\">Zapytaj Nas<\/span>\n\t\t\t\t\t<\/span>\n\t\t\t\t\t<\/a>\n\t\t\t\t\t\t\t\t<\/div>\n\t\t\t\t<\/div>\n\t\t<div class=\"elementor-element elementor-element-2124b01d e-con-full e-flex e-con e-child\" data-id=\"2124b01d\" data-element_type=\"container\" data-e-type=\"container\" data-settings=\"{&quot;background_background&quot;:&quot;classic&quot;}\">\n\t\t\t\t<\/div>\n\t\t\t\t<\/div>\n\t\t\t\t<\/div>\n\t\t\t\t\t<\/div>\n\t\t\t\t<\/div>\n\t\t\t\t<\/div>","protected":false},"excerpt":{"rendered":"<p>NP-MFC Monoblock Vial Filling, Inner Plugging, and Capping Machine The NP-MFC Monoblock Vial Filling, Inner Plugging, and Capping Machine is a compact vial bottling solution combining filling, Plugging and capping\/sealing in one machine. After years development of packaging industry , and upgrade of the packaging rules, we add rinsing\/washing function on this monoblock as an [&hellip;]<\/p>\n","protected":false},"author":1,"featured_media":5409,"parent":2843,"menu_order":0,"comment_status":"closed","ping_status":"closed","template":"","meta":{"footnotes":""},"categories":[20],"tags":[],"class_list":["post-5408","page","type-page","status-publish","has-post-thumbnail","hentry","category-product"],"blocksy_meta":[],"aioseo_notices":[],"_links":{"self":[{"href":"https:\/\/www.npackpm.com\/pl\/wp-json\/wp\/v2\/pages\/5408","targetHints":{"allow":["GET"]}}],"collection":[{"href":"https:\/\/www.npackpm.com\/pl\/wp-json\/wp\/v2\/pages"}],"about":[{"href":"https:\/\/www.npackpm.com\/pl\/wp-json\/wp\/v2\/types\/page"}],"author":[{"embeddable":true,"href":"https:\/\/www.npackpm.com\/pl\/wp-json\/wp\/v2\/users\/1"}],"replies":[{"embeddable":true,"href":"https:\/\/www.npackpm.com\/pl\/wp-json\/wp\/v2\/comments?post=5408"}],"version-history":[{"count":31,"href":"https:\/\/www.npackpm.com\/pl\/wp-json\/wp\/v2\/pages\/5408\/revisions"}],"predecessor-version":[{"id":5441,"href":"https:\/\/www.npackpm.com\/pl\/wp-json\/wp\/v2\/pages\/5408\/revisions\/5441"}],"up":[{"embeddable":true,"href":"https:\/\/www.npackpm.com\/pl\/wp-json\/wp\/v2\/pages\/2843"}],"wp:featuredmedia":[{"embeddable":true,"href":"https:\/\/www.npackpm.com\/pl\/wp-json\/wp\/v2\/media\/5409"}],"wp:attachment":[{"href":"https:\/\/www.npackpm.com\/pl\/wp-json\/wp\/v2\/media?parent=5408"}],"wp:term":[{"taxonomy":"category","embeddable":true,"href":"https:\/\/www.npackpm.com\/pl\/wp-json\/wp\/v2\/categories?post=5408"},{"taxonomy":"post_tag","embeddable":true,"href":"https:\/\/www.npackpm.com\/pl\/wp-json\/wp\/v2\/tags?post=5408"}],"curies":[{"name":"wp","href":"https:\/\/api.w.org\/{rel}","templated":true}]}}